{"id":2642,"date":"2026-04-09T17:44:17","date_gmt":"2026-04-09T17:44:17","guid":{"rendered":"https:\/\/beauty-glow.md\/?page_id=2642"},"modified":"2026-04-09T19:29:13","modified_gmt":"2026-04-09T19:29:13","slug":"politica-de-confidentialitate","status":"publish","type":"page","link":"https:\/\/beauty-glow.md\/ro\/politica-de-confidentialitate\/","title":{"rendered":"Politica de confiden\u021bialitate"},"content":{"rendered":"<div class=\"banner has-hover hide-for-small\" id=\"banner-921457786\">\n          <div class=\"banner-inner fill\">\n        <div class=\"banner-bg fill\" >\n            <img decoding=\"async\" width=\"1920\" height=\"575\" src=\"https:\/\/beauty-glow.md\/wp-content\/uploads\/2024\/01\/Header-Dekstop.jpg\" class=\"bg attachment-original size-original\" alt=\"Header Dekstop\" title=\"\">                        <div class=\"overlay\"><\/div>            \n                    <\/div>\n\t\t\n        <div class=\"banner-layers container\">\n            <div class=\"fill banner-link\"><\/div>            \n   <div id=\"text-box-160437825\" class=\"text-box banner-layer x0 md-x0 lg-x0 y100 md-y100 lg-y100 res-text\">\n                     <div data-animate=\"bounceInLeft\">           <div class=\"text-box-content text dark\">\n              \n              <div class=\"text-inner text-left\">\n                  \n\t<div id=\"text-2055602103\" class=\"text\">\n\t\t\n\n<h1>Politica de confiden\u021bialitate<\/h1>\n\n\t\t\n<style>\n#text-2055602103 {\n  font-size: 0.75rem;\n}\n@media (min-width:550px) {\n  #text-2055602103 {\n    font-size: 1rem;\n  }\n}\n<\/style>\n\t<\/div>\n\t\n              <\/div>\n           <\/div>\n       <\/div>                     \n<style>\n#text-box-160437825 {\n  width: 100%;\n}\n#text-box-160437825 .text-box-content {\n  font-size: 80%;\n}\n@media (min-width:550px) {\n  #text-box-160437825 {\n    width: 90%;\n  }\n  #text-box-160437825 .text-box-content {\n    font-size: 100%;\n  }\n}\n<\/style>\n    <\/div>\n \n        <\/div>\n      <\/div>\n\n            \n<style>\n#banner-921457786 {\n  padding-top: 90%;\n}\n#banner-921457786 .overlay {\n  background-color: rgba(0,0,0,.5);\n}\n#banner-921457786 .banner-bg img {\n  object-position: 50% 100%;\n}\n@media (min-width:550px) {\n  #banner-921457786 {\n    padding-top: 400px;\n  }\n}\n<\/style>\n  <\/div>\n\n\n\n\t<section class=\"section\" id=\"section_1600701590\">\n\t\t<div class=\"section-bg fill\" >\n\t\t\t\t\t\t\t\t\t\n\t\t\t\n\n\t\t<\/div>\n\n\t\t\n\n\t\t<div class=\"section-content relative\">\n\t\t\t\n<div class=\"row\"  id=\"row-2031883941\">\n\n\t<div id=\"col-1837678349\" class=\"col small-12 large-12\"  >\n\t\t\t\t<div class=\"col-inner\"  >\n\t\t\t\n\t\t\t\n<p data-start=\"645\" data-end=\"687\">\n<h2 data-start=\"4543\" data-end=\"4640\"><strong data-start=\"4543\" data-end=\"4561\">1. Introducere<\/strong><\/h2>\n<p data-start=\"4543\" data-end=\"4640\">Aceast\u0103 politic\u0103 de confiden\u021bialitate explic\u0103 modul \u00een care <a href=\"https:\/\/beauty-glow.md\/\">Beauty Glow<\/a> colecteaz\u0103, utilizeaz\u0103 \u0219i protejeaz\u0103 datele personale ale utilizatorilor.<\/p>\n<p data-start=\"4543\" data-end=\"4640\">\u00cen conformitate cu prevederile Legii Nr.133\/2011 privind protec\u021bia datelor cu caracter personal, noi prelucr\u0103m date cu caracter personal. Datele cu caracter personal sunt prelucrate cu buna-credin\u021b\u0103 \u0219i se face \u00een temeiul \u0219i \u00een conformitate cu prevederile legale. Prelucrarea datelor cu caracter personal se realizeaz\u0103 prin mijloace mixte (automate \u0219i manuale), cu respectarea cerin\u021belor legale \u0219i \u00een condi\u021bii care s\u0103 asigure securitatea, confiden\u021bialitatea \u0219i respectarea drepturilor persoanelor vizate.<\/p>\n<h2 data-start=\"4642\" data-end=\"4665\"><strong data-start=\"4642\" data-end=\"4663\">2. Date colectate<\/strong><\/h2>\n<p>Colect\u0103m \u0219i prelucr\u0103m doar datele cu caracter personal furnizate de consumatori la plasarea unei comenzi:<\/p>\n<ul data-start=\"4666\" data-end=\"4738\">\n<li data-section-id=\"12adqan\" data-start=\"4666\" data-end=\"4685\">Nume \u0219i prenume<\/li>\n<li data-section-id=\"1dujehj\" data-start=\"4686\" data-end=\"4697\">Telefon<\/li>\n<li data-section-id=\"1i0gtyc\" data-start=\"4698\" data-end=\"4707\">Email<\/li>\n<li data-section-id=\"s6cl9m\" data-start=\"4708\" data-end=\"4718\">Adres\u0103<\/li>\n<\/ul>\n<p>Nu colect\u0103m informa\u021bii legate de tranzac\u021bii, cum ar fi num\u0103rul cardului, data expir\u0103rii, \u021bara de origine.<\/p>\n<h2 data-start=\"4740\" data-end=\"4766\"><strong data-start=\"4740\" data-end=\"4764\">3. Scopul colect\u0103rii<\/strong><\/h2>\n<p>Datele cu caracter personal sunt utilizate exclusiv \u00een scopul administr\u0103rii site-ului web, oferirii accesului la informa\u021bii specializate, livr\u0103rii comenzilor sau contact\u0103rii consumatorilor pentru livrare. Aceste informa\u021bii notific\u0103 utilizatorii \u0219i consumatorii c\u0103 datele lor cu caracter personal (nume, prenume, num\u0103r de telefon, adres\u0103 \u0219i adres\u0103 po\u0219tal\u0103) vor fi prelucrate \u0219i utilizate. Prelucr\u0103m datele cu caracter personal ale utilizatorilor \u0219i consumatorilor furnizate de ace\u0219tia \u00een timpul navig\u0103rii, utiliz\u0103rii \u0219i \u00eenregistr\u0103rii pe site-ul web beauty-glow.md \u00een urm\u0103toarele scopuri:<\/p>\n<ul data-start=\"4767\" data-end=\"4849\">\n<li data-section-id=\"vaoy3z\" data-start=\"4767\" data-end=\"4792\">procesarea comenzilor<\/li>\n<li data-section-id=\"b1tf3z\" data-start=\"4793\" data-end=\"4804\">livrare<\/li>\n<li data-section-id=\"e1sozy\" data-start=\"4805\" data-end=\"4819\">comunicare<\/li>\n<li data-section-id=\"s8fhbf\" data-start=\"4820\" data-end=\"4849\">\u00eembun\u0103t\u0103\u021birea serviciilor<\/li>\n<\/ul>\n<div>Orice informa\u021bie furnizat\u0103 de utilizatorii \u0219i consumatorii site-ului web beauty-glow.md va fi considerat\u0103 \u0219i constituie consim\u021b\u0103m\u00e2nt explicit pentru utilizarea datelor cu caracter personal de c\u0103tre Furnizor.<\/div>\n<div><\/div>\n<div>Furnizorul nu va divulga nicio dat\u0103 stocat\u0103 c\u0103tre ter\u021bi f\u0103r\u0103 consim\u021b\u0103m\u00e2ntul persoanelor vizate \u0219i nu va vinde, schimba sau divulga aceste date c\u0103tre ter\u021bi, cu excep\u021bia cazurilor prev\u0103zute de legisla\u021bia aplicabil\u0103 (la cererea agen\u021biilor guvernamentale, a agen\u021biilor de aplicare a legii sau a instan\u021belor judec\u0103tore\u0219ti, inclusiv a celor autorizate s\u0103 prelucreze date cu caracter personal).<\/div>\n<div><\/div>\n<div>Datele cu caracter personal pot fi, de asemenea, prelucrate \u0219i utilizate de c\u0103tre Furnizor \u00een scopuri statistice \u0219i publicitare ulterioare.<\/div>\n<h2 data-start=\"4851\" data-end=\"4909\"><strong data-start=\"4851\" data-end=\"4876\">4. Partajarea datelor<\/strong><\/h2>\n<p data-start=\"4851\" data-end=\"4909\">Datele pot fi transmise c\u0103tre:<\/p>\n<ul data-start=\"4910\" data-end=\"4958\">\n<li data-section-id=\"1vuma4m\" data-start=\"4910\" data-end=\"4933\">servicii de livrare<\/li>\n<li data-section-id=\"14cpo1p\" data-start=\"4934\" data-end=\"4958\">procesatori de pl\u0103\u021bi<\/li>\n<\/ul>\n<div>Respect\u0103m cerin\u021bele de securitate a datelor cu caracter personal \u0219i asigur\u0103m protec\u021bia datelor consumatorilor prin prevenirea pierderii, distrugerii, denatur\u0103rii\/falsific\u0103rii sau divulg\u0103rii acestora c\u0103tre ter\u021bi.<\/div>\n<div><\/div>\n<div>Angaja\u021bii no\u0219tri sunt obliga\u021bi s\u0103 p\u0103streze confiden\u021bialitatea datelor cu caracter personal ale consumatorilor. Datele cu caracter personal sunt prelucrate de reprezentantul nostru autorizat.<\/div>\n<h2 data-start=\"4989\" data-end=\"5047\"><strong data-start=\"4989\" data-end=\"5003\">5. Stocare<\/strong><\/h2>\n<p data-start=\"4989\" data-end=\"5047\">Datele sunt p\u0103strate conform legisla\u021biei.<\/p>\n<h2 data-start=\"5049\" data-end=\"5103\"><strong data-start=\"5049\" data-end=\"5081\">6. Drepturile utilizatorului<\/strong><\/h2>\n<p data-start=\"5049\" data-end=\"5103\">Utilizatorul poate:<\/p>\n<ul data-start=\"5104\" data-end=\"5180\">\n<li data-section-id=\"1re4tbt\" data-start=\"5104\" data-end=\"5122\">solicita acces<\/li>\n<li data-section-id=\"ni8j48\" data-start=\"5123\" data-end=\"5153\">modifica sau \u0219terge datele<\/li>\n<li data-section-id=\"1ieihln\" data-start=\"5154\" data-end=\"5180\">retrage consim\u021b\u0103m\u00e2ntul<\/li>\n<\/ul>\n<h2 data-start=\"5182\" data-end=\"5240\"><strong data-start=\"5182\" data-end=\"5199\">7. Securitate<\/strong><\/h2>\n<p data-start=\"5182\" data-end=\"5240\">Folosim metode \u0219i tehnologii de securitate \u00een conformitate cu legisla\u021bia \u00een vigoare.<\/p>\n<h2 data-start=\"5242\" data-end=\"5304\"><strong data-start=\"5242\" data-end=\"5256\">8. Cookies<\/strong><\/h2>\n<p data-start=\"5242\" data-end=\"5304\">Folosim cookies pentru o experien\u021b\u0103 mai bun\u0103.<\/p>\n<h2 data-start=\"5306\" data-end=\"5383\"><strong data-start=\"5306\" data-end=\"5320\">9. Contact<\/strong><\/h2>\n<p data-start=\"5306\" data-end=\"5383\">Pentru informa\u021bii mai detaliate, orice persoan\u0103 interesat\u0103 ne poate contacta prin e-mail la adresa contact@beauty-glow.md sau telefonic la num\u0103rul +373 69511191.<\/p>\n<p data-start=\"2290\" data-end=\"2392\">\n\t\t<\/div>\n\t\t\t\t\n<style>\n#col-1837678349 > .col-inner {\n  padding: 30px 30px 30px 30px;\n}\n<\/style>\n\t<\/div>\n\n\t\n\n<style>\n#row-2031883941 > .col > .col-inner {\n  background-color: rgba(213, 184, 184, 0.5);\n  border-radius: 20px;\n}\n<\/style>\n<\/div>\n\t\t<\/div>\n\n\t\t\n<style>\n#section_1600701590 {\n  padding-top: 30px;\n  padding-bottom: 30px;\n}\n<\/style>\n\t<\/section>","protected":false},"excerpt":{"rendered":"","protected":false},"author":1,"featured_media":269,"parent":0,"menu_order":0,"comment_status":"closed","ping_status":"closed","template":"","meta":{"footnotes":""},"class_list":["post-2642","page","type-page","status-publish","has-post-thumbnail","hentry"],"_links":{"self":[{"href":"https:\/\/beauty-glow.md\/ro\/wp-json\/wp\/v2\/pages\/2642","targetHints":{"allow":["GET"]}}],"collection":[{"href":"https:\/\/beauty-glow.md\/ro\/wp-json\/wp\/v2\/pages"}],"about":[{"href":"https:\/\/beauty-glow.md\/ro\/wp-json\/wp\/v2\/types\/page"}],"author":[{"embeddable":true,"href":"https:\/\/beauty-glow.md\/ro\/wp-json\/wp\/v2\/users\/1"}],"replies":[{"embeddable":true,"href":"https:\/\/beauty-glow.md\/ro\/wp-json\/wp\/v2\/comments?post=2642"}],"version-history":[{"count":6,"href":"https:\/\/beauty-glow.md\/ro\/wp-json\/wp\/v2\/pages\/2642\/revisions"}],"predecessor-version":[{"id":2656,"href":"https:\/\/beauty-glow.md\/ro\/wp-json\/wp\/v2\/pages\/2642\/revisions\/2656"}],"wp:featuredmedia":[{"embeddable":true,"href":"https:\/\/beauty-glow.md\/ro\/wp-json\/wp\/v2\/media\/269"}],"wp:attachment":[{"href":"https:\/\/beauty-glow.md\/ro\/wp-json\/wp\/v2\/media?parent=2642"}],"curies":[{"name":"wp","href":"https:\/\/api.w.org\/{rel}","templated":true}]}}