{"id":2649,"date":"2026-04-09T17:55:10","date_gmt":"2026-04-09T17:55:10","guid":{"rendered":"https:\/\/beauty-glow.md\/?page_id=2649"},"modified":"2026-04-09T19:18:30","modified_gmt":"2026-04-09T19:18:30","slug":"termeni-si-conditii","status":"publish","type":"page","link":"https:\/\/beauty-glow.md\/ro\/termeni-si-conditii\/","title":{"rendered":"Termeni \u0219i Condi\u021bii"},"content":{"rendered":"<div class=\"banner has-hover hide-for-small\" id=\"banner-1086221951\">\n          <div class=\"banner-inner fill\">\n        <div class=\"banner-bg fill\" >\n            <img decoding=\"async\" width=\"1920\" height=\"575\" src=\"https:\/\/beauty-glow.md\/wp-content\/uploads\/2024\/01\/Header-Dekstop.jpg\" class=\"bg attachment-original size-original\" alt=\"Header Dekstop\" title=\"\">                        <div class=\"overlay\"><\/div>            \n                    <\/div>\n\t\t\n        <div class=\"banner-layers container\">\n            <div class=\"fill banner-link\"><\/div>            \n   <div id=\"text-box-1552545531\" class=\"text-box banner-layer x0 md-x0 lg-x0 y100 md-y100 lg-y100 res-text\">\n                     <div data-animate=\"bounceInLeft\">           <div class=\"text-box-content text dark\">\n              \n              <div class=\"text-inner text-left\">\n                  \n\t<div id=\"text-2403871894\" class=\"text\">\n\t\t\n\n<h1>Termeni \u0219i Condi\u021bii<\/h1>\n\n\t\t\n<style>\n#text-2403871894 {\n  font-size: 0.75rem;\n}\n@media (min-width:550px) {\n  #text-2403871894 {\n    font-size: 1rem;\n  }\n}\n<\/style>\n\t<\/div>\n\t\n              <\/div>\n           <\/div>\n       <\/div>                     \n<style>\n#text-box-1552545531 {\n  width: 100%;\n}\n#text-box-1552545531 .text-box-content {\n  font-size: 80%;\n}\n@media (min-width:550px) {\n  #text-box-1552545531 {\n    width: 90%;\n  }\n  #text-box-1552545531 .text-box-content {\n    font-size: 100%;\n  }\n}\n<\/style>\n    <\/div>\n \n        <\/div>\n      <\/div>\n\n            \n<style>\n#banner-1086221951 {\n  padding-top: 90%;\n}\n#banner-1086221951 .overlay {\n  background-color: rgba(0,0,0,.5);\n}\n#banner-1086221951 .banner-bg img {\n  object-position: 50% 100%;\n}\n@media (min-width:550px) {\n  #banner-1086221951 {\n    padding-top: 400px;\n  }\n}\n<\/style>\n  <\/div>\n\n\n\n\t<section class=\"section\" id=\"section_57355445\">\n\t\t<div class=\"section-bg fill\" >\n\t\t\t\t\t\t\t\t\t\n\t\t\t\n\n\t\t<\/div>\n\n\t\t\n\n\t\t<div class=\"section-content relative\">\n\t\t\t\n<div class=\"row\"  id=\"row-1517933009\">\n\n\t<div id=\"col-1927659860\" class=\"col small-12 large-12\"  >\n\t\t\t\t<div class=\"col-inner\"  >\n\t\t\t\n\t\t\t\n<p data-start=\"645\" data-end=\"687\">\n<p data-start=\"443\" data-end=\"622\">Prezen\u021bii Termeni \u0219i Condi\u021bii reglementeaz\u0103 utilizarea magazinului online<a href=\"https:\/\/beauty-glow.md\/ro\/\"> <strong data-start=\"517\" data-end=\"535\">beauty-glow.md<\/strong><\/a> \u0219i sunt aplicabile comenzilor pentru achizi\u021bionarea produselor oferite de Beauty Glow.<\/p>\n<p data-start=\"624\" data-end=\"761\">Magazinul comercializeaz\u0103 produse profesionale pentru \u00eengrijirea p\u0103rului: \u0219ampoane, m\u0103\u0219ti, tratamente, produse pentru styling \u0219i vopsire.<\/p>\n<p data-start=\"3416\" data-end=\"3564\">Pentru folosirea \u00een bune condi\u021bii a site-ului, v\u0103 recomand\u0103m familiarizarea cu aten\u021bie a Termenilor \u0219i Condi\u021biilor prezentate. Ne rezerv\u0103m dreptul de a face modific\u0103ri ale acestor prevederi, f\u0103r\u0103 o notificare prealabil\u0103.<\/p>\n<h2 data-start=\"3416\" data-end=\"3564\"><strong>1. DISPOZI\u021aII GENERALE<\/strong><\/h2>\n<p data-start=\"3416\" data-end=\"3564\">Acest site este de\u021binut de BOUTIQUE 120 SRL. La \u00eenregistrarea comenzii in magazinul online, Cump\u0103r\u0103torul accepta Termeni si Condi\u021biile de v\u00e2nzare a bunurilor\/produselor \u0219i\/sau prestare a serviciilor care sunt baza\u021bi pe legisla\u021bia RM (in continuare \u2013 Termeni \u0219i Condi\u021bii) prezentate mai jos.<\/p>\n<p data-start=\"3416\" data-end=\"3564\">Utilizarea website-ului presupune acceptarea Termeni si Condi\u021bii propuse de c\u0103tre BOUTIQUE 120 SRL, \u00een conformitate cu Legea nr.284\/2004 privind Comer\u021bul Electronic. Rela\u021biile dintre client si v\u00e2nz\u0103tor sunt stabilite \u00een baza Legii nr.105\/2003 cu privire la Protec\u021bia drepturilor consumatorului, si a altor acte normative adoptate \u00een conformitate cu aceasta.<\/p>\n<p data-start=\"3416\" data-end=\"3564\">V\u00e2nz\u0103torul \u00ee\u0219i rezerva dreptul de a modifica Termenii si Condi\u021biile date, iar Cump\u0103r\u0103torul este obligat sa monitorizeze modific\u0103rile.<\/p>\n<h2 data-start=\"3416\" data-end=\"3564\"><strong>2. PROTEC\u021aIA DATELOR CU CARACTER PERSONAL<\/strong><\/h2>\n<p data-start=\"3416\" data-end=\"3564\">Prin utilizarea site-ului <a href=\"https:\/\/beauty-glow.md\/ro\/\"><strong data-start=\"517\" data-end=\"535\">beauty-glow.md<\/strong><\/a>, sunte\u021bi de acord \u00een mod automat cu colectarea \u0219i prelucrarea datelor cu caracter personal, care sunt necesare pentru procesarea\/confirmarea\/executarea comenzilor. Datele personale se prelucreaz\u0103 doar pentru scopuri legitime, precum acela de a furniza produsele pe care le comanzi, promo\u021bii, google analytics, cookies \u0219i notific\u0103ri\\newsletter.<\/p>\n<p data-start=\"3416\" data-end=\"3564\">Toat\u0103 informa\u021bia ce con\u021bine date cu caracter personal este stocat\u0103 \u0219i utilizat\u0103 doar pentru perioada necesar\u0103 atingerii scopurilor pentru care a fost colectat\u0103 \u0219i \u00een conformitate cu prevederile stabilite de Legea nr. 133\/2011 privind protec\u021bia datelor cu caracter personal.<\/p>\n<p data-start=\"3416\" data-end=\"3564\">Noi folosim m\u0103suri de securitate comerciale pentru a preveni accesul neautorizat, men\u021binerea exactit\u0103\u021bii date-lor \u0219i pentru asigurarea utiliz\u0103rii corecte a informa\u021biei de pe site. Transmiterea datelor pe internet sau prin re\u021bea wireless nu poate fi protejata \u00een totalitate. Prin urmare, la fel ca alte companii, noi nu putem garanta securitatea informa\u021biei pe care o ofer\u0103 Cump\u0103r\u0103torului, astfel, el va face acest lucru pe propria r\u0103spundere.<\/p>\n<h2 data-start=\"3416\" data-end=\"3564\"><strong>3. \u00ceNREGISTRAREA \u0218I ACHITAREA COMENZII<\/strong><\/h2>\n<p data-start=\"3416\" data-end=\"3564\">Achitarea comenzilor este posibil\u0103 cu cardul de plat\u0103 \u2013 la primirea comenzii ve\u021bi primi bonul fiscal ce va confirma plata. Plata online se face \u00een condi\u021bii de siguran\u021ba maxima folosind ca instrument de plat\u0103 cardul de plat\u0103, care permite efectuarea de tranzac\u021bii online. Dup\u0103 efectuarea pl\u0103\u021bii ve\u021bi primi o confirmare de plata pe adresa dvs. de email.<\/p>\n<p data-start=\"3416\" data-end=\"3564\">Procesatorul de plata folose\u0219te un sistem securizat, bazat pe ultima versiunea a standardului de securitate 3D-Secure ceea ce \u00eenseamn\u0103 o nou\u0103 abordare global\u0103 a autentific\u0103rii cump\u0103r\u0103torilor \u00een tranzac\u021bii sigure online. Aceasta m\u0103sura de siguran\u021ba presupune redirec\u021bionarea utilizatorului \u00een momentul efectu\u0103rii pla\u021bii pe o pagina securizata <a href=\"https:\/\/www.maib.md\/\" target=\"_blank\" rel=\"noopener\">maib<\/a> unde autentificarea fiec\u0103rui de\u021bin\u0103tor de card se face prin atribuirea unui cod de unic\u0103 folosin\u021be pentru fiecare tranzac\u021bie online.<\/p>\n<p data-start=\"3416\" data-end=\"3564\">Rambursarea mijloacelor b\u0103ne\u0219ti se efectueaz\u0103 doar pe cardul de plat\u0103 care a fost folosit pentru achizi\u021bie.<\/p>\n<p data-start=\"3416\" data-end=\"3564\">Pentru a efectua o plat\u0103, va trebui s\u0103 introduce\u021bi detaliile cardului dvs. bancar. Transferul acestor informa\u021bii se face \u00een conformitate cu toate m\u0103surile de securitate necesare. Informa\u021biile sunt transmise \u00een form\u0103 criptat\u0103 \u0219i sunt stocate numai pe un server specializat al sistemului de pl\u0103\u021bi.<\/p>\n<p>Pentru efectuarea pl\u0103\u021bii vor fi solicitate urm\u0103toarele date:<\/p>\n<ul>\n<li>Num\u0103rul cardului (16 cifre)<\/li>\n<li>Data expir\u0103rii (luna \u0219i anul)<\/li>\n<li>Codul CVC sau CVV (3 cifre)<\/li>\n<li>Numele \u0219i prenumele de pe cardul de plat\u0103<\/li>\n<\/ul>\n<p data-start=\"3416\" data-end=\"3564\">\u00cen cazul \u00een care valuta cardului difer\u0103 de valuta tranzac\u021biei (MDL), atunci la convertirea sumei re\u021binute din contul de card se vor aplica condi\u021biile b\u0103ncii emitente.<\/p>\n<h2 data-start=\"3416\" data-end=\"3564\"><strong>4. LIVRAREA PRODUSELOR \/ M\u0102RFURILOR \/ SERVICIILOR<\/strong><\/h2>\n<p data-start=\"3416\" data-end=\"3564\">Dup\u0103 \u00eenregistrarea comenzii, cump\u0103r\u0103torului i se ofer\u0103 informa\u021bia privind data preconizat\u0103 de transmitere a comenzii de c\u0103tre curieri \/ serviciul de livrare.<\/p>\n<p data-start=\"3416\" data-end=\"3564\">Livrarea \u00een raza mun. Chi\u0219in\u0103u se efectueaz\u0103 \u00een timp de la 24 la 72 (zile lucr\u0103toare) din momentul plas\u0103rii comenzii, \u00een func\u021bie de regiune. Livrarea este gratuit\u0103 pentru comenzi de minim 1200 MDL, pentru comenzi cu valoare mai mic\u0103 se achit\u0103 livrarea 50 MDL, care va fi inclus\u0103 \u00een suma total\u0103 a tranzac\u021biei\/comenzii.<\/p>\n<p data-start=\"3416\" data-end=\"3564\">Livrarea pe teritoriul R.Moldova se efectueaz\u0103 \u00een timp de la 24 la 72 (zile lucr\u0103toare) din momentul plas\u0103rii comenzii, \u00een func\u021bie de regiune. Livrarea este gratuit\u0103 pentru comenzi de minim 1200 MDL, pentru comenzi cu valoare mai mic\u0103 se achit\u0103 livrarea 80-120 MDL, care va fi inclus\u0103 \u00een suma total\u0103 a tranzac\u021biei\/comenzii.<\/p>\n<p data-start=\"3416\" data-end=\"3564\">\u00cen zilele de duminic\u0103 \u0219i luni sau s\u0103rb\u0103toare na\u021bional\u0103 nu se efectueaz\u0103 livr\u0103ri.<\/p>\n<p data-start=\"3416\" data-end=\"3564\">Termenul de livrare se poate extinde \u00een anumite situa\u021bii izolate (de exemplu: condi\u021bii meteo nefavorabile, perioadele s\u0103rb\u0103torilor legale, probleme tehnice neprev\u0103zute etc). V\u0103 vom notifica \u00een cazul \u00een care \u00eent\u00e2mpin\u0103m una dintre situa\u021biile izolate \u00een prealabil.<\/p>\n<p data-start=\"3416\" data-end=\"3564\">Pute\u021bi alege orice adresa pentru livrare \u2013 acas\u0103, \u00een oficiu sau oricare alt\u0103 adres\u0103, f\u0103r\u0103 achit\u0103ri suplimentare.<\/p>\n<p data-start=\"3416\" data-end=\"3564\">Noi accept\u0103m o singur\u0103 adres\u0103 de livrare pentru fiecare comand\u0103. \u00cen cazul \u00een care ave\u021bi nevoie pentru a livra comanda pe diferite adrese, v\u0103 rug\u0103m s\u0103 \u00eenregistra\u021bi comenzi diferite pentru fiecare adres\u0103.<\/p>\n<p data-start=\"3416\" data-end=\"3564\">La primirea produselor, v\u0103 rug\u0103m \u00een prezen\u021ba curierului s\u0103 verifica\u021bi integritatea ambalajului, prezen\u021ba bonului fiscal. Orice preten\u021bie ulterioar\u0103 cu privire la aceste aspecte nu vor fi acceptate.<\/p>\n<h2 data-start=\"3416\" data-end=\"3564\"><strong>5. DREPTUL LA RETUR<\/strong><\/h2>\n<p data-start=\"3416\" data-end=\"3564\">Conform no\u021biunii din Legea nr. 105-XV din 13 martie 2013 privind protec\u021bia consumatorilor Cump\u0103r\u0103torul are dreptul de a returna produs\/marfa procurat\u0103 din anumite motive \u00een timp de 14 zile de la ziua achit\u0103rii. Mijloacele b\u0103ne\u0219ti sunt returnate pe cardul de pe care s-a efectuat cump\u0103r\u0103tura.<\/p>\n<p data-start=\"2651\" data-end=\"2660\">Condi\u021bii de retur:<\/p>\n<ul data-start=\"2661\" data-end=\"2718\">\n<li data-section-id=\"qlypl4\" data-start=\"2661\" data-end=\"2692\">produsul nu a fost utilizat<\/li>\n<li data-section-id=\"1v20mqj\" data-start=\"2693\" data-end=\"2718\">ambalajul este intact<\/li>\n<\/ul>\n<p data-start=\"2720\" data-end=\"2769\">Produsele cosmetice deschise NU pot fi returnate. Rambursarea se face pe cardul utilizat la plat\u0103.<\/p>\n<p data-start=\"2720\" data-end=\"2769\">Contactele companiei in caz de retur: +373 69511191<br \/>\nTermenul de procesare a cererii de retur: 14 zile<\/p>\n<h2 data-start=\"2720\" data-end=\"2769\"><strong>6. POLITICA DE CONFIDEN\u021aIALITATE<\/strong><\/h2>\n<p data-start=\"2720\" data-end=\"2769\">\u00cen conformitate cu prevederile Legii Nr.133\/2011 privind protec\u021bia datelor cu caracter personal, furnizorul de servicii prelucreaz\u0103 date cu caracter personal. Datele cu caracter personal sunt prelucrate cu buna-credin\u021b\u0103 \u0219i se face \u00een temeiul \u0219i \u00een conformitate cu prevederile legale. Prelucrarea datelor cu caracter personal se realizeaz\u0103 prin mijloace mixte (automate \u0219i manuale), cu respectarea cerin\u021belor legale \u0219i \u00een condi\u021bii care s\u0103 asigure securitatea, confiden\u021bialitatea \u0219i respectarea drepturilor persoanelor vizate.<\/p>\n<p data-start=\"2720\" data-end=\"2769\">Furnizorul colecteaz\u0103 \u0219i prelucreaz\u0103 doar datele personale furnizate de consumatori la efectuarea comenzii: nume, prenume, num\u0103r de telefon, adresa, adresa po\u0219tal\u0103.<\/p>\n<p data-start=\"2720\" data-end=\"2769\">Datele personale sunt utilizate exclusiv \u00een scopul administr\u0103rii site-ului, pentru a permite accesul la informa\u021bii special, pentru livrarea comenzilor sau pentru a contacta consumatorul \u00een vederea execut\u0103rii livr\u0103rii. Prin prezenta informare, utilizatorii \u0219i consumatorii iau cuno\u0219tin\u021b\u0103 despre faptul c\u0103 li se vor prelucra \u0219i utiliza datele cu caracter personal (nume, prenume, num\u0103r de telefon, adresa, adresa po\u0219tal\u0103). Furnizorul de servicii prelucreaz\u0103 datele cu caracter personal ale utilizatorilor \u0219i consumatorilor care sunt furnizate prin navigarea, folosirea \u0219i \u00eenregistrarea pe site-ul <a href=\"https:\/\/beauty-glow.md\/ro\/\"><strong data-start=\"517\" data-end=\"535\">beauty-glow.md<\/strong><\/a><\/p>\n<p data-start=\"2720\" data-end=\"2769\">Orice informa\u021bie furnizat\u0103 de c\u0103tre utilizatorii \u0219i consumatorii site-ului <a href=\"https:\/\/beauty-glow.md\/ro\/\"><strong data-start=\"517\" data-end=\"535\">beauty-glow.md<\/strong><\/a>, va fi considerat\u0103 \u0219i va reprezenta consim\u021b\u0103m\u00e2ntul expres ca datele personale s\u0103 fie folosite de Furnizor.<\/p>\n<p data-start=\"2720\" data-end=\"2769\">Furnizorul nu va dezv\u0103lui unei ter\u021be p\u0103r\u021bi niciuna dintre datele de\u021binute, f\u0103r\u0103 acordul persoanelor vizate \u0219i nu va comercializa, schimba, divulga aceste date cu alte persoane, cu excep\u021biile prev\u0103zute de legisla\u021bia \u00een vigoare (la solicitarea institu\u021biilor publice ale statului, organele de drept, instan\u021belor de judecat\u0103, de asemenea autorizate s\u0103 prelucreze date cu caracter personal).<\/p>\n<p data-start=\"2720\" data-end=\"2769\">Datele cu caracter personal pot fi prelucrate \u0219i utilizate de c\u0103tre Furnizor \u0219i \u00een scopuri statistice \u0219i de promovare<br \/>\nulterioar\u0103.<\/p>\n<p data-start=\"2720\" data-end=\"2769\">Furnizorul de servicii \u00eendepline\u0219te cerin\u021bele de securitate a datelor cu caracter personal \u0219i asigur\u0103 protec\u021bia<br \/>\ndatelor consumatorilor \u0219i le protejeaz\u0103 pentru a nu fi pierdute, distruse, distorsionate\/falsificate sau divulgate<br \/>\nter\u021belor persoane.<\/p>\n<p data-start=\"2720\" data-end=\"2769\">Angaja\u021bii furnizorului de servicii sunt obliga\u021bi s\u0103 respecte confiden\u021bialitatea datelor personale ale consumatorilor. Prelucrarea datelor cu caracter personal va fi realizat\u0103 de persoana \u00eemputernicit\u0103 a Furnizorului.<\/p>\n<p data-start=\"2720\" data-end=\"2769\">Furnizorul utilizeaz\u0103 metode \u0219i tehnologii de securitate conform prevederilor legale \u00een vigoare.<\/p>\n<p data-start=\"2720\" data-end=\"2769\">Furnizorul nu colecteaz\u0103 informa\u021bii referitoare la tranzac\u021bii, cum ar fi nr. la card, data expir\u0103rii, \u021bara de origine.<\/p>\n<p data-start=\"2720\" data-end=\"2769\">Pentru mai multe detalii \u0219i informa\u021bii orice persoan\u0103 interesat\u0103 se poate adresa printr-un email la contact@beauty-glow.md sau prin telefon la num\u0103rul +373 69511191<\/p>\n<h2 data-start=\"2720\" data-end=\"2769\"><strong>7. DATELE DE CONTACT<\/strong><\/h2>\n<p data-start=\"2720\" data-end=\"2769\">Denumirea juridica a companiei: BOUTIQUE 120 SRL<br \/>\nIDNO: 1023600022200<br \/>\nAdresa juridica: str. Ion Pelivan, 13, ap. (of.) 24, mun. Chisinau, Republica Moldova.<br \/>\nAdresa fizica: bd. \u015etefan cel Mare \u015fi Sf\u00e2nt 64, mun. Chisinau, Republica Moldova.<br \/>\nTelefon de contact: +373 69511191<br \/>\nEmail de contact: contact@beauty-glow.md<\/p>\n<p data-start=\"2290\" data-end=\"2392\">\n\t\t<\/div>\n\t\t\t\t\n<style>\n#col-1927659860 > .col-inner {\n  padding: 30px 30px 30px 30px;\n}\n<\/style>\n\t<\/div>\n\n\t\n\n<style>\n#row-1517933009 > .col > .col-inner {\n  background-color: rgba(213, 184, 184, 0.5);\n  border-radius: 20px;\n}\n<\/style>\n<\/div>\n\t\t<\/div>\n\n\t\t\n<style>\n#section_57355445 {\n  padding-top: 30px;\n  padding-bottom: 30px;\n}\n<\/style>\n\t<\/section>","protected":false},"excerpt":{"rendered":"","protected":false},"author":1,"featured_media":269,"parent":0,"menu_order":0,"comment_status":"closed","ping_status":"closed","template":"","meta":{"footnotes":""},"class_list":["post-2649","page","type-page","status-publish","has-post-thumbnail","hentry"],"_links":{"self":[{"href":"https:\/\/beauty-glow.md\/ro\/wp-json\/wp\/v2\/pages\/2649","targetHints":{"allow":["GET"]}}],"collection":[{"href":"https:\/\/beauty-glow.md\/ro\/wp-json\/wp\/v2\/pages"}],"about":[{"href":"https:\/\/beauty-glow.md\/ro\/wp-json\/wp\/v2\/types\/page"}],"author":[{"embeddable":true,"href":"https:\/\/beauty-glow.md\/ro\/wp-json\/wp\/v2\/users\/1"}],"replies":[{"embeddable":true,"href":"https:\/\/beauty-glow.md\/ro\/wp-json\/wp\/v2\/comments?post=2649"}],"version-history":[{"count":4,"href":"https:\/\/beauty-glow.md\/ro\/wp-json\/wp\/v2\/pages\/2649\/revisions"}],"predecessor-version":[{"id":2654,"href":"https:\/\/beauty-glow.md\/ro\/wp-json\/wp\/v2\/pages\/2649\/revisions\/2654"}],"wp:featuredmedia":[{"embeddable":true,"href":"https:\/\/beauty-glow.md\/ro\/wp-json\/wp\/v2\/media\/269"}],"wp:attachment":[{"href":"https:\/\/beauty-glow.md\/ro\/wp-json\/wp\/v2\/media?parent=2649"}],"curies":[{"name":"wp","href":"https:\/\/api.w.org\/{rel}","templated":true}]}}