{"id":1000,"date":"2023-12-01T07:53:55","date_gmt":"2023-12-01T07:53:55","guid":{"rendered":"https:\/\/beauty-glow.md\/?post_type=product&#038;p=1000"},"modified":"2025-10-28T09:33:08","modified_gmt":"2025-10-28T09:33:08","slug":"shot-h2o-water-bleach","status":"publish","type":"product","link":"https:\/\/beauty-glow.md\/ro\/shop\/shot-h2o-water-bleach\/","title":{"rendered":"Pudr\u0103 de decolorare p\u0103rului Shot H2O Water Bleach 500gr"},"content":{"rendered":"<h2 style=\"text-align: center;\">Pudr\u0103 de decolorare p\u0103rului Shot H2O Water Bleach<\/h2>\n<p><a href=\"https:\/\/beauty-glow.md\/tip-produs\/crema\/\"><img decoding=\"async\" class=\"wp-image-998 size-full alignleft\" src=\"https:\/\/beauty-glow.md\/wp-content\/uploads\/2023\/12\/Beauty-glow.md-Shot-Ambition-Color.png\" alt=\"Shot More&amp;More Bleach Cream\" width=\"242\" height=\"300\" title=\"\"><\/a><\/p>\n<p><a href=\"https:\/\/beauty-glow.md\/ro\/tip-produs\/pudra-de-decolorare\/\">Pudr\u0103 de decolorare<\/a> <a href=\"https:\/\/www.cosmeticcenter.it\/\" target=\"_blank\" rel=\"noopener\">Shot<\/a>\u00a0pentru o decolorare moale \u0219i controlat\u0103 a p\u0103rului \u00een dou\u0103 p\u00e2n\u0103 la trei tonuri. Activat cu ap\u0103 obi\u0219nuit\u0103 \u00een loc de o emulsie oxidant\u0103. Potrivit pentru p\u0103r natural, vopsit, decolorat \u0219i sensibil. Con\u021bin\u00e2nd proteine \u200b\u200bdin orez \u0219i gum\u0103 de guar \u00een pudra de albire, formula protejeaz\u0103 u\u0219or p\u0103rul \u00een timpul procesului de albire.<\/p>\n<p><strong>Volum:<\/strong> 500 gr<\/p>\n<p><strong>Mod de utilizare:<\/strong> amesteca\u021bi pudr\u0103 \u00eentr-un recipient nemetalic cu ap\u0103 cald\u0103 sau rece \u00eentr-un raport de 1:1,5, amesteca\u021bi p\u00e2n\u0103 se omogenizeaz\u0103. Timpul de expunere al amestecului este de la 20-50 de minute. Este necesar s\u0103 se monitorizeze vizual procesul de albire p\u00e2n\u0103 c\u00e2nd se ob\u021bine rezultatul dorit.<\/p>\n<p><span style=\"font-size: 100%;\"><strong>Aten\u021bie:<\/strong> numai pentru uz extern. \u00cen caz de contact cu ochii, cl\u0103ti\u021bi cu mult\u0103 ap\u0103. A nu se lasa la indemana copiilor.<\/span><\/p>","protected":false},"excerpt":{"rendered":"<p>Shot H2O Water Bleach decoloreaz\u0103 u\u0219or p\u0103rul, potrivit pentru orice tehnic\u0103 de aplicare.<\/p>\n","protected":false},"featured_media":1001,"template":"","meta":[],"product_brand":[],"product_cat":[70,124,175],"product_tag":[],"class_list":{"0":"post-1000","1":"product","2":"type-product","3":"status-publish","4":"has-post-thumbnail","6":"product_cat-toate-tipurile","7":"product_cat-decolorarea-parului","8":"product_cat-produse-pentru-saloane","9":"pa_brand-shot","10":"pa_producator-italia","11":"pa_serie-ambition-tech","12":"pa_tip-produs-pudra-de-decolorare","13":"pa_volum-500-gr","15":"first","16":"instock","17":"shipping-taxable","18":"product-type-simple"},"_links":{"self":[{"href":"https:\/\/beauty-glow.md\/ro\/wp-json\/wp\/v2\/product\/1000","targetHints":{"allow":["GET"]}}],"collection":[{"href":"https:\/\/beauty-glow.md\/ro\/wp-json\/wp\/v2\/product"}],"about":[{"href":"https:\/\/beauty-glow.md\/ro\/wp-json\/wp\/v2\/types\/product"}],"wp:featuredmedia":[{"embeddable":true,"href":"https:\/\/beauty-glow.md\/ro\/wp-json\/wp\/v2\/media\/1001"}],"wp:attachment":[{"href":"https:\/\/beauty-glow.md\/ro\/wp-json\/wp\/v2\/media?parent=1000"}],"wp:term":[{"taxonomy":"product_brand","embeddable":true,"href":"https:\/\/beauty-glow.md\/ro\/wp-json\/wp\/v2\/product_brand?post=1000"},{"taxonomy":"product_cat","embeddable":true,"href":"https:\/\/beauty-glow.md\/ro\/wp-json\/wp\/v2\/product_cat?post=1000"},{"taxonomy":"product_tag","embeddable":true,"href":"https:\/\/beauty-glow.md\/ro\/wp-json\/wp\/v2\/product_tag?post=1000"}],"curies":[{"name":"wp","href":"https:\/\/api.w.org\/{rel}","templated":true}]}}