{"id":1041,"date":"2024-01-02T12:49:25","date_gmt":"2024-01-02T12:49:25","guid":{"rendered":"https:\/\/beauty-glow.md\/?post_type=product&#038;p=1041"},"modified":"2025-10-28T10:14:02","modified_gmt":"2025-10-28T10:14:02","slug":"shot-anti-age-spray","status":"publish","type":"product","link":"https:\/\/beauty-glow.md\/ro\/shop\/shot-anti-age-spray\/","title":{"rendered":"Ser-spray anti-imbatranire Shot Anti-age Spray 150ml"},"content":{"rendered":"<h2 style=\"text-align: center;\">Ser-spray anti-imbatranire Shot Anti-age Spray<\/h2>\n<p>Linie profesional\u0103 de produse cosmetice pentru p\u0103r anti-\u00eemb\u0103tr\u00e2nire. \u201eFrumuse\u021bea ta este atemporal\u0103\u201d P\u0103streaz\u0103 tinere\u021bea structurii p\u0103rului t\u0103u \u0219terg\u00e2nd semnele de v\u00e2rst\u0103.<\/p>\n<p><img decoding=\"async\" class=\"wp-image-1034 aligncenter\" src=\"https:\/\/beauty-glow.md\/wp-content\/uploads\/2023\/12\/Beauty-glow.md-Shot-Antiage-Serie-.jpg\" alt=\"Antiage Serie\" width=\"1049\" height=\"350\" title=\"\" srcset=\"https:\/\/beauty-glow.md\/wp-content\/uploads\/2023\/12\/Beauty-glow.md-Shot-Antiage-Serie-.jpg 1771w, https:\/\/beauty-glow.md\/wp-content\/uploads\/2023\/12\/Beauty-glow.md-Shot-Antiage-Serie--800x267.jpg 800w, https:\/\/beauty-glow.md\/wp-content\/uploads\/2023\/12\/Beauty-glow.md-Shot-Antiage-Serie--1400x467.jpg 1400w, https:\/\/beauty-glow.md\/wp-content\/uploads\/2023\/12\/Beauty-glow.md-Shot-Antiage-Serie--768x256.jpg 768w, https:\/\/beauty-glow.md\/wp-content\/uploads\/2023\/12\/Beauty-glow.md-Shot-Antiage-Serie--1536x513.jpg 1536w, https:\/\/beauty-glow.md\/wp-content\/uploads\/2023\/12\/Beauty-glow.md-Shot-Antiage-Serie--300x100.jpg 300w, https:\/\/beauty-glow.md\/wp-content\/uploads\/2023\/12\/Beauty-glow.md-Shot-Antiage-Serie--600x200.jpg 600w\" sizes=\"(max-width: 1049px) 100vw, 1049px\" \/><\/p>\n<p><a href=\"https:\/\/beauty-glow.md\/tip-produs\/ser\/\">Serum<\/a>-spray <a href=\"https:\/\/www.cosmeticcenter.it\/\" target=\"_blank\" rel=\"noopener\">Shot<\/a> pentru restaurare p\u0103rului. Produs multifunc\u021bional f\u0103r\u0103 \u00eendoial\u0103 pentru regenerarea \u0219i conferirea energiei vitale p\u0103rului. Con\u021bine aminoacizi, colagen, ulei de ricin, suc de aloe, cereale \u0219i vitamina E.<\/p>\n<p><strong>Volum:<\/strong> 150 ml<\/p>\n<p><strong>Mod de utilizare:<\/strong> Pulveriza\u021bi spray-ul pe p\u0103rul curat \u0219i umed. \u00cencepe\u021bi s\u0103 v\u0103 usca\u021bi \u0219i s\u0103 v\u0103 coafa\u021bi p\u0103rul. Nu-l sp\u0103la\u021bi.<\/p>\n<p><span style=\"font-size: 100%;\"><strong>Aten\u021bie:<\/strong> numai pentru uz extern. \u00cen caz de contact cu ochii, cl\u0103ti\u021bi cu mult\u0103 ap\u0103. A nu se lasa la indemana copiilor.<\/span><\/p>","protected":false},"excerpt":{"rendered":"<p>Shot Anti-age Spray &#8211; ser cu ulei de macadamia, elastina, proteine \u200b\u200bde lapte pentru ingrijirea zilnica a p\u0103rului deteriorat, casant.<\/p>\n","protected":false},"featured_media":1042,"template":"","meta":[],"product_brand":[],"product_cat":[31,61,70,229],"product_tag":[],"class_list":{"0":"post-1041","1":"product","2":"type-product","3":"status-publish","4":"has-post-thumbnail","6":"product_cat-ingrijirea","7":"product_cat-anti-imbatranire","8":"product_cat-toate-tipurile","9":"product_cat-serum","10":"pa_brand-shot","11":"pa_producator-italia","12":"pa_serie-care-design-anti-age","13":"pa_tip-produs-ser","14":"pa_volum-150-ml","16":"first","17":"instock","18":"sale","19":"shipping-taxable","20":"product-type-simple"},"_links":{"self":[{"href":"https:\/\/beauty-glow.md\/ro\/wp-json\/wp\/v2\/product\/1041","targetHints":{"allow":["GET"]}}],"collection":[{"href":"https:\/\/beauty-glow.md\/ro\/wp-json\/wp\/v2\/product"}],"about":[{"href":"https:\/\/beauty-glow.md\/ro\/wp-json\/wp\/v2\/types\/product"}],"wp:featuredmedia":[{"embeddable":true,"href":"https:\/\/beauty-glow.md\/ro\/wp-json\/wp\/v2\/media\/1042"}],"wp:attachment":[{"href":"https:\/\/beauty-glow.md\/ro\/wp-json\/wp\/v2\/media?parent=1041"}],"wp:term":[{"taxonomy":"product_brand","embeddable":true,"href":"https:\/\/beauty-glow.md\/ro\/wp-json\/wp\/v2\/product_brand?post=1041"},{"taxonomy":"product_cat","embeddable":true,"href":"https:\/\/beauty-glow.md\/ro\/wp-json\/wp\/v2\/product_cat?post=1041"},{"taxonomy":"product_tag","embeddable":true,"href":"https:\/\/beauty-glow.md\/ro\/wp-json\/wp\/v2\/product_tag?post=1041"}],"curies":[{"name":"wp","href":"https:\/\/api.w.org\/{rel}","templated":true}]}}