{"id":1043,"date":"2024-01-04T07:17:45","date_gmt":"2024-01-04T07:17:45","guid":{"rendered":"https:\/\/beauty-glow.md\/?post_type=product&#038;p=1043"},"modified":"2025-10-28T10:13:46","modified_gmt":"2025-10-28T10:13:46","slug":"shot-anti-age-serum-fiole","status":"publish","type":"product","link":"https:\/\/beauty-glow.md\/ro\/shop\/shot-anti-age-serum-fiole\/","title":{"rendered":"Ser pentru p\u0103r anti-imbatranire Shot Anti-age Serum Fiole 10x10ml"},"content":{"rendered":"<h2 style=\"text-align: center;\">Ser pentru p\u0103r anti-imbatranire Shot Anti-age Serum Fiole<\/h2>\n<p>Linie profesional\u0103 de produse cosmetice pentru p\u0103r anti-\u00eemb\u0103tr\u00e2nire. \u201eFrumuse\u021bea ta este atemporal\u0103\u201d P\u0103streaz\u0103 tinere\u021bea structurii p\u0103rului t\u0103u \u0219terg\u00e2nd semnele de v\u00e2rst\u0103.<\/p>\n<p><img decoding=\"async\" class=\"wp-image-1034 aligncenter\" src=\"https:\/\/beauty-glow.md\/wp-content\/uploads\/2023\/12\/Beauty-glow.md-Shot-Antiage-Serie-.jpg\" alt=\"Antiage Serie\" width=\"1049\" height=\"350\" title=\"\" srcset=\"https:\/\/beauty-glow.md\/wp-content\/uploads\/2023\/12\/Beauty-glow.md-Shot-Antiage-Serie-.jpg 1771w, https:\/\/beauty-glow.md\/wp-content\/uploads\/2023\/12\/Beauty-glow.md-Shot-Antiage-Serie--800x267.jpg 800w, https:\/\/beauty-glow.md\/wp-content\/uploads\/2023\/12\/Beauty-glow.md-Shot-Antiage-Serie--1400x467.jpg 1400w, https:\/\/beauty-glow.md\/wp-content\/uploads\/2023\/12\/Beauty-glow.md-Shot-Antiage-Serie--768x256.jpg 768w, https:\/\/beauty-glow.md\/wp-content\/uploads\/2023\/12\/Beauty-glow.md-Shot-Antiage-Serie--1536x513.jpg 1536w, https:\/\/beauty-glow.md\/wp-content\/uploads\/2023\/12\/Beauty-glow.md-Shot-Antiage-Serie--300x100.jpg 300w, https:\/\/beauty-glow.md\/wp-content\/uploads\/2023\/12\/Beauty-glow.md-Shot-Antiage-Serie--600x200.jpg 600w\" sizes=\"(max-width: 1049px) 100vw, 1049px\" \/><\/p>\n<p><a href=\"https:\/\/beauty-glow.md\/tip-produs\/ser\/\">Serum<\/a>-spray <a href=\"https:\/\/www.cosmeticcenter.it\/\" target=\"_blank\" rel=\"noopener\">Shot<\/a> pentru restaurare p\u0103rului. Formula unic\u0103 a serului cu elemente de Keratin\u0103 \u0219i Oligo ajut\u0103 la restabilirea rapid\u0103 a structurii chiar \u0219i a celui mai deteriorat p\u0103r. \u00cengroa\u0219\u0103 \u0219i ofer\u0103 p\u0103rului vitalitate \u0219i str\u0103lucire.<\/p>\n<p><strong>Volum:<\/strong> 10buc x 10ml<\/p>\n<p><strong>Mod de utilizare:<\/strong> Dac\u0103 este posibil, utiliza\u021bi \u0219ampon \u0219i balsam din aceea\u0219i gam\u0103 ca \u0219i serul f\u0103r\u0103 \u00eendoial\u0103. Usca\u021bi-v\u0103 p\u0103rul cu un prosop. Distribui\u021bi serul pe toat\u0103 lungimea p\u0103rului c\u0103tre v\u00e2rfuri. Piept\u0103na\u021bi-v\u0103 p\u0103rul \u0219i \u00eencepe\u021bi s\u0103 v\u0103 coafa\u021bi.<\/p>\n<p><span style=\"font-size: 100%;\"><strong>Aten\u021bie:<\/strong> numai pentru uz extern. \u00cen caz de contact cu ochii, cl\u0103ti\u021bi cu mult\u0103 ap\u0103. A nu se lasa la indemana copiilor.<\/span><\/p>","protected":false},"excerpt":{"rendered":"<p>Shot Anti-age Serum Fiole &#8211; v\u0103 permite s\u0103 restabili\u021bi rapid structura p\u0103rului, f\u0103c\u00e2ndu-l mai dens \u0219i mai str\u0103lucitor.<\/p>\n","protected":false},"featured_media":1044,"template":"","meta":[],"product_brand":[],"product_cat":[31,61,70,229],"product_tag":[],"class_list":{"0":"post-1043","1":"product","2":"type-product","3":"status-publish","4":"has-post-thumbnail","6":"product_cat-ingrijirea","7":"product_cat-anti-imbatranire","8":"product_cat-toate-tipurile","9":"product_cat-serum","10":"pa_brand-shot","11":"pa_producator-italia","12":"pa_serie-care-design-anti-age","13":"pa_tip-produs-ser","14":"pa_volum-10x10-ml","16":"first","17":"instock","18":"shipping-taxable","19":"product-type-simple"},"_links":{"self":[{"href":"https:\/\/beauty-glow.md\/ro\/wp-json\/wp\/v2\/product\/1043","targetHints":{"allow":["GET"]}}],"collection":[{"href":"https:\/\/beauty-glow.md\/ro\/wp-json\/wp\/v2\/product"}],"about":[{"href":"https:\/\/beauty-glow.md\/ro\/wp-json\/wp\/v2\/types\/product"}],"wp:featuredmedia":[{"embeddable":true,"href":"https:\/\/beauty-glow.md\/ro\/wp-json\/wp\/v2\/media\/1044"}],"wp:attachment":[{"href":"https:\/\/beauty-glow.md\/ro\/wp-json\/wp\/v2\/media?parent=1043"}],"wp:term":[{"taxonomy":"product_brand","embeddable":true,"href":"https:\/\/beauty-glow.md\/ro\/wp-json\/wp\/v2\/product_brand?post=1043"},{"taxonomy":"product_cat","embeddable":true,"href":"https:\/\/beauty-glow.md\/ro\/wp-json\/wp\/v2\/product_cat?post=1043"},{"taxonomy":"product_tag","embeddable":true,"href":"https:\/\/beauty-glow.md\/ro\/wp-json\/wp\/v2\/product_tag?post=1043"}],"curies":[{"name":"wp","href":"https:\/\/api.w.org\/{rel}","templated":true}]}}