{"id":1045,"date":"2024-01-04T07:24:21","date_gmt":"2024-01-04T07:24:21","guid":{"rendered":"https:\/\/beauty-glow.md\/?post_type=product&#038;p=1045"},"modified":"2025-10-27T21:01:08","modified_gmt":"2025-10-27T21:01:08","slug":"shot-ruby-drops-oil","status":"publish","type":"product","link":"https:\/\/beauty-glow.md\/ro\/shop\/shot-ruby-drops-oil\/","title":{"rendered":"Cristale de rubin pentru recuperare intensiv\u0103 Shot Ruby Drops Oil 100ml"},"content":{"rendered":"<h2 style=\"text-align: center;\">Cristale de rubin pentru recuperare intensiv\u0103 Shot Ruby Drops Oil<\/h2>\n<p>Linie profesional\u0103 de produse cosmetice pentru p\u0103r anti-\u00eemb\u0103tr\u00e2nire. \u201eFrumuse\u021bea ta este atemporal\u0103\u201d P\u0103streaz\u0103 tinere\u021bea structurii p\u0103rului t\u0103u \u0219terg\u00e2nd semnele de v\u00e2rst\u0103.<\/p>\n<p><img decoding=\"async\" class=\"wp-image-1034 aligncenter\" src=\"https:\/\/beauty-glow.md\/wp-content\/uploads\/2023\/12\/Beauty-glow.md-Shot-Antiage-Serie-.jpg\" alt=\"Antiage Serie\" width=\"1049\" height=\"350\" title=\"\" srcset=\"https:\/\/beauty-glow.md\/wp-content\/uploads\/2023\/12\/Beauty-glow.md-Shot-Antiage-Serie-.jpg 1771w, https:\/\/beauty-glow.md\/wp-content\/uploads\/2023\/12\/Beauty-glow.md-Shot-Antiage-Serie--800x267.jpg 800w, https:\/\/beauty-glow.md\/wp-content\/uploads\/2023\/12\/Beauty-glow.md-Shot-Antiage-Serie--1400x467.jpg 1400w, https:\/\/beauty-glow.md\/wp-content\/uploads\/2023\/12\/Beauty-glow.md-Shot-Antiage-Serie--768x256.jpg 768w, https:\/\/beauty-glow.md\/wp-content\/uploads\/2023\/12\/Beauty-glow.md-Shot-Antiage-Serie--1536x513.jpg 1536w, https:\/\/beauty-glow.md\/wp-content\/uploads\/2023\/12\/Beauty-glow.md-Shot-Antiage-Serie--300x100.jpg 300w, https:\/\/beauty-glow.md\/wp-content\/uploads\/2023\/12\/Beauty-glow.md-Shot-Antiage-Serie--600x200.jpg 600w\" sizes=\"(max-width: 1049px) 100vw, 1049px\" \/><\/p>\n<p>Cristalele de rubin (<a href=\"https:\/\/beauty-glow.md\/tip-produs\/ulei-de-par\/\">ulei<\/a>) <a href=\"https:\/\/www.cosmeticcenter.it\/\" target=\"_blank\" rel=\"noopener\">Shot<\/a>\u00a0pentru p\u0103r au un efect reparator. Un remediu eficient pentru v\u00e2rfurile despicate, las\u0103 p\u0103rul moale \u0219i uimitor de str\u0103lucitor. Produsul con\u021bine vitamina E.<\/p>\n<p><strong>Volum:<\/strong> 100 ml<\/p>\n<p><strong>Mod de utilizare:<\/strong> Dac\u0103 este posibil, utiliza\u021bi \u0219ampon \u0219i balsam din aceea\u0219i gam\u0103 ca \u0219i ulei. Distribui\u021bi c\u00e2teva pic\u0103turi de produs \u00een palme, aplica\u021bi pe p\u0103rul curat, uscat sau umed de-a lungul lungimii \u0219i v\u00e2rfurilor p\u0103rului. Nu-l sp\u0103la\u021bi.<\/p>\n<p><span style=\"font-size: 100%;\"><strong>Aten\u021bie:<\/strong> numai pentru uz extern. \u00cen caz de contact cu ochii, cl\u0103ti\u021bi cu mult\u0103 ap\u0103. A nu se lasa la indemana copiilor.<\/span><\/p>","protected":false},"excerpt":{"rendered":"<p>Shot Ruby Drops Oil &#8211; v\u0103 permite s\u0103 restabili\u021bi rapid structura p\u0103rului, f\u0103c\u00e2ndu-l mai dens \u0219i mai str\u0103lucitor.<\/p>\n","protected":false},"featured_media":1046,"template":"","meta":[],"product_brand":[],"product_cat":[31,61,70,37],"product_tag":[],"class_list":{"0":"post-1045","1":"product","2":"type-product","3":"status-publish","4":"has-post-thumbnail","6":"product_cat-ingrijirea","7":"product_cat-anti-imbatranire","8":"product_cat-toate-tipurile","9":"product_cat-ulei","10":"pa_brand-shot","11":"pa_producator-italia","12":"pa_serie-care-design-anti-age","13":"pa_tip-produs-ulei-de-par","14":"pa_volum-100-ml","16":"first","17":"instock","18":"shipping-taxable","19":"product-type-simple"},"_links":{"self":[{"href":"https:\/\/beauty-glow.md\/ro\/wp-json\/wp\/v2\/product\/1045","targetHints":{"allow":["GET"]}}],"collection":[{"href":"https:\/\/beauty-glow.md\/ro\/wp-json\/wp\/v2\/product"}],"about":[{"href":"https:\/\/beauty-glow.md\/ro\/wp-json\/wp\/v2\/types\/product"}],"wp:featuredmedia":[{"embeddable":true,"href":"https:\/\/beauty-glow.md\/ro\/wp-json\/wp\/v2\/media\/1046"}],"wp:attachment":[{"href":"https:\/\/beauty-glow.md\/ro\/wp-json\/wp\/v2\/media?parent=1045"}],"wp:term":[{"taxonomy":"product_brand","embeddable":true,"href":"https:\/\/beauty-glow.md\/ro\/wp-json\/wp\/v2\/product_brand?post=1045"},{"taxonomy":"product_cat","embeddable":true,"href":"https:\/\/beauty-glow.md\/ro\/wp-json\/wp\/v2\/product_cat?post=1045"},{"taxonomy":"product_tag","embeddable":true,"href":"https:\/\/beauty-glow.md\/ro\/wp-json\/wp\/v2\/product_tag?post=1045"}],"curies":[{"name":"wp","href":"https:\/\/api.w.org\/{rel}","templated":true}]}}