{"id":1047,"date":"2024-01-04T07:40:30","date_gmt":"2024-01-04T07:40:30","guid":{"rendered":"https:\/\/beauty-glow.md\/?post_type=product&#038;p=1047"},"modified":"2025-10-28T08:59:46","modified_gmt":"2025-10-28T08:59:46","slug":"shot-born-to-be-blond-color-cream","status":"publish","type":"product","link":"https:\/\/beauty-glow.md\/ro\/shop\/shot-born-to-be-blond-color-cream\/","title":{"rendered":"Vopsea de p\u0103r Shot Born To Be Blond Color Cream 100ml"},"content":{"rendered":"<h2 style=\"text-align: center;\">Vopsea de p\u0103r Shot Born To Be Blond Color Cream<\/h2>\n<p><img decoding=\"async\" class=\"wp-image-1051 alignleft\" src=\"https:\/\/beauty-glow.md\/wp-content\/uploads\/2023\/12\/Beauty-glow.md-Shot-Born-to-be-Color-Cream.jpg\" alt=\"Shot Born to be Color Cream\" width=\"350\" height=\"349\" title=\"\" srcset=\"https:\/\/beauty-glow.md\/wp-content\/uploads\/2023\/12\/Beauty-glow.md-Shot-Born-to-be-Color-Cream.jpg 1207w, https:\/\/beauty-glow.md\/wp-content\/uploads\/2023\/12\/Beauty-glow.md-Shot-Born-to-be-Color-Cream-401x400.jpg 401w, https:\/\/beauty-glow.md\/wp-content\/uploads\/2023\/12\/Beauty-glow.md-Shot-Born-to-be-Color-Cream-802x800.jpg 802w, https:\/\/beauty-glow.md\/wp-content\/uploads\/2023\/12\/Beauty-glow.md-Shot-Born-to-be-Color-Cream-280x280.jpg 280w, https:\/\/beauty-glow.md\/wp-content\/uploads\/2023\/12\/Beauty-glow.md-Shot-Born-to-be-Color-Cream-768x766.jpg 768w, https:\/\/beauty-glow.md\/wp-content\/uploads\/2023\/12\/Beauty-glow.md-Shot-Born-to-be-Color-Cream-300x299.jpg 300w, https:\/\/beauty-glow.md\/wp-content\/uploads\/2023\/12\/Beauty-glow.md-Shot-Born-to-be-Color-Cream-600x599.jpg 600w, https:\/\/beauty-glow.md\/wp-content\/uploads\/2023\/12\/Beauty-glow.md-Shot-Born-to-be-Color-Cream-100x100.jpg 100w\" sizes=\"(max-width: 350px) 100vw, 350px\" \/><\/p>\n<p><a href=\"https:\/\/beauty-glow.md\/vopsire-si-styling\/vopsele\/\">Vopsea de p\u0103r<\/a> <a href=\"https:\/\/www.cosmeticcenter.it\/\" target=\"_blank\" rel=\"noopener\">Shot<\/a> cu con\u021binut foarte sc\u0103zut de amoniac pentru culori deschise. Gam\u0103 larg\u0103 de nuan\u021be pentru blonde impecabile.<\/p>\n<p><em>Acid hialuronic<\/em> &#8211; face parul puternic, elastic si voluminos. Restabile\u0219te echilibrul de umiditate al p\u0103rului, protej\u00e2ndu-l \u00een acela\u0219i timp de tensiune \u0219i stres excesiv.<\/p>\n<p><em>Colagenul<\/em> este cea mai important\u0103 protein\u0103 care formeaz\u0103 corpul nostru. Hr\u0103ne\u0219te \u0219i este cea mai important\u0103 protein\u0103 care alc\u0103tuie\u0219te corpul nostru. Hr\u0103ne\u0219te \u0219i \u00eent\u0103re\u0219te p\u0103rul. Le cre\u0219te rezisten\u021ba \u0219i elasticitatea.<\/p>\n<p><em>Apa termal\u0103<\/em> este bogat\u0103 \u00een minerale care se absorb u\u0219or \u00een piele. Restabile\u0219te pH-ul natural al pielii, hidrat\u00e2nd-o \u00een profunzime \u0219i protej\u00e2nd-o de oxidare. Acest lucru asigur\u0103 confort \u00een timpul color\u0103rii chiar \u0219i pentru cel mai uscat, mai sensibil \u0219i mai deshidratat scalp.<\/p>\n<p><em>Brilliant Lux 3D<\/em> este un ingredient activ inovator din plante cu propriet\u0103\u021bi de str\u0103lucire, ob\u021binut prin biotehnologia enzimatic\u0103 molecular\u0103. Ac\u021biunea sa se bazeaz\u0103 pe bioluminiscen\u021b\u0103, care poate transforma razele ultraviolete \u00eentr-o surs\u0103 de str\u0103lucire a p\u0103rului.<\/p>\n<p><em>Complex<\/em> de diamant &#8211; pudr\u0103 de diamant cu pentapeptide ultra-pure pentru a oferi p\u0103rului str\u0103lucire maxim\u0103. Structura sa special\u0103 face p\u0103rul puternic \u0219i protejat.<\/p>\n<p><em>Ceaiul verde<\/em> este un concentrat de antioxidanti din plante. Creeaz\u0103 o barier\u0103 pe piele \u0219i o protejeaz\u0103 de descuamare. Incetineste imbatranirea celulara si promoveaza regenerarea acestora.<\/p>\n<p><em>Fitokeratina<\/em> \u2013 este format\u0103 din 18 aminoacizi ob\u021binu\u021bi din cereale. Fitokeratina umple stratul interior de cheratina, red\u00e2nd puterea \u0219i str\u0103lucirea p\u0103rului.<\/p>\n<p><em>Pigmen\u021bi puri<\/em> &#8211; datorit\u0103 tehnologiei de colorare cu micromolecule, pigmen\u021bii cu o puritate de 99,8% sunt activa\u021bi cu con\u021binut foarte sc\u0103zut de amoniac (\u00een medie 1,5%) \u0219i coloreaz\u0103 p\u0103rul f\u0103r\u0103 a-l deteriora.<\/p>\n<p><strong>Volum:<\/strong> 100 ml<\/p>\n<p><span style=\"font-size: 100%;\"><strong>Aten\u021bie:<\/strong> numai pentru uz extern. \u00cen caz de contact cu ochii, cl\u0103ti\u021bi cu mult\u0103 ap\u0103. A nu se lasa la indemana copiilor.<\/span><\/p>","protected":false},"excerpt":{"rendered":"<p>Shot Born To Be Blond Color Cream &#8211; vopsire cu amoniac foarte sc\u0103zut pentru culori deschise. Gam\u0103 larg\u0103 de nuan\u021be pentru blonde impecabile.<\/p>\n","protected":false},"featured_media":1049,"template":"","meta":[],"product_brand":[],"product_cat":[40],"product_tag":[],"class_list":{"0":"post-1047","1":"product","2":"type-product","3":"status-publish","4":"has-post-thumbnail","6":"product_cat-vopsele","7":"pa_brand-shot","8":"pa_producator-italia","9":"pa_serie-born-to-be","10":"pa_tip-produs-vopsea-par","11":"pa_volum-100-ml","13":"first","14":"instock","15":"shipping-taxable","16":"product-type-simple"},"_links":{"self":[{"href":"https:\/\/beauty-glow.md\/ro\/wp-json\/wp\/v2\/product\/1047","targetHints":{"allow":["GET"]}}],"collection":[{"href":"https:\/\/beauty-glow.md\/ro\/wp-json\/wp\/v2\/product"}],"about":[{"href":"https:\/\/beauty-glow.md\/ro\/wp-json\/wp\/v2\/types\/product"}],"wp:featuredmedia":[{"embeddable":true,"href":"https:\/\/beauty-glow.md\/ro\/wp-json\/wp\/v2\/media\/1049"}],"wp:attachment":[{"href":"https:\/\/beauty-glow.md\/ro\/wp-json\/wp\/v2\/media?parent=1047"}],"wp:term":[{"taxonomy":"product_brand","embeddable":true,"href":"https:\/\/beauty-glow.md\/ro\/wp-json\/wp\/v2\/product_brand?post=1047"},{"taxonomy":"product_cat","embeddable":true,"href":"https:\/\/beauty-glow.md\/ro\/wp-json\/wp\/v2\/product_cat?post=1047"},{"taxonomy":"product_tag","embeddable":true,"href":"https:\/\/beauty-glow.md\/ro\/wp-json\/wp\/v2\/product_tag?post=1047"}],"curies":[{"name":"wp","href":"https:\/\/api.w.org\/{rel}","templated":true}]}}