{"id":1065,"date":"2024-01-04T09:07:50","date_gmt":"2024-01-04T09:07:50","guid":{"rendered":"https:\/\/beauty-glow.md\/?post_type=product&#038;p=1065"},"modified":"2025-10-28T09:28:27","modified_gmt":"2025-10-28T09:28:27","slug":"shot-born-to-be-activator","status":"publish","type":"product","link":"https:\/\/beauty-glow.md\/ro\/shop\/shot-born-to-be-activator\/","title":{"rendered":"Activator de toner Shot Born To Be Activator 1000ml"},"content":{"rendered":"<h2 style=\"text-align: center;\">Activator de toner Shot Born To Be Activator<\/h2>\n<p><img decoding=\"async\" class=\"wp-image-1064 alignleft\" src=\"https:\/\/beauty-glow.md\/wp-content\/uploads\/2023\/12\/Beauty-glow.md-Shot-Born-to-be-Toner.jpeg\" alt=\"Shot Born To Be Toner\" width=\"350\" height=\"438\" title=\"\" srcset=\"https:\/\/beauty-glow.md\/wp-content\/uploads\/2023\/12\/Beauty-glow.md-Shot-Born-to-be-Toner.jpeg 1440w, https:\/\/beauty-glow.md\/wp-content\/uploads\/2023\/12\/Beauty-glow.md-Shot-Born-to-be-Toner-320x400.jpeg 320w, https:\/\/beauty-glow.md\/wp-content\/uploads\/2023\/12\/Beauty-glow.md-Shot-Born-to-be-Toner-640x800.jpeg 640w, https:\/\/beauty-glow.md\/wp-content\/uploads\/2023\/12\/Beauty-glow.md-Shot-Born-to-be-Toner-768x960.jpeg 768w, https:\/\/beauty-glow.md\/wp-content\/uploads\/2023\/12\/Beauty-glow.md-Shot-Born-to-be-Toner-1229x1536.jpeg 1229w, https:\/\/beauty-glow.md\/wp-content\/uploads\/2023\/12\/Beauty-glow.md-Shot-Born-to-be-Toner-300x375.jpeg 300w, https:\/\/beauty-glow.md\/wp-content\/uploads\/2023\/12\/Beauty-glow.md-Shot-Born-to-be-Toner-600x750.jpeg 600w\" sizes=\"(max-width: 350px) 100vw, 350px\" \/>Activator cremos al <a href=\"https:\/\/beauty-glow.md\/tip-produs\/toner-pentru-par\/\">tonerului de p\u0103r<\/a> <a href=\"https:\/\/www.cosmeticcenter.it\/\" target=\"_blank\" rel=\"noopener\">Shot<\/a>, conceput pentru a proteja scalpul activ\u00e2nd procesele oxidative \u0219i furniz\u00e2nd ingrediente active direct \u00een structura p\u0103rului. Bogat \u00een emolien\u021bi \u0219i uleiuri protectoare. Creeaz\u0103 o pelicul\u0103 protectoare pe suprafa\u021ba p\u0103rului, care neteze\u0219te \u0219i protejeaz\u0103 solzii de p\u0103r.<\/p>\n<p><strong>Volum:<\/strong> 1000 ml<\/p>\n<p><strong>Mod de utilizare:<\/strong> amesteca\u021bi \u00eentr-un raport de 1:1 cu toner Shot Born To Be Toner. Se aplica pe par, se lasa sa actioneze 15\u201330 de minute, in functie de intensitatea dorita, se clateste cu apa calduta. Aplica\u021bi un \u0219ampon \u0219i o masc\u0103 acidifiante specializate, cl\u0103ti\u021bi \u0219i \u00eencepe\u021bi s\u0103 v\u0103 coafa\u021bi p\u0103rul.<\/p>\n<p><span style=\"font-size: 100%;\"><strong>Aten\u021bie:<\/strong> numai pentru uz extern. \u00cen caz de contact cu ochii, cl\u0103ti\u021bi cu mult\u0103 ap\u0103. A nu se lasa la indemana copiilor.<\/span><\/p>","protected":false},"excerpt":{"rendered":"<p>Shot Born To Be Activator &#8211; proiectat pentru a fi amestecat cu tonerul Shot Born to Be Toner.<\/p>\n","protected":false},"featured_media":1066,"template":"","meta":[],"product_brand":[],"product_cat":[41],"product_tag":[],"class_list":{"0":"post-1065","1":"product","2":"type-product","3":"status-publish","4":"has-post-thumbnail","6":"product_cat-oxidanti","7":"pa_brand-shot","8":"pa_producator-italia","9":"pa_serie-born-to-be","10":"pa_tip-produs-activator-de-pigment","11":"pa_volum-1000-ml","13":"first","14":"instock","15":"shipping-taxable","16":"product-type-simple"},"_links":{"self":[{"href":"https:\/\/beauty-glow.md\/ro\/wp-json\/wp\/v2\/product\/1065","targetHints":{"allow":["GET"]}}],"collection":[{"href":"https:\/\/beauty-glow.md\/ro\/wp-json\/wp\/v2\/product"}],"about":[{"href":"https:\/\/beauty-glow.md\/ro\/wp-json\/wp\/v2\/types\/product"}],"wp:featuredmedia":[{"embeddable":true,"href":"https:\/\/beauty-glow.md\/ro\/wp-json\/wp\/v2\/media\/1066"}],"wp:attachment":[{"href":"https:\/\/beauty-glow.md\/ro\/wp-json\/wp\/v2\/media?parent=1065"}],"wp:term":[{"taxonomy":"product_brand","embeddable":true,"href":"https:\/\/beauty-glow.md\/ro\/wp-json\/wp\/v2\/product_brand?post=1065"},{"taxonomy":"product_cat","embeddable":true,"href":"https:\/\/beauty-glow.md\/ro\/wp-json\/wp\/v2\/product_cat?post=1065"},{"taxonomy":"product_tag","embeddable":true,"href":"https:\/\/beauty-glow.md\/ro\/wp-json\/wp\/v2\/product_tag?post=1065"}],"curies":[{"name":"wp","href":"https:\/\/api.w.org\/{rel}","templated":true}]}}