{"id":1075,"date":"2024-01-04T11:23:12","date_gmt":"2024-01-04T11:23:12","guid":{"rendered":"https:\/\/beauty-glow.md\/?post_type=product&#038;p=1075"},"modified":"2025-10-30T17:47:29","modified_gmt":"2025-10-30T17:47:29","slug":"shot-wave-or-perm-my-fix","status":"publish","type":"product","link":"https:\/\/beauty-glow.md\/ro\/shop\/shot-wave-or-perm-my-fix\/","title":{"rendered":"Solu\u0163ie de permanent fixativ Shot Wave or Perm My Fix 500ml"},"content":{"rendered":"<h2 style=\"text-align: center;\">Solu\u0163ie de permanent fixativ Shot Wave or Perm My Fix<\/h2>\n<p><img decoding=\"async\" class=\"wp-image-1070 alignleft\" src=\"https:\/\/beauty-glow.md\/wp-content\/uploads\/2023\/12\/Beauty-glow.md-Shot-Wave-or-Perm-Serie.jpg\" alt=\"Shot Wave or Perm\" width=\"350\" height=\"350\" title=\"\" srcset=\"https:\/\/beauty-glow.md\/wp-content\/uploads\/2023\/12\/Beauty-glow.md-Shot-Wave-or-Perm-Serie.jpg 500w, https:\/\/beauty-glow.md\/wp-content\/uploads\/2023\/12\/Beauty-glow.md-Shot-Wave-or-Perm-Serie-400x400.jpg 400w, https:\/\/beauty-glow.md\/wp-content\/uploads\/2023\/12\/Beauty-glow.md-Shot-Wave-or-Perm-Serie-280x280.jpg 280w, https:\/\/beauty-glow.md\/wp-content\/uploads\/2023\/12\/Beauty-glow.md-Shot-Wave-or-Perm-Serie-300x300.jpg 300w, https:\/\/beauty-glow.md\/wp-content\/uploads\/2023\/12\/Beauty-glow.md-Shot-Wave-or-Perm-Serie-100x100.jpg 100w\" sizes=\"(max-width: 350px) 100vw, 350px\" \/><a href=\"https:\/\/beauty-glow.md\/tip-produs\/modulator\/\">Modulator<\/a> pentru compozi\u021bia chimic\u0103 <a href=\"https:\/\/beauty-glow.md\/tip-produs\/modulator\/\">Shot<\/a>.<\/p>\n<p>Un <a href=\"https:\/\/beauty-glow.md\/ro\/tip-produs\/fixativ-de-permanent\/\">fixativ<\/a> lichid special pentru compozi\u021bia chimic\u0103 <a href=\"https:\/\/www.cosmeticcenter.it\/\" target=\"_blank\" rel=\"noopener\">Shot<\/a> stabilizeaz\u0103 structura keratinei a p\u0103rului, fixeaz\u0103 rezultatul, f\u0103c\u00e2nd buclele elastice \u0219i durabile, hidrateaz\u0103 \u0219i adaug\u0103 str\u0103lucire p\u0103rului.<\/p>\n<p><strong>Volum:<\/strong> 500 ml<\/p>\n<p><strong>Mod de utilizare: <\/strong>Dup\u0103 ce compusul permanent este cl\u0103tit de pe p\u0103r, usca\u021bi-v\u0103 p\u0103rul cu un prosop \u0219i aplica\u021bi fixativ timp de 5 minute. Scoate\u021bi bigudiurile. Cl\u0103ti\u021bi cu ap\u0103.<\/p>\n<p><span style=\"font-size: 100%;\">Aten\u021bie: numai pentru uz extern. \u00cen caz de contact cu ochii, cl\u0103ti\u021bi cu mult\u0103 ap\u0103. A nu se lasa la indemana copiilor.<\/span><\/p>","protected":false},"excerpt":{"rendered":"<p>Shot Wave or Perm My Fix &#8211; pentru a consolida rezultatele permanentei sau coafarii pe termen lung<\/p>\n","protected":false},"featured_media":1076,"template":"","meta":[],"product_brand":[],"product_cat":[140,175],"product_tag":[],"class_list":{"0":"post-1075","1":"product","2":"type-product","3":"status-publish","4":"has-post-thumbnail","6":"product_cat-ondulare-permanenta","7":"product_cat-produse-pentru-saloane","8":"pa_brand-shot","9":"pa_producator-italia","10":"pa_serie-wave-or-perm","11":"pa_tip-produs-fixativ-de-permanent","12":"pa_volum-500-ml","14":"first","15":"instock","16":"shipping-taxable","17":"product-type-simple"},"_links":{"self":[{"href":"https:\/\/beauty-glow.md\/ro\/wp-json\/wp\/v2\/product\/1075","targetHints":{"allow":["GET"]}}],"collection":[{"href":"https:\/\/beauty-glow.md\/ro\/wp-json\/wp\/v2\/product"}],"about":[{"href":"https:\/\/beauty-glow.md\/ro\/wp-json\/wp\/v2\/types\/product"}],"wp:featuredmedia":[{"embeddable":true,"href":"https:\/\/beauty-glow.md\/ro\/wp-json\/wp\/v2\/media\/1076"}],"wp:attachment":[{"href":"https:\/\/beauty-glow.md\/ro\/wp-json\/wp\/v2\/media?parent=1075"}],"wp:term":[{"taxonomy":"product_brand","embeddable":true,"href":"https:\/\/beauty-glow.md\/ro\/wp-json\/wp\/v2\/product_brand?post=1075"},{"taxonomy":"product_cat","embeddable":true,"href":"https:\/\/beauty-glow.md\/ro\/wp-json\/wp\/v2\/product_cat?post=1075"},{"taxonomy":"product_tag","embeddable":true,"href":"https:\/\/beauty-glow.md\/ro\/wp-json\/wp\/v2\/product_tag?post=1075"}],"curies":[{"name":"wp","href":"https:\/\/api.w.org\/{rel}","templated":true}]}}