{"id":1077,"date":"2024-01-04T11:51:16","date_gmt":"2024-01-04T11:51:16","guid":{"rendered":"https:\/\/beauty-glow.md\/?post_type=product&#038;p=1077"},"modified":"2024-01-26T11:20:03","modified_gmt":"2024-01-26T11:20:03","slug":"shot-on-hair-pigment","status":"publish","type":"product","link":"https:\/\/beauty-glow.md\/ro\/shop\/shot-on-hair-pigment\/","title":{"rendered":"Pigment de tonificare a p\u0103rului Shot On Hair Pigment 100ml"},"content":{"rendered":"<h2 style=\"text-align: center;\">Pigment de p\u0103r Shot On Hair Pigment<\/h2>\n<p><a href=\"https:\/\/beauty-glow.md\/attribute\/tip-produs\/masca-par\/\"><img decoding=\"async\" class=\"wp-image-1088 alignleft\" src=\"https:\/\/beauty-glow.md\/wp-content\/uploads\/2023\/12\/Beauty-glow.md-On-hair-pigments-.jpg\" alt=\"Shot On Hair Pigment\" width=\"350\" height=\"350\" title=\"\" srcset=\"https:\/\/beauty-glow.md\/wp-content\/uploads\/2023\/12\/Beauty-glow.md-On-hair-pigments-.jpg 1772w, https:\/\/beauty-glow.md\/wp-content\/uploads\/2023\/12\/Beauty-glow.md-On-hair-pigments--400x400.jpg 400w, https:\/\/beauty-glow.md\/wp-content\/uploads\/2023\/12\/Beauty-glow.md-On-hair-pigments--800x800.jpg 800w, https:\/\/beauty-glow.md\/wp-content\/uploads\/2023\/12\/Beauty-glow.md-On-hair-pigments--280x280.jpg 280w, https:\/\/beauty-glow.md\/wp-content\/uploads\/2023\/12\/Beauty-glow.md-On-hair-pigments--768x768.jpg 768w, https:\/\/beauty-glow.md\/wp-content\/uploads\/2023\/12\/Beauty-glow.md-On-hair-pigments--1536x1536.jpg 1536w, https:\/\/beauty-glow.md\/wp-content\/uploads\/2023\/12\/Beauty-glow.md-On-hair-pigments--300x300.jpg 300w, https:\/\/beauty-glow.md\/wp-content\/uploads\/2023\/12\/Beauty-glow.md-On-hair-pigments--600x600.jpg 600w, https:\/\/beauty-glow.md\/wp-content\/uploads\/2023\/12\/Beauty-glow.md-On-hair-pigments--100x100.jpg 100w\" sizes=\"(max-width: 350px) 100vw, 350px\" \/><\/a><a href=\"https:\/\/www.cosmeticcenter.it\/\" target=\"_blank\" rel=\"noopener\">Shot<\/a> Pure <a href=\"https:\/\/beauty-glow.md\/tip-produs\/pigment\/\">Pigments<\/a>: o formul\u0103 special\u0103 care con\u021bine pigmen\u021bi concentra\u021bi ofer\u0103 o culoare vibrant\u0103 a p\u0103rului \u00een tonuri bogate. Produsul nu con\u021bine intermediari oxidan\u021bi, amoniac, monoetanolamin\u0103. Gama de pigmen\u021bi de baz\u0103 cu ac\u021biune direct\u0103, care v\u0103 permite s\u0103 crea\u021bi efecte de culoare arbitrare, include at\u00e2t nuan\u021be bogate, c\u00e2t \u0219i pasteluri sp\u0103late. Diferite nuan\u021be pot fi amestecate \u00eentre ele. Pure Pigments contine vitamina A, vitamina E, extract de baobab, extracte de flori de lotus in concentratia potrivita, au efect antioxidant si nutritiv si actioneaza asupra cheratinei, crescand elasticitatea si cresterea volumului parului.<\/p>\n<p>Con\u021binutul crescut de vitamine are efect anti-\u00eemb\u0103tr\u00e2nire \u0219i prelunge\u0219te durabilitatea culorii, f\u0103c\u00e2nd p\u0103rul str\u0103lucitor, puternic \u0219i str\u0103lucitor.<\/p>\n<p><em>Pigmen\u021bi se pot folosi:<\/em><\/p>\n<ul>\n<li>ca aditiv la \u0219ampon, m\u0103\u0219ti \u0219i balsamuri;<\/li>\n<li>ca aditiv la mousse, geluri, agen\u021bi de finisare lichizi;<\/li>\n<li>dizolvat \u00een ap\u0103 pentru cl\u0103tire, ad\u0103ug\u00e2nd str\u0103lucire.<\/li>\n<\/ul>\n<p><strong>Volum:<\/strong> 100 ml<\/p>\n<p><strong>Mod de utilizare: <\/strong>Se aplica pe parul pre-albit, curat, uscat sau umed, in functie de intensitatea nuanta dorita. Rat\u0103 de penetrare extrem de rapid\u0103: dureaz\u0103 doar c\u00e2teva secunde pentru a ob\u021bine tonuri transparente \u0219i maximum 10 minute pentru culori mai saturate. La sf\u00e2r\u0219itul expunerii, cl\u0103ti\u021bi \u0219i continua\u021bi cu coafarea.<\/p>\n<p><span style=\"font-size: 100%;\"><strong>Aten\u021bie:<\/strong> numai pentru uz extern. \u00cen caz de contact cu ochii, cl\u0103ti\u021bi cu mult\u0103 ap\u0103. A nu se lasa la indemana copiilor.<\/span><\/p>","protected":false},"excerpt":{"rendered":"<p>Shot On Hair Pigment ofer\u0103 o colorare str\u0103lucitoare a p\u0103rului \u00een nuan\u021be bogate.<\/p>\n","protected":false},"featured_media":1087,"template":"","meta":[],"product_brand":[],"product_cat":[70,233],"product_tag":[],"class_list":{"0":"post-1077","1":"product","2":"type-product","3":"status-publish","4":"has-post-thumbnail","6":"product_cat-toate-tipurile","7":"product_cat-pigmenti-directi","8":"pa_brand-shot","9":"pa_producator-italia","10":"pa_serie-on-hair","11":"pa_tip-produs-pigment","12":"pa_volum-100-ml","14":"first","15":"instock","16":"shipping-taxable","17":"product-type-variable"},"_links":{"self":[{"href":"https:\/\/beauty-glow.md\/ro\/wp-json\/wp\/v2\/product\/1077","targetHints":{"allow":["GET"]}}],"collection":[{"href":"https:\/\/beauty-glow.md\/ro\/wp-json\/wp\/v2\/product"}],"about":[{"href":"https:\/\/beauty-glow.md\/ro\/wp-json\/wp\/v2\/types\/product"}],"wp:featuredmedia":[{"embeddable":true,"href":"https:\/\/beauty-glow.md\/ro\/wp-json\/wp\/v2\/media\/1087"}],"wp:attachment":[{"href":"https:\/\/beauty-glow.md\/ro\/wp-json\/wp\/v2\/media?parent=1077"}],"wp:term":[{"taxonomy":"product_brand","embeddable":true,"href":"https:\/\/beauty-glow.md\/ro\/wp-json\/wp\/v2\/product_brand?post=1077"},{"taxonomy":"product_cat","embeddable":true,"href":"https:\/\/beauty-glow.md\/ro\/wp-json\/wp\/v2\/product_cat?post=1077"},{"taxonomy":"product_tag","embeddable":true,"href":"https:\/\/beauty-glow.md\/ro\/wp-json\/wp\/v2\/product_tag?post=1077"}],"curies":[{"name":"wp","href":"https:\/\/api.w.org\/{rel}","templated":true}]}}