{"id":1109,"date":"2024-01-04T12:37:01","date_gmt":"2024-01-04T12:37:01","guid":{"rendered":"https:\/\/beauty-glow.md\/?post_type=product&#038;p=1109"},"modified":"2025-10-28T09:02:54","modified_gmt":"2025-10-28T09:02:54","slug":"shot-on-hair-power-color","status":"publish","type":"product","link":"https:\/\/beauty-glow.md\/ro\/shop\/shot-on-hair-power-color\/","title":{"rendered":"Vopsea de p\u0103r Shot On Hair Power Color 100ml"},"content":{"rendered":"<h2 style=\"text-align: center;\">Vopsea de p\u0103r Shot On Hair Power Color<\/h2>\n<p><img decoding=\"async\" class=\"wp-image-1119 alignleft\" src=\"https:\/\/beauty-glow.md\/wp-content\/uploads\/2023\/12\/Beauty-glow.md-On-hair-.jpg\" alt=\"Shot On Hair Power Color\" width=\"350\" height=\"350\" title=\"\" srcset=\"https:\/\/beauty-glow.md\/wp-content\/uploads\/2023\/12\/Beauty-glow.md-On-hair-.jpg 960w, https:\/\/beauty-glow.md\/wp-content\/uploads\/2023\/12\/Beauty-glow.md-On-hair--400x400.jpg 400w, https:\/\/beauty-glow.md\/wp-content\/uploads\/2023\/12\/Beauty-glow.md-On-hair--800x800.jpg 800w, https:\/\/beauty-glow.md\/wp-content\/uploads\/2023\/12\/Beauty-glow.md-On-hair--280x280.jpg 280w, https:\/\/beauty-glow.md\/wp-content\/uploads\/2023\/12\/Beauty-glow.md-On-hair--768x768.jpg 768w, https:\/\/beauty-glow.md\/wp-content\/uploads\/2023\/12\/Beauty-glow.md-On-hair--300x300.jpg 300w, https:\/\/beauty-glow.md\/wp-content\/uploads\/2023\/12\/Beauty-glow.md-On-hair--600x600.jpg 600w, https:\/\/beauty-glow.md\/wp-content\/uploads\/2023\/12\/Beauty-glow.md-On-hair--100x100.jpg 100w\" sizes=\"(max-width: 350px) 100vw, 350px\" \/><\/p>\n<p><a href=\"https:\/\/beauty-glow.md\/tip-produs\/vopsea-par\/\">Vopsea<\/a> <a href=\"https:\/\/www.cosmeticcenter.it\/\" target=\"_blank\" rel=\"noopener\">Shot<\/a> este cea mai nou\u0103 formul\u0103 exclusiv\u0103 a lui Shot. Vopsea de ultim\u0103 genera\u021bie cu concentra\u021bie EXTRA POWER &#8211; pigmen\u021bi de colorare 3D cu un grad ridicat de leg\u0103tur\u0103 cu p\u0103rul, \u00eembog\u0103\u021bi\u021bi cu substan\u021be nutritive \u0219i reparatoare pe baz\u0103 de Colagen \u0219i Keratin\u0103. Vopseaua Power Color este ideal\u0103 pentru colorarea total\u0103 sau par\u021bial\u0103; pentru a ob\u021bine efectul NEON-Flash; v\u0103 permite s\u0103 ob\u021bine\u021bi nuan\u021be luminoase, unice \u0219i bogate; acoperire total\u0103 gri.<\/p>\n<p><strong>Volum:<\/strong> 100 ml<\/p>\n<p>Datorit\u0103 propriet\u0103\u021bilor sale, colorantul Power Color are o valoare multifunc\u021bional\u0103 \u0219i poate fi utilizat ca:<\/p>\n<p>1. Colorant: in raport de 1:1,5 cu Emulsie oxidanta 10;20;30;40 Vol, in functie de gradul de decolorare si obtinerea nuantei dorite.<\/p>\n<p>2. Amplificator de nuan\u021b\u0103: amesteca\u021bi dup\u0103 dorin\u021b\u0103 \u0219i \u00een func\u021bie de intensitatea nuan\u021bei dorite cu colorantul DNA Color. (exemplu: 40 de grame de colorant Dna Color + 20 de grame de colorant Power Color + 90 ml de emulsie oxidant\u0103).<\/p>\n<p>3. Corector de nuan\u021b\u0103: amesteca\u021bi cu colorant Dna Color pentru a corecta nuan\u021be nedorite de la 1-10 cm Power Color la 30 g. Culoare ADN.<\/p>\n<p>4. Nuan\u021b\u0103 neutr\u0103 (transparent\u0103): Se amestec\u0103 cu nuan\u021be Power Color \u0219i emulsie oxidant\u0103 pentru a reduce intensitatea pigmen\u021bilor de culoare. C\u00e2nd este folosit \u00een form\u0103 pur\u0103 \u0219i amestecat cu Emulsie Oxidante 10 vol. \u00een raport de 1:1,5, ofer\u0103 str\u0103lucire \u0219i str\u0103lucire p\u0103rului. Volum: 100 ml.<\/p>\n<p><span style=\"font-size: 100%;\"><strong>Aten\u021bie:<\/strong> numai pentru uz extern. \u00cen caz de contact cu ochii, cl\u0103ti\u021bi cu mult\u0103 ap\u0103. A nu se lasa la indemana copiilor.<\/span><\/p>","protected":false},"excerpt":{"rendered":"<p>Shot On Hair Power Color v\u0103 permite s\u0103 ob\u021bine\u021bi nuan\u021be luminoase, unice \u0219i bogate; acoperire total\u0103 a p\u0103rului gri.<\/p>\n","protected":false},"featured_media":1120,"template":"","meta":[],"product_brand":[],"product_cat":[40],"product_tag":[],"class_list":{"0":"post-1109","1":"product","2":"type-product","3":"status-publish","4":"has-post-thumbnail","6":"product_cat-vopsele","7":"pa_brand-shot","8":"pa_producator-italia","9":"pa_serie-on-hair","10":"pa_tip-produs-vopsea-par","11":"pa_volum-100-ml","13":"first","14":"instock","15":"shipping-taxable","16":"product-type-variable"},"_links":{"self":[{"href":"https:\/\/beauty-glow.md\/ro\/wp-json\/wp\/v2\/product\/1109","targetHints":{"allow":["GET"]}}],"collection":[{"href":"https:\/\/beauty-glow.md\/ro\/wp-json\/wp\/v2\/product"}],"about":[{"href":"https:\/\/beauty-glow.md\/ro\/wp-json\/wp\/v2\/types\/product"}],"wp:featuredmedia":[{"embeddable":true,"href":"https:\/\/beauty-glow.md\/ro\/wp-json\/wp\/v2\/media\/1120"}],"wp:attachment":[{"href":"https:\/\/beauty-glow.md\/ro\/wp-json\/wp\/v2\/media?parent=1109"}],"wp:term":[{"taxonomy":"product_brand","embeddable":true,"href":"https:\/\/beauty-glow.md\/ro\/wp-json\/wp\/v2\/product_brand?post=1109"},{"taxonomy":"product_cat","embeddable":true,"href":"https:\/\/beauty-glow.md\/ro\/wp-json\/wp\/v2\/product_cat?post=1109"},{"taxonomy":"product_tag","embeddable":true,"href":"https:\/\/beauty-glow.md\/ro\/wp-json\/wp\/v2\/product_tag?post=1109"}],"curies":[{"name":"wp","href":"https:\/\/api.w.org\/{rel}","templated":true}]}}