{"id":1150,"date":"2024-01-04T13:04:44","date_gmt":"2024-01-04T13:04:44","guid":{"rendered":"https:\/\/beauty-glow.md\/?post_type=product&#038;p=1150"},"modified":"2025-10-28T09:14:42","modified_gmt":"2025-10-28T09:14:42","slug":"shot-gemstone-pigment","status":"publish","type":"product","link":"https:\/\/beauty-glow.md\/ro\/shop\/shot-gemstone-pigment\/","title":{"rendered":"Pigment de tonificare a p\u0103rului Shot GemStone Pigment 100ml"},"content":{"rendered":"<h2 style=\"text-align: center;\">Pigment de p\u0103r Shot GemStone Pigment<\/h2>\n<p><a href=\"https:\/\/www.cosmeticcenter.it\/\" target=\"_blank\" rel=\"noopener\"><img decoding=\"async\" class=\"wp-image-1160 alignleft\" src=\"https:\/\/beauty-glow.md\/wp-content\/uploads\/2023\/12\/Beauty-glow.md-Shot-Gemstone-Pigment-.jpg\" alt=\"Shot GemStone Pigment\" width=\"350\" height=\"350\" title=\"\" srcset=\"https:\/\/beauty-glow.md\/wp-content\/uploads\/2023\/12\/Beauty-glow.md-Shot-Gemstone-Pigment-.jpg 1920w, https:\/\/beauty-glow.md\/wp-content\/uploads\/2023\/12\/Beauty-glow.md-Shot-Gemstone-Pigment--400x400.jpg 400w, https:\/\/beauty-glow.md\/wp-content\/uploads\/2023\/12\/Beauty-glow.md-Shot-Gemstone-Pigment--800x800.jpg 800w, https:\/\/beauty-glow.md\/wp-content\/uploads\/2023\/12\/Beauty-glow.md-Shot-Gemstone-Pigment--280x280.jpg 280w, https:\/\/beauty-glow.md\/wp-content\/uploads\/2023\/12\/Beauty-glow.md-Shot-Gemstone-Pigment--768x768.jpg 768w, https:\/\/beauty-glow.md\/wp-content\/uploads\/2023\/12\/Beauty-glow.md-Shot-Gemstone-Pigment--1536x1536.jpg 1536w, https:\/\/beauty-glow.md\/wp-content\/uploads\/2023\/12\/Beauty-glow.md-Shot-Gemstone-Pigment--300x300.jpg 300w, https:\/\/beauty-glow.md\/wp-content\/uploads\/2023\/12\/Beauty-glow.md-Shot-Gemstone-Pigment--600x600.jpg 600w, https:\/\/beauty-glow.md\/wp-content\/uploads\/2023\/12\/Beauty-glow.md-Shot-Gemstone-Pigment--100x100.jpg 100w\" sizes=\"(max-width: 350px) 100vw, 350px\" \/>Shot<\/a> Pure <a href=\"https:\/\/beauty-glow.md\/tip-produs\/pigment\/\">Pigments<\/a>: o formul\u0103 special\u0103 care con\u021bine pigmen\u021bi concentra\u021bi ofer\u0103 o culoare vibrant\u0103 a p\u0103rului \u00een tonuri bogate. Pure Pigments contine vitamina A, vitamina E, extract de baobab, extracte de flori de lotus in concentratia potrivita, au efect antioxidant si nutritiv si actioneaza asupra cheratinei, crescand elasticitatea si cresterea volumului parului.<\/p>\n<p><strong>Mod de aplicare:<\/strong><\/p>\n<ol>\n<li>Aplica\u021bi vopsea de p\u0103r Gemstone pe p\u0103rul curat, uscat cu prosopul \u0219i piept\u0103na\u021bi bine. Se lasa sa actioneze: de la 3 la 30 de minute, in functie de intensitatea nuantei dorite.<\/li>\n<li>\u00centr-un recipient nemetalic, amesteca\u021bi pigmentul Gemstone pentru vopsirea p\u0103rului cu emulsia oxidant\u0103 Shot cream \u00eentr-un raport 1:1: 3%, 6%, 9% sau 12%, \u00een func\u021bie de gradul de iluminare dorit. Aplica\u021bi amestecul rezultat pe p\u0103r \u0219i monitoriza\u021bi vizual procesul de vopsire. C\u00e2nd ob\u021bine\u021bi rezultatul dorit, cl\u0103ti\u021bi cu aten\u021bie p\u0103rul cu ap\u0103 cald\u0103 p\u00e2n\u0103 c\u00e2nd apa devine limpede.<\/li>\n<\/ol>\n<p><strong>Volum:<\/strong> 100 ml<\/p>\n<p><span style=\"font-size: 100%;\"><strong>Aten\u021bie:<\/strong> numai pentru uz extern. \u00cen caz de contact cu ochii, cl\u0103ti\u021bi cu mult\u0103 ap\u0103. A nu se lasa la indemana copiilor.<\/span><\/p>","protected":false},"excerpt":{"rendered":"<p>Shot GemStone Pigment ofer\u0103 o colorare str\u0103lucitoare a p\u0103rului \u00een nuan\u021be bogate.<\/p>\n","protected":false},"featured_media":1162,"template":"","meta":[],"product_brand":[],"product_cat":[70,233],"product_tag":[],"class_list":{"0":"post-1150","1":"product","2":"type-product","3":"status-publish","4":"has-post-thumbnail","6":"product_cat-toate-tipurile","7":"product_cat-pigmenti-directi","8":"pa_brand-shot","9":"pa_producator-italia","10":"pa_serie-gemstone","11":"pa_tip-produs-pigment","12":"pa_volum-100-ml","14":"first","15":"instock","16":"shipping-taxable","17":"product-type-variable"},"_links":{"self":[{"href":"https:\/\/beauty-glow.md\/ro\/wp-json\/wp\/v2\/product\/1150","targetHints":{"allow":["GET"]}}],"collection":[{"href":"https:\/\/beauty-glow.md\/ro\/wp-json\/wp\/v2\/product"}],"about":[{"href":"https:\/\/beauty-glow.md\/ro\/wp-json\/wp\/v2\/types\/product"}],"wp:featuredmedia":[{"embeddable":true,"href":"https:\/\/beauty-glow.md\/ro\/wp-json\/wp\/v2\/media\/1162"}],"wp:attachment":[{"href":"https:\/\/beauty-glow.md\/ro\/wp-json\/wp\/v2\/media?parent=1150"}],"wp:term":[{"taxonomy":"product_brand","embeddable":true,"href":"https:\/\/beauty-glow.md\/ro\/wp-json\/wp\/v2\/product_brand?post=1150"},{"taxonomy":"product_cat","embeddable":true,"href":"https:\/\/beauty-glow.md\/ro\/wp-json\/wp\/v2\/product_cat?post=1150"},{"taxonomy":"product_tag","embeddable":true,"href":"https:\/\/beauty-glow.md\/ro\/wp-json\/wp\/v2\/product_tag?post=1150"}],"curies":[{"name":"wp","href":"https:\/\/api.w.org\/{rel}","templated":true}]}}