{"id":1187,"date":"2024-01-04T14:01:38","date_gmt":"2024-01-04T14:01:38","guid":{"rendered":"https:\/\/beauty-glow.md\/?post_type=product&#038;p=1187"},"modified":"2025-10-29T12:24:05","modified_gmt":"2025-10-29T12:24:05","slug":"extra-black-bleaching-cream","status":"publish","type":"product","link":"https:\/\/beauty-glow.md\/ro\/shop\/extra-black-bleaching-cream\/","title":{"rendered":"Crem\u0103 neagr\u0103 de decolorare p\u0103rului Shot Ambition Tech Extra Black Bleaching Cream 250gr"},"content":{"rendered":"<h2 style=\"text-align: center;\">Crem\u0103 neagr\u0103 de decolorare p\u0103rului Shot Ambition Tech Extra Black Bleaching Cream<\/h2>\n<p><a href=\"https:\/\/beauty-glow.md\/tip-produs\/pasta-decolorarea\/\">Crem\u0103 de decolorare<\/a> profesional\u0103 de ultim\u0103 genera\u021bie <a href=\"https:\/\/beauty-glow.md\/tip-produs\/pasta-decolorarea\/\">Shot<\/a>, \u00eembog\u0103\u021bit\u0103 cu pigment negru pentru a \u00eendep\u0103rta tonurile galben-portocalii nedorite. Capacitate de iluminare 7-8 tone. Extractele \u0219i uleiurile incluse \u00een compozi\u021bie protejeaz\u0103 scalpul \u0219i p\u0103rul.<\/p>\n<p><strong>Volum:<\/strong> 250 gr<\/p>\n<p><strong>Mod de utilizare:<\/strong> Crem\u0103 de decolorare profesional\u0103 de ultim\u0103 genera\u021bie Shot, \u00eembog\u0103\u021bit\u0103 cu pigment negru pentru a \u00eendep\u0103rta tonurile galben-portocalii nedorite. Capacitate de iluminare 7-8 tone. Extractele \u0219i uleiurile incluse \u00een compozi\u021bie protejeaz\u0103 scalpul \u0219i p\u0103rul.<\/p>\n<p><span style=\"font-size: 100%;\"><strong>Aten\u021bie:<\/strong> numai pentru uz extern. \u00cen caz de contact cu ochii, cl\u0103ti\u021bi cu mult\u0103 ap\u0103. A nu se lasa la indemana copiilor.<\/span><\/p>","protected":false},"excerpt":{"rendered":"<p>Shot Ambition Tech Extra Black Bleaching Cream decoloreaz\u0103 u\u0219or p\u0103rul, potrivit pentru orice tehnic\u0103 de aplicare.<\/p>\n","protected":false},"featured_media":1188,"template":"","meta":[],"product_brand":[],"product_cat":[70,124,175],"product_tag":[],"class_list":{"0":"post-1187","1":"product","2":"type-product","3":"status-publish","4":"has-post-thumbnail","6":"product_cat-toate-tipurile","7":"product_cat-decolorarea-parului","8":"product_cat-produse-pentru-saloane","9":"pa_brand-shot","10":"pa_producator-italia","11":"pa_serie-ambition-tech","12":"pa_tip-produs-pasta-decolorarea","13":"pa_volum-250-gr","15":"first","16":"instock","17":"shipping-taxable","18":"product-type-simple"},"_links":{"self":[{"href":"https:\/\/beauty-glow.md\/ro\/wp-json\/wp\/v2\/product\/1187","targetHints":{"allow":["GET"]}}],"collection":[{"href":"https:\/\/beauty-glow.md\/ro\/wp-json\/wp\/v2\/product"}],"about":[{"href":"https:\/\/beauty-glow.md\/ro\/wp-json\/wp\/v2\/types\/product"}],"wp:featuredmedia":[{"embeddable":true,"href":"https:\/\/beauty-glow.md\/ro\/wp-json\/wp\/v2\/media\/1188"}],"wp:attachment":[{"href":"https:\/\/beauty-glow.md\/ro\/wp-json\/wp\/v2\/media?parent=1187"}],"wp:term":[{"taxonomy":"product_brand","embeddable":true,"href":"https:\/\/beauty-glow.md\/ro\/wp-json\/wp\/v2\/product_brand?post=1187"},{"taxonomy":"product_cat","embeddable":true,"href":"https:\/\/beauty-glow.md\/ro\/wp-json\/wp\/v2\/product_cat?post=1187"},{"taxonomy":"product_tag","embeddable":true,"href":"https:\/\/beauty-glow.md\/ro\/wp-json\/wp\/v2\/product_tag?post=1187"}],"curies":[{"name":"wp","href":"https:\/\/api.w.org\/{rel}","templated":true}]}}