{"id":1194,"date":"2024-01-05T09:51:19","date_gmt":"2024-01-05T09:51:19","guid":{"rendered":"https:\/\/beauty-glow.md\/?post_type=product&#038;p=1194"},"modified":"2025-10-28T09:27:43","modified_gmt":"2025-10-28T09:27:43","slug":"oxydizing-blue-gel","status":"publish","type":"product","link":"https:\/\/beauty-glow.md\/ro\/shop\/oxydizing-blue-gel\/","title":{"rendered":"Gel oxidant cu pigment albastru Shot Ambition Tech Oxydizing Blue Gel 1000ml"},"content":{"rendered":"<h2 style=\"text-align: center;\">Gel oxidant cu pigment albastru Shot Ambition Tech Oxydizing Blue Gel<\/h2>\n<p><img decoding=\"async\" class=\"wp-image-1814 alignleft\" src=\"https:\/\/beauty-glow.md\/wp-content\/uploads\/2023\/08\/Beauty-glow.md-Shot-Gel-Oxidant-Special-Blond--400x400.jpg\" alt=\"Shot Ambition Tech Oxydizing Blue Gel\" width=\"350\" height=\"350\" title=\"\" srcset=\"https:\/\/beauty-glow.md\/wp-content\/uploads\/2023\/08\/Beauty-glow.md-Shot-Gel-Oxidant-Special-Blond--400x400.jpg 400w, https:\/\/beauty-glow.md\/wp-content\/uploads\/2023\/08\/Beauty-glow.md-Shot-Gel-Oxidant-Special-Blond--800x800.jpg 800w, https:\/\/beauty-glow.md\/wp-content\/uploads\/2023\/08\/Beauty-glow.md-Shot-Gel-Oxidant-Special-Blond--280x280.jpg 280w, https:\/\/beauty-glow.md\/wp-content\/uploads\/2023\/08\/Beauty-glow.md-Shot-Gel-Oxidant-Special-Blond--768x768.jpg 768w, https:\/\/beauty-glow.md\/wp-content\/uploads\/2023\/08\/Beauty-glow.md-Shot-Gel-Oxidant-Special-Blond--300x300.jpg 300w, https:\/\/beauty-glow.md\/wp-content\/uploads\/2023\/08\/Beauty-glow.md-Shot-Gel-Oxidant-Special-Blond--600x600.jpg 600w, https:\/\/beauty-glow.md\/wp-content\/uploads\/2023\/08\/Beauty-glow.md-Shot-Gel-Oxidant-Special-Blond--100x100.jpg 100w, https:\/\/beauty-glow.md\/wp-content\/uploads\/2023\/08\/Beauty-glow.md-Shot-Gel-Oxidant-Special-Blond-.jpg 960w\" sizes=\"(max-width: 350px) 100vw, 350px\" \/>Gel <a href=\"https:\/\/beauty-glow.md\/ro\/vopsire-si-styling\/oxidanti\/\">oxidant<\/a> <a href=\"https:\/\/www.cosmeticcenter.it\/\" target=\"_blank\" rel=\"noopener\">Shot<\/a>\u00a0cu pigment albastru. Elimin\u0103 tonurile galben-portocalii nedorite din p\u0103r. Mu\u0219e\u021belul \u0219i afinele incluse \u00een compozi\u021bie ofer\u0103 protec\u021bie ridicat\u0103 \u0219i \u00eengrijire suplimentar\u0103 p\u0103rului \u00een timpul color\u0103rii \u0219i albirii.<\/p>\n<p><strong>Volum:<\/strong> 1000 ml<\/p>\n<p><strong>Mod de utilizare:<\/strong> se amestec\u0103 cu vopsele Shot \u00eentr-un raport de 1,5 p\u0103r\u021bi emulsie oxidant\u0103 la 1 parte colorant. Pentru nuan\u021be superblond, 1 parte necesit\u0103 2,5 p\u0103r\u021bi de agent oxidant.<\/p>\n<p><span style=\"font-size: 100%;\"><strong>Aten\u021bie:<\/strong> numai pentru uz extern. \u00cen caz de contact cu ochii, cl\u0103ti\u021bi cu mult\u0103 ap\u0103. A nu se lasa la indemana copiilor.<\/span><\/p>","protected":false},"excerpt":{"rendered":"<p>Shot Ambition Tech Oxydizing Blue Gel &#8211; oxidant pentru vopsea cu pigment albastru, neutralizeaz\u0103 nuan\u021bele galbene.<\/p>\n","protected":false},"featured_media":2305,"template":"","meta":[],"product_brand":[],"product_cat":[41,175],"product_tag":[],"class_list":{"0":"post-1194","1":"product","2":"type-product","3":"status-publish","4":"has-post-thumbnail","6":"product_cat-oxidanti","7":"product_cat-produse-pentru-saloane","8":"pa_brand-shot","9":"pa_producator-italia","10":"pa_tip-produs-oxidant","11":"pa_volum-1000-ml","13":"first","14":"instock","15":"shipping-taxable","16":"product-type-variable"},"_links":{"self":[{"href":"https:\/\/beauty-glow.md\/ro\/wp-json\/wp\/v2\/product\/1194","targetHints":{"allow":["GET"]}}],"collection":[{"href":"https:\/\/beauty-glow.md\/ro\/wp-json\/wp\/v2\/product"}],"about":[{"href":"https:\/\/beauty-glow.md\/ro\/wp-json\/wp\/v2\/types\/product"}],"wp:featuredmedia":[{"embeddable":true,"href":"https:\/\/beauty-glow.md\/ro\/wp-json\/wp\/v2\/media\/2305"}],"wp:attachment":[{"href":"https:\/\/beauty-glow.md\/ro\/wp-json\/wp\/v2\/media?parent=1194"}],"wp:term":[{"taxonomy":"product_brand","embeddable":true,"href":"https:\/\/beauty-glow.md\/ro\/wp-json\/wp\/v2\/product_brand?post=1194"},{"taxonomy":"product_cat","embeddable":true,"href":"https:\/\/beauty-glow.md\/ro\/wp-json\/wp\/v2\/product_cat?post=1194"},{"taxonomy":"product_tag","embeddable":true,"href":"https:\/\/beauty-glow.md\/ro\/wp-json\/wp\/v2\/product_tag?post=1194"}],"curies":[{"name":"wp","href":"https:\/\/api.w.org\/{rel}","templated":true}]}}