{"id":1208,"date":"2024-01-05T10:21:47","date_gmt":"2024-01-05T10:21:47","guid":{"rendered":"https:\/\/beauty-glow.md\/?post_type=product&#038;p=1208"},"modified":"2025-10-28T09:51:46","modified_gmt":"2025-10-28T09:51:46","slug":"shot-ambition-tech-repairing-mousse","status":"publish","type":"product","link":"https:\/\/beauty-glow.md\/ro\/shop\/shot-ambition-tech-repairing-mousse\/","title":{"rendered":"Mousse revitalizant\u0103 cu t\u0103r\u00e2\u021be Shot Ambition Tech Repairing Mousse 200ml"},"content":{"rendered":"<h2 style=\"text-align: center;\">Mousse revitalizant\u0103 Shot Ambition Tech Repairing Mousse<\/h2>\n<p><span style=\"font-size: 14.4px;\"><a href=\"https:\/\/beauty-glow.md\/tip-produs\/mousse\/\"><img decoding=\"async\" class=\"wp-image-1209 alignleft\" src=\"https:\/\/beauty-glow.md\/wp-content\/uploads\/2023\/12\/Beauty-glow.md-Shot-Repairing-Mousse-.jpg\" alt=\"Shot Ambition Tech Repairing Mousse\" width=\"350\" height=\"350\" title=\"\" srcset=\"https:\/\/beauty-glow.md\/wp-content\/uploads\/2023\/12\/Beauty-glow.md-Shot-Repairing-Mousse-.jpg 1920w, https:\/\/beauty-glow.md\/wp-content\/uploads\/2023\/12\/Beauty-glow.md-Shot-Repairing-Mousse--400x400.jpg 400w, https:\/\/beauty-glow.md\/wp-content\/uploads\/2023\/12\/Beauty-glow.md-Shot-Repairing-Mousse--800x800.jpg 800w, https:\/\/beauty-glow.md\/wp-content\/uploads\/2023\/12\/Beauty-glow.md-Shot-Repairing-Mousse--280x280.jpg 280w, https:\/\/beauty-glow.md\/wp-content\/uploads\/2023\/12\/Beauty-glow.md-Shot-Repairing-Mousse--768x768.jpg 768w, https:\/\/beauty-glow.md\/wp-content\/uploads\/2023\/12\/Beauty-glow.md-Shot-Repairing-Mousse--1536x1536.jpg 1536w, https:\/\/beauty-glow.md\/wp-content\/uploads\/2023\/12\/Beauty-glow.md-Shot-Repairing-Mousse--300x300.jpg 300w, https:\/\/beauty-glow.md\/wp-content\/uploads\/2023\/12\/Beauty-glow.md-Shot-Repairing-Mousse--600x600.jpg 600w, https:\/\/beauty-glow.md\/wp-content\/uploads\/2023\/12\/Beauty-glow.md-Shot-Repairing-Mousse--100x100.jpg 100w\" sizes=\"(max-width: 350px) 100vw, 350px\" \/>Mousse<\/a>\u00a0<\/span><a style=\"font-size: 14.4px;\" href=\"https:\/\/www.cosmeticcenter.it\/\" target=\"_blank\" rel=\"noopener\">Shot<\/a><span style=\"font-size: 14.4px;\"> este un produs multifunc\u021bional pentru \u00eengrijirea p\u0103rului fin, precum \u0219i pentru protejarea p\u0103rului \u0219i a scalpului \u00een timpul procedurilor tehnice. Compozi\u021bia unic\u0103 con\u021bine t\u0103r\u00e2\u021be \u0219i proteine \u200b\u200bdin lapte. Este folosit pentru \u00eengrijirea p\u0103rului fin sub form\u0103 de balsam u\u0219or, f\u0103c\u00e2ndu-l moale, elastic \u0219i oferind o str\u0103lucire s\u0103n\u0103toas\u0103.<\/span><\/p>\n<p><strong>Volum:<\/strong> 200 ml<\/p>\n<p><strong>Mod de utilizare:<\/strong><\/p>\n<ol>\n<li>Aplica\u021bi mousse pe p\u0103r \u00eenainte de orice procedur\u0103 tehnic\u0103, piept\u0103na\u021bi, aplica\u021bi un amestec de colorare sau decolorare.<\/li>\n<li>Ad\u0103uga\u021bi 5-10 g la 30 g de colorant sau pudr\u0103 de \u00een\u0103lbitor la amestecul de colorant sau de \u00een\u0103lbitor.<\/li>\n<li>Ca balsam restaurator. Aplica\u021bi o cantitate mic\u0103 de mousse pe p\u0103rul cur\u0103\u021bat \u0219i umed, piept\u0103na\u021bi, nu cl\u0103ti\u021bi, trece\u021bi la uscare \u0219i coafare.<\/li>\n<\/ol>\n<p><span style=\"font-size: 100%;\"><strong>Aten\u021bie:<\/strong> numai pentru uz extern. \u00cen caz de contact cu ochii, cl\u0103ti\u021bi cu mult\u0103 ap\u0103. A nu se lasa la indemana copiilor.<\/span><\/p>","protected":false},"excerpt":{"rendered":"<p>Shot Ambition Tech Repairing Mousse &#8211; pentru \u00eengrijirea p\u0103rului sub\u021bire, \u00eel face moale, elastic \u0219i ofer\u0103 o str\u0103lucire s\u0103n\u0103toas\u0103.<\/p>\n","protected":false},"featured_media":1211,"template":"","meta":[],"product_brand":[],"product_cat":[70,54,248,39],"product_tag":[],"class_list":{"0":"post-1208","1":"product","2":"type-product","3":"status-publish","4":"has-post-thumbnail","6":"product_cat-toate-tipurile","7":"product_cat-restaurarea","8":"product_cat-mous-si-emulsie","9":"product_cat-styling","10":"pa_brand-shot","11":"pa_producator-italia","12":"pa_serie-ambition-tech","13":"pa_tip-produs-mousse","14":"pa_volum-200-ml","16":"first","17":"instock","18":"shipping-taxable","19":"product-type-simple"},"_links":{"self":[{"href":"https:\/\/beauty-glow.md\/ro\/wp-json\/wp\/v2\/product\/1208","targetHints":{"allow":["GET"]}}],"collection":[{"href":"https:\/\/beauty-glow.md\/ro\/wp-json\/wp\/v2\/product"}],"about":[{"href":"https:\/\/beauty-glow.md\/ro\/wp-json\/wp\/v2\/types\/product"}],"wp:featuredmedia":[{"embeddable":true,"href":"https:\/\/beauty-glow.md\/ro\/wp-json\/wp\/v2\/media\/1211"}],"wp:attachment":[{"href":"https:\/\/beauty-glow.md\/ro\/wp-json\/wp\/v2\/media?parent=1208"}],"wp:term":[{"taxonomy":"product_brand","embeddable":true,"href":"https:\/\/beauty-glow.md\/ro\/wp-json\/wp\/v2\/product_brand?post=1208"},{"taxonomy":"product_cat","embeddable":true,"href":"https:\/\/beauty-glow.md\/ro\/wp-json\/wp\/v2\/product_cat?post=1208"},{"taxonomy":"product_tag","embeddable":true,"href":"https:\/\/beauty-glow.md\/ro\/wp-json\/wp\/v2\/product_tag?post=1208"}],"curies":[{"name":"wp","href":"https:\/\/api.w.org\/{rel}","templated":true}]}}