{"id":1217,"date":"2024-01-05T10:46:37","date_gmt":"2024-01-05T10:46:37","guid":{"rendered":"https:\/\/beauty-glow.md\/?post_type=product&#038;p=1217"},"modified":"2025-10-28T09:51:19","modified_gmt":"2025-10-28T09:51:19","slug":"acidifying-equalizer-spray","status":"publish","type":"product","link":"https:\/\/beauty-glow.md\/ro\/shop\/acidifying-equalizer-spray\/","title":{"rendered":"Spray stabilizator dup\u0103 procedurile tehnice Shot Ambition Tech Acidifying Equalizer Spray 250ml"},"content":{"rendered":"<h2 style=\"text-align: center;\">Spray stabilizator dup\u0103 procedurile tehnice Shot Ambition Tech Acidifying Equalizer Spray<\/h2>\n<p><a href=\"https:\/\/beauty-glow.md\/attribute\/tip-produs\/sampon\/\"><img decoding=\"async\" class=\"wp-image-1214 alignleft\" src=\"https:\/\/beauty-glow.md\/wp-content\/uploads\/2023\/12\/Beauty-glow.md-Shot-Ambition-Tech-Serie.jpg\" alt=\"Shot Ambition Tech\" width=\"350\" height=\"350\" title=\"\" srcset=\"https:\/\/beauty-glow.md\/wp-content\/uploads\/2023\/12\/Beauty-glow.md-Shot-Ambition-Tech-Serie.jpg 1773w, https:\/\/beauty-glow.md\/wp-content\/uploads\/2023\/12\/Beauty-glow.md-Shot-Ambition-Tech-Serie-400x400.jpg 400w, https:\/\/beauty-glow.md\/wp-content\/uploads\/2023\/12\/Beauty-glow.md-Shot-Ambition-Tech-Serie-800x800.jpg 800w, https:\/\/beauty-glow.md\/wp-content\/uploads\/2023\/12\/Beauty-glow.md-Shot-Ambition-Tech-Serie-280x280.jpg 280w, https:\/\/beauty-glow.md\/wp-content\/uploads\/2023\/12\/Beauty-glow.md-Shot-Ambition-Tech-Serie-768x768.jpg 768w, https:\/\/beauty-glow.md\/wp-content\/uploads\/2023\/12\/Beauty-glow.md-Shot-Ambition-Tech-Serie-1536x1536.jpg 1536w, https:\/\/beauty-glow.md\/wp-content\/uploads\/2023\/12\/Beauty-glow.md-Shot-Ambition-Tech-Serie-300x300.jpg 300w, https:\/\/beauty-glow.md\/wp-content\/uploads\/2023\/12\/Beauty-glow.md-Shot-Ambition-Tech-Serie-600x600.jpg 600w, https:\/\/beauty-glow.md\/wp-content\/uploads\/2023\/12\/Beauty-glow.md-Shot-Ambition-Tech-Serie-100x100.jpg 100w\" sizes=\"(max-width: 350px) 100vw, 350px\" \/><\/a><a href=\"https:\/\/www.cosmeticcenter.it\/\" target=\"_blank\" rel=\"noopener\">Shot<\/a>\u00a0 Acidifying <a href=\"https:\/\/beauty-glow.md\/tip-produs\/spray\/\">Spray<\/a> Equalizer este ideal pentru utilizare dup\u0103 fiecare tratament tehnic, vopsire, permanentizare \u0219i \u00eendreptare chimic\u0103 a p\u0103rului. Sigileaz\u0103 scuamele cuticulei de p\u0103r \u0219i uniformizeaz\u0103 nivelul pH-ului.<\/p>\n<p>Fixeaza si pastreaza culoarea parului vopsit pentru o perioada indelungata, ii confera stralucire. Contine extract de aloe, vitamina E, ulei de masline, colagen, extract de caise. Nu contine SLES, SLS si parabeni.<\/p>\n<p><strong>Volum:<\/strong> 250 ml<\/p>\n<p><strong>Mod de utilizare:<\/strong> Pulveriza\u021bi pe p\u0103rul curat \u0219i umed \u0219i \u00eencepe\u021bi s\u0103 usca\u021bi sau s\u0103 coafa\u021bi.<\/p>\n<p><span style=\"font-size: 100%;\"><strong>Aten\u021bie:<\/strong> numai pentru uz extern. \u00cen caz de contact cu ochii, cl\u0103ti\u021bi cu mult\u0103 ap\u0103. A nu se lasa la indemana copiilor.<\/span><\/p>","protected":false},"excerpt":{"rendered":"<p>Shot Ambition Tech Acidifying Equalizer Spray &#8211; pentru utilizare dup\u0103 fiecare procedur\u0103 tehnic\u0103<\/p>\n","protected":false},"featured_media":1218,"template":"","meta":[],"product_brand":[],"product_cat":[70,30,175],"product_tag":[],"class_list":{"0":"post-1217","1":"product","2":"type-product","3":"status-publish","4":"has-post-thumbnail","6":"product_cat-toate-tipurile","7":"product_cat-vopsirea-parului","8":"product_cat-produse-pentru-saloane","9":"pa_brand-shot","10":"pa_producator-italia","11":"pa_serie-ambition-tech","12":"pa_tip-produs-spray","13":"pa_volum-1000-ml","15":"first","16":"instock","17":"shipping-taxable","18":"product-type-simple"},"_links":{"self":[{"href":"https:\/\/beauty-glow.md\/ro\/wp-json\/wp\/v2\/product\/1217","targetHints":{"allow":["GET"]}}],"collection":[{"href":"https:\/\/beauty-glow.md\/ro\/wp-json\/wp\/v2\/product"}],"about":[{"href":"https:\/\/beauty-glow.md\/ro\/wp-json\/wp\/v2\/types\/product"}],"wp:featuredmedia":[{"embeddable":true,"href":"https:\/\/beauty-glow.md\/ro\/wp-json\/wp\/v2\/media\/1218"}],"wp:attachment":[{"href":"https:\/\/beauty-glow.md\/ro\/wp-json\/wp\/v2\/media?parent=1217"}],"wp:term":[{"taxonomy":"product_brand","embeddable":true,"href":"https:\/\/beauty-glow.md\/ro\/wp-json\/wp\/v2\/product_brand?post=1217"},{"taxonomy":"product_cat","embeddable":true,"href":"https:\/\/beauty-glow.md\/ro\/wp-json\/wp\/v2\/product_cat?post=1217"},{"taxonomy":"product_tag","embeddable":true,"href":"https:\/\/beauty-glow.md\/ro\/wp-json\/wp\/v2\/product_tag?post=1217"}],"curies":[{"name":"wp","href":"https:\/\/api.w.org\/{rel}","templated":true}]}}