{"id":1220,"date":"2023-12-05T11:52:26","date_gmt":"2023-12-05T11:52:26","guid":{"rendered":"https:\/\/beauty-glow.md\/?post_type=product&#038;p=1220"},"modified":"2025-10-28T09:52:15","modified_gmt":"2025-10-28T09:52:15","slug":"shot-ambition-tech-skin-cleaner","status":"publish","type":"product","link":"https:\/\/beauty-glow.md\/ro\/shop\/shot-ambition-tech-skin-cleaner\/","title":{"rendered":"Demachiant pentru indepartarea vopselei Shot Ambition Tech Skin Cleaner 150ml"},"content":{"rendered":"<h2 style=\"text-align: center;\">Demachiant pentru indepartarea vopselei Shot Ambition Tech Skin Cleaner<\/h2>\n<p>Produs ideal pentru \u00eendep\u0103rtarea reziduurilor de <a href=\"https:\/\/beauty-glow.md\/vopsire-si-styling\/vopsele\/\">vopsea<\/a> de pe piele. Are propriet\u0103\u021bi de catifelare, hr\u0103nire \u0219i cur\u0103\u021bare.<\/p>\n<p><strong>Volum:<\/strong> 150 ml<\/p>\n<p><strong>Mod de utilizare:<\/strong> Aplica\u021bi cu un tampon de bumbac pe partea de \u00eendep\u0103rtat cu mi\u0219c\u0103ri u\u0219oare de masaj.<\/p>\n<p><span style=\"font-size: 100%;\"><strong>Aten\u021bie:<\/strong> numai pentru uz extern. \u00cen caz de contact cu ochii, cl\u0103ti\u021bi cu mult\u0103 ap\u0103. A nu se lasa la indemana copiilor.<\/span><\/p>","protected":false},"excerpt":{"rendered":"<p>Shot Ambition Tech Skin Cleaner &#8211; cur\u0103\u021b\u0103 reziduurile de vopsea de pe scalp dup\u0103 procedurile de vopsire a p\u0103rului.<\/p>\n","protected":false},"featured_media":1221,"template":"","meta":[],"product_brand":[],"product_cat":[175,254],"product_tag":[],"class_list":{"0":"post-1220","1":"product","2":"type-product","3":"status-publish","4":"has-post-thumbnail","6":"product_cat-produse-pentru-saloane","7":"product_cat-dispozitive-de-indepartare","8":"pa_brand-shot","9":"pa_producator-italia","10":"pa_serie-ambition-tech","11":"pa_tip-produs-demachiant-de-vopsea","12":"pa_volum-150-ml","14":"first","15":"instock","16":"shipping-taxable","17":"product-type-simple"},"_links":{"self":[{"href":"https:\/\/beauty-glow.md\/ro\/wp-json\/wp\/v2\/product\/1220","targetHints":{"allow":["GET"]}}],"collection":[{"href":"https:\/\/beauty-glow.md\/ro\/wp-json\/wp\/v2\/product"}],"about":[{"href":"https:\/\/beauty-glow.md\/ro\/wp-json\/wp\/v2\/types\/product"}],"wp:featuredmedia":[{"embeddable":true,"href":"https:\/\/beauty-glow.md\/ro\/wp-json\/wp\/v2\/media\/1221"}],"wp:attachment":[{"href":"https:\/\/beauty-glow.md\/ro\/wp-json\/wp\/v2\/media?parent=1220"}],"wp:term":[{"taxonomy":"product_brand","embeddable":true,"href":"https:\/\/beauty-glow.md\/ro\/wp-json\/wp\/v2\/product_brand?post=1220"},{"taxonomy":"product_cat","embeddable":true,"href":"https:\/\/beauty-glow.md\/ro\/wp-json\/wp\/v2\/product_cat?post=1220"},{"taxonomy":"product_tag","embeddable":true,"href":"https:\/\/beauty-glow.md\/ro\/wp-json\/wp\/v2\/product_tag?post=1220"}],"curies":[{"name":"wp","href":"https:\/\/api.w.org\/{rel}","templated":true}]}}