{"id":1225,"date":"2023-12-05T12:13:41","date_gmt":"2023-12-05T12:13:41","guid":{"rendered":"https:\/\/beauty-glow.md\/?post_type=product&#038;p=1225"},"modified":"2025-10-28T10:00:06","modified_gmt":"2025-10-28T10:00:06","slug":"shot-lamino-k-mirror-mask","status":"publish","type":"product","link":"https:\/\/beauty-glow.md\/ro\/shop\/shot-lamino-k-mirror-mask\/","title":{"rendered":"Masc\u0103 reconstructiv\u0103 Shot Lamino-K Mirror Mask 200ml"},"content":{"rendered":"<h2 style=\"text-align: center;\">Masc\u0103 reconstructiv\u0103 Shot Lamino-K Mirror Mask<\/h2>\n<p><a href=\"https:\/\/www.cosmeticcenter.it\/\" target=\"_blank\" rel=\"noopener\"><img decoding=\"async\" class=\"wp-image-1223 alignleft\" src=\"https:\/\/beauty-glow.md\/wp-content\/uploads\/2023\/12\/Beauty-glow.md-Lamino-K-Serie.jpg\" alt=\"Shot Lamino-K\" width=\"350\" height=\"437\" title=\"\" srcset=\"https:\/\/beauty-glow.md\/wp-content\/uploads\/2023\/12\/Beauty-glow.md-Lamino-K-Serie.jpg 1349w, https:\/\/beauty-glow.md\/wp-content\/uploads\/2023\/12\/Beauty-glow.md-Lamino-K-Serie-320x400.jpg 320w, https:\/\/beauty-glow.md\/wp-content\/uploads\/2023\/12\/Beauty-glow.md-Lamino-K-Serie-640x800.jpg 640w, https:\/\/beauty-glow.md\/wp-content\/uploads\/2023\/12\/Beauty-glow.md-Lamino-K-Serie-768x959.jpg 768w, https:\/\/beauty-glow.md\/wp-content\/uploads\/2023\/12\/Beauty-glow.md-Lamino-K-Serie-1230x1536.jpg 1230w, https:\/\/beauty-glow.md\/wp-content\/uploads\/2023\/12\/Beauty-glow.md-Lamino-K-Serie-300x375.jpg 300w, https:\/\/beauty-glow.md\/wp-content\/uploads\/2023\/12\/Beauty-glow.md-Lamino-K-Serie-600x749.jpg 600w\" sizes=\"(max-width: 350px) 100vw, 350px\" \/><\/a><a href=\"https:\/\/beauty-glow.md\/tip-produs\/masca-par\/\">Masca<\/a> reconstructiv\u0103 <a href=\"https:\/\/www.cosmeticcenter.it\/\" target=\"_blank\" rel=\"noopener\">Shot<\/a> se utilizeaz\u0103 \u00een procedura de restaurare \u0219i reconstruc\u021bie a p\u0103rului Lamino-K ca pasul 2. Masca cu compozi\u021bie 100% natural\u0103 reconstruie\u0219te perfect p\u0103rul \u0219i \u00eei asigur\u0103 nutri\u021bia necesar\u0103. Hidrateaz\u0103 \u0219i descurc\u0103 p\u0103rul, f\u0103c\u00e2ndu-l mai u\u0219or de piept\u0103nat. Adaug\u0103 str\u0103lucire \u0219i protejeaz\u0103 p\u0103rul, \u00eempiedic\u00e2ndu-l s\u0103 se murd\u0103reasc\u0103. Masca este ideal\u0103 pentru toate tipurile de p\u0103r \u0219i pentru utilizare frecvent\u0103.<\/p>\n<p><strong>Volum:<\/strong> 200 ml<\/p>\n<p><strong>Mod de utilizare:<\/strong> Dup\u0103 pasul 1, aplica\u021bi pe p\u0103rul curat \u0219i umed, piept\u0103na\u021bi, l\u0103sa\u021bi timp de 5 minute. \u0219i se spal\u0103.<\/p>\n<p><span style=\"font-size: 100%;\"><strong>Aten\u021bie:<\/strong> numai pentru uz extern. \u00cen caz de contact cu ochii, cl\u0103ti\u021bi cu mult\u0103 ap\u0103. A nu se lasa la indemana copiilor.<\/span><\/p>","protected":false},"excerpt":{"rendered":"<p>Shot Lamino-K Mirror Mask &#8211; al doilea pas \u00een procedura de reconstruc\u021bie a p\u0103rului.<\/p>\n","protected":false},"featured_media":1226,"template":"","meta":[],"product_brand":[],"product_cat":[70,54,253,175],"product_tag":[],"class_list":{"0":"post-1225","1":"product","2":"type-product","3":"status-publish","4":"has-post-thumbnail","6":"product_cat-toate-tipurile","7":"product_cat-restaurarea","8":"product_cat-reconstructia-parului","9":"product_cat-produse-pentru-saloane","10":"pa_brand-shot","11":"pa_producator-italia","12":"pa_serie-lamino-k","13":"pa_tip-produs-masca-par","14":"pa_volum-200-ml","16":"first","17":"instock","18":"shipping-taxable","19":"product-type-simple"},"_links":{"self":[{"href":"https:\/\/beauty-glow.md\/ro\/wp-json\/wp\/v2\/product\/1225","targetHints":{"allow":["GET"]}}],"collection":[{"href":"https:\/\/beauty-glow.md\/ro\/wp-json\/wp\/v2\/product"}],"about":[{"href":"https:\/\/beauty-glow.md\/ro\/wp-json\/wp\/v2\/types\/product"}],"wp:featuredmedia":[{"embeddable":true,"href":"https:\/\/beauty-glow.md\/ro\/wp-json\/wp\/v2\/media\/1226"}],"wp:attachment":[{"href":"https:\/\/beauty-glow.md\/ro\/wp-json\/wp\/v2\/media?parent=1225"}],"wp:term":[{"taxonomy":"product_brand","embeddable":true,"href":"https:\/\/beauty-glow.md\/ro\/wp-json\/wp\/v2\/product_brand?post=1225"},{"taxonomy":"product_cat","embeddable":true,"href":"https:\/\/beauty-glow.md\/ro\/wp-json\/wp\/v2\/product_cat?post=1225"},{"taxonomy":"product_tag","embeddable":true,"href":"https:\/\/beauty-glow.md\/ro\/wp-json\/wp\/v2\/product_tag?post=1225"}],"curies":[{"name":"wp","href":"https:\/\/api.w.org\/{rel}","templated":true}]}}