{"id":1229,"date":"2023-12-05T13:04:15","date_gmt":"2023-12-05T13:04:15","guid":{"rendered":"https:\/\/beauty-glow.md\/?post_type=product&#038;p=1229"},"modified":"2025-10-28T10:00:23","modified_gmt":"2025-10-28T10:00:23","slug":"shot-lamino-k-wonder-spray","status":"publish","type":"product","link":"https:\/\/beauty-glow.md\/ro\/shop\/shot-lamino-k-wonder-spray\/","title":{"rendered":"Spray de finisare Shot Lamino-K Wonder Spray 200ml"},"content":{"rendered":"<h2 style=\"text-align: center;\">Spray de finisare Shot Lamino-K Wonder Spray<\/h2>\n<p><a href=\"https:\/\/www.cosmeticcenter.it\/\" target=\"_blank\" rel=\"noopener\"><img decoding=\"async\" class=\"wp-image-1223 alignleft\" src=\"https:\/\/beauty-glow.md\/wp-content\/uploads\/2023\/12\/Beauty-glow.md-Lamino-K-Serie.jpg\" alt=\"Shot Lamino-K\" width=\"350\" height=\"437\" title=\"\" srcset=\"https:\/\/beauty-glow.md\/wp-content\/uploads\/2023\/12\/Beauty-glow.md-Lamino-K-Serie.jpg 1349w, https:\/\/beauty-glow.md\/wp-content\/uploads\/2023\/12\/Beauty-glow.md-Lamino-K-Serie-320x400.jpg 320w, https:\/\/beauty-glow.md\/wp-content\/uploads\/2023\/12\/Beauty-glow.md-Lamino-K-Serie-640x800.jpg 640w, https:\/\/beauty-glow.md\/wp-content\/uploads\/2023\/12\/Beauty-glow.md-Lamino-K-Serie-768x959.jpg 768w, https:\/\/beauty-glow.md\/wp-content\/uploads\/2023\/12\/Beauty-glow.md-Lamino-K-Serie-1230x1536.jpg 1230w, https:\/\/beauty-glow.md\/wp-content\/uploads\/2023\/12\/Beauty-glow.md-Lamino-K-Serie-300x375.jpg 300w, https:\/\/beauty-glow.md\/wp-content\/uploads\/2023\/12\/Beauty-glow.md-Lamino-K-Serie-600x749.jpg 600w\" sizes=\"(max-width: 350px) 100vw, 350px\" \/><\/a><a href=\"https:\/\/beauty-glow.md\/tip-produs\/spray\/\">Spray<\/a> f\u0103r\u0103 silicon <a href=\"https:\/\/www.cosmeticcenter.it\/\" target=\"_blank\" rel=\"noopener\">Shot<\/a>\u00a0pentru hr\u0103nirea, descurcarea \u0219i laminarea p\u0103rului. Face p\u0103rul m\u0103t\u0103sos, protejeaz\u0103 f\u0103r\u0103 s\u0103-l \u00eengreuneze. Ofer\u0103 o arom\u0103 pl\u0103cut\u0103. Ideal pentru parul fin predispus la electrizare. Folosit ca pasul 4 \u00een procedura cuprinz\u0103toare de restaurare \u0219i reconstruc\u021bie a p\u0103rului Lamino-K.<\/p>\n<p><strong>Volum:<\/strong> 200 ml<\/p>\n<p><strong>Mod de utilizare:<\/strong> Pulveriza\u021bi pe p\u0103rul curat, uscat sau umed ca o atingere final\u0103 \u00eenainte de coafare.<\/p>\n<p><span style=\"font-size: 100%;\"><strong>Aten\u021bie:<\/strong> numai pentru uz extern. \u00cen caz de contact cu ochii, cl\u0103ti\u021bi cu mult\u0103 ap\u0103. A nu se lasa la indemana copiilor.<\/span><\/p>","protected":false},"excerpt":{"rendered":"<p>Shot Lamino-K Wonder Spray &#8211; ultimul pas \u00een procedura de reconstruc\u021bie a p\u0103rului.<\/p>\n","protected":false},"featured_media":1230,"template":"","meta":[],"product_brand":[],"product_cat":[70,54,253,175,65],"product_tag":[],"class_list":{"0":"post-1229","1":"product","2":"type-product","3":"status-publish","4":"has-post-thumbnail","6":"product_cat-toate-tipurile","7":"product_cat-restaurarea","8":"product_cat-reconstructia-parului","9":"product_cat-produse-pentru-saloane","10":"product_cat-protectie-termica","11":"pa_brand-shot","12":"pa_producator-italia","13":"pa_serie-lamino-k","14":"pa_tip-produs-spray","15":"pa_volum-200-ml","17":"first","18":"instock","19":"shipping-taxable","20":"product-type-simple"},"_links":{"self":[{"href":"https:\/\/beauty-glow.md\/ro\/wp-json\/wp\/v2\/product\/1229","targetHints":{"allow":["GET"]}}],"collection":[{"href":"https:\/\/beauty-glow.md\/ro\/wp-json\/wp\/v2\/product"}],"about":[{"href":"https:\/\/beauty-glow.md\/ro\/wp-json\/wp\/v2\/types\/product"}],"wp:featuredmedia":[{"embeddable":true,"href":"https:\/\/beauty-glow.md\/ro\/wp-json\/wp\/v2\/media\/1230"}],"wp:attachment":[{"href":"https:\/\/beauty-glow.md\/ro\/wp-json\/wp\/v2\/media?parent=1229"}],"wp:term":[{"taxonomy":"product_brand","embeddable":true,"href":"https:\/\/beauty-glow.md\/ro\/wp-json\/wp\/v2\/product_brand?post=1229"},{"taxonomy":"product_cat","embeddable":true,"href":"https:\/\/beauty-glow.md\/ro\/wp-json\/wp\/v2\/product_cat?post=1229"},{"taxonomy":"product_tag","embeddable":true,"href":"https:\/\/beauty-glow.md\/ro\/wp-json\/wp\/v2\/product_tag?post=1229"}],"curies":[{"name":"wp","href":"https:\/\/api.w.org\/{rel}","templated":true}]}}