{"id":1238,"date":"2023-12-05T13:31:03","date_gmt":"2023-12-05T13:31:03","guid":{"rendered":"https:\/\/beauty-glow.md\/?post_type=product&#038;p=1238"},"modified":"2025-10-28T10:15:25","modified_gmt":"2025-10-28T10:15:25","slug":"shot-antistress-cream","status":"publish","type":"product","link":"https:\/\/beauty-glow.md\/ro\/shop\/shot-antistress-cream\/","title":{"rendered":"Crem\u0103 pentru p\u0103r anti-stres Shot Antistress Cream 250ml"},"content":{"rendered":"<h2 style=\"text-align: center;\">Crem\u0103 anti-stres Shot Antistress Cream<\/h2>\n<p>Linie profesional\u0103 de produse cosmetice pentru p\u0103r. \u201eCea mai bun\u0103 disciplin\u0103 este aceea care se realizeaz\u0103 cu bl\u00e2nde\u021be.\u201d Linie disciplinar\u0103 pentru p\u0103r indisciplinat \u0219i \u00eencre\u021bit.<\/p>\n<p><img decoding=\"async\" class=\"alignnone wp-image-1232\" src=\"https:\/\/beauty-glow.md\/wp-content\/uploads\/2023\/12\/Beauty-glow.md-Shot-Antistress-Serie-.jpg\" alt=\"Shot Antistress\" width=\"1049\" height=\"350\" title=\"\" srcset=\"https:\/\/beauty-glow.md\/wp-content\/uploads\/2023\/12\/Beauty-glow.md-Shot-Antistress-Serie-.jpg 1772w, https:\/\/beauty-glow.md\/wp-content\/uploads\/2023\/12\/Beauty-glow.md-Shot-Antistress-Serie--800x267.jpg 800w, https:\/\/beauty-glow.md\/wp-content\/uploads\/2023\/12\/Beauty-glow.md-Shot-Antistress-Serie--1400x467.jpg 1400w, https:\/\/beauty-glow.md\/wp-content\/uploads\/2023\/12\/Beauty-glow.md-Shot-Antistress-Serie--768x256.jpg 768w, https:\/\/beauty-glow.md\/wp-content\/uploads\/2023\/12\/Beauty-glow.md-Shot-Antistress-Serie--1536x512.jpg 1536w, https:\/\/beauty-glow.md\/wp-content\/uploads\/2023\/12\/Beauty-glow.md-Shot-Antistress-Serie--300x100.jpg 300w, https:\/\/beauty-glow.md\/wp-content\/uploads\/2023\/12\/Beauty-glow.md-Shot-Antistress-Serie--600x200.jpg 600w\" sizes=\"(max-width: 1049px) 100vw, 1049px\" \/><\/p>\n<p><a href=\"https:\/\/beauty-glow.md\/tip-produs\/crema\/\">Crema<\/a> <a href=\"https:\/\/www.cosmeticcenter.it\/\" target=\"_blank\" rel=\"noopener\">Shot<\/a>\u00a0antistres impotriva fragilitatii parului. Faciliteaz\u0103 piept\u0103narea, descurc\u0103 \u0219i lamineaz\u0103 p\u0103rul, f\u0103c\u00e2ndu-l mai elastic \u0219i mai rezistent la rupere. Ingrediente active: cheratina, extract de flori de calendula, hamei.<\/p>\n<p><strong>Volum:<\/strong> 250 ml<\/p>\n<p><strong>Mod de utilizare:\u00a0<\/strong>Aplica\u021bi pe p\u0103rul curat, umed, piept\u0103na\u021bi, a\u0219tepta\u021bi 3 minute. Cl\u0103ti\u021bi cu ap\u0103.<\/p>\n<p><span style=\"font-size: 100%;\"><strong>Aten\u021bie:<\/strong> numai pentru uz extern. \u00cen caz de contact cu ochii, cl\u0103ti\u021bi cu mult\u0103 ap\u0103. A nu se lasa la indemana copiilor.<\/span><\/p>","protected":false},"excerpt":{"rendered":"<p>Shot Antistress Cream &#8211; pentru a \u00eent\u0103ri \u0219i netezi p\u0103rul \u00eencre\u021bit \u0219i rebel.<\/p>\n","protected":false},"featured_media":1239,"template":"","meta":[],"product_brand":[],"product_cat":[31,70,69,60,36,63],"product_tag":[],"class_list":{"0":"post-1238","1":"product","2":"type-product","3":"status-publish","4":"has-post-thumbnail","6":"product_cat-ingrijirea","7":"product_cat-toate-tipurile","8":"product_cat-par-uscat-si-deteriorat","9":"product_cat-keratina","10":"product_cat-masca","11":"product_cat-anti-stress","12":"pa_brand-shot","13":"pa_producator-italia","14":"pa_serie-care-design-antistress","15":"pa_tip-produs-crema","16":"pa_volum-250-ml","18":"first","19":"instock","20":"shipping-taxable","21":"product-type-simple"},"_links":{"self":[{"href":"https:\/\/beauty-glow.md\/ro\/wp-json\/wp\/v2\/product\/1238","targetHints":{"allow":["GET"]}}],"collection":[{"href":"https:\/\/beauty-glow.md\/ro\/wp-json\/wp\/v2\/product"}],"about":[{"href":"https:\/\/beauty-glow.md\/ro\/wp-json\/wp\/v2\/types\/product"}],"wp:featuredmedia":[{"embeddable":true,"href":"https:\/\/beauty-glow.md\/ro\/wp-json\/wp\/v2\/media\/1239"}],"wp:attachment":[{"href":"https:\/\/beauty-glow.md\/ro\/wp-json\/wp\/v2\/media?parent=1238"}],"wp:term":[{"taxonomy":"product_brand","embeddable":true,"href":"https:\/\/beauty-glow.md\/ro\/wp-json\/wp\/v2\/product_brand?post=1238"},{"taxonomy":"product_cat","embeddable":true,"href":"https:\/\/beauty-glow.md\/ro\/wp-json\/wp\/v2\/product_cat?post=1238"},{"taxonomy":"product_tag","embeddable":true,"href":"https:\/\/beauty-glow.md\/ro\/wp-json\/wp\/v2\/product_tag?post=1238"}],"curies":[{"name":"wp","href":"https:\/\/api.w.org\/{rel}","templated":true}]}}