{"id":1240,"date":"2023-12-05T13:37:52","date_gmt":"2023-12-05T13:37:52","guid":{"rendered":"https:\/\/beauty-glow.md\/?post_type=product&#038;p=1240"},"modified":"2025-10-28T10:15:33","modified_gmt":"2025-10-28T10:15:33","slug":"shot-antistress-liss-anti-frizz","status":"publish","type":"product","link":"https:\/\/beauty-glow.md\/ro\/shop\/shot-antistress-liss-anti-frizz\/","title":{"rendered":"Masc\u0103 de p\u0103r netezitoare anti-stres Shot Antistress Liss Anti-frizz 150ml"},"content":{"rendered":"<h2 style=\"text-align: center;\">Masc\u0103 de p\u0103r netezitoare Shot Antistress Liss Anti-frizz<\/h2>\n<p>Linie profesional\u0103 de produse cosmetice pentru p\u0103r. \u201eCea mai bun\u0103 disciplin\u0103 este aceea care se realizeaz\u0103 cu bl\u00e2nde\u021be.\u201d Linie disciplinar\u0103 pentru p\u0103r indisciplinat \u0219i \u00eencre\u021bit.<\/p>\n<p><img decoding=\"async\" class=\"alignnone wp-image-1232\" src=\"https:\/\/beauty-glow.md\/wp-content\/uploads\/2023\/12\/Beauty-glow.md-Shot-Antistress-Serie-.jpg\" alt=\"Shot Antistress\" width=\"1049\" height=\"350\" title=\"\" srcset=\"https:\/\/beauty-glow.md\/wp-content\/uploads\/2023\/12\/Beauty-glow.md-Shot-Antistress-Serie-.jpg 1772w, https:\/\/beauty-glow.md\/wp-content\/uploads\/2023\/12\/Beauty-glow.md-Shot-Antistress-Serie--800x267.jpg 800w, https:\/\/beauty-glow.md\/wp-content\/uploads\/2023\/12\/Beauty-glow.md-Shot-Antistress-Serie--1400x467.jpg 1400w, https:\/\/beauty-glow.md\/wp-content\/uploads\/2023\/12\/Beauty-glow.md-Shot-Antistress-Serie--768x256.jpg 768w, https:\/\/beauty-glow.md\/wp-content\/uploads\/2023\/12\/Beauty-glow.md-Shot-Antistress-Serie--1536x512.jpg 1536w, https:\/\/beauty-glow.md\/wp-content\/uploads\/2023\/12\/Beauty-glow.md-Shot-Antistress-Serie--300x100.jpg 300w, https:\/\/beauty-glow.md\/wp-content\/uploads\/2023\/12\/Beauty-glow.md-Shot-Antistress-Serie--600x200.jpg 600w\" sizes=\"(max-width: 1049px) 100vw, 1049px\" \/><\/p>\n<p><a href=\"https:\/\/beauty-glow.md\/tip-produs\/masca-par\/\">Masc\u0103<\/a> de netezire <a href=\"https:\/\/www.cosmeticcenter.it\/\" target=\"_blank\" rel=\"noopener\">Shot<\/a>\u00a0pentru p\u0103r. Produs pentru p\u0103r antistres. Neteze\u0219te, hr\u0103ne\u0219te, hidrateaz\u0103 \u0219i face moale chiar \u0219i p\u0103rul foarte uscat \u0219i deteriorat. Con\u021bine proteine \u200b\u200bdin m\u0103tase \u0219i gr\u00e2u.<\/p>\n<p><strong>Volum:<\/strong> 150 ml<\/p>\n<p><strong>Mod de utilizare: <\/strong>Aplica\u021bi cantitatea necesar\u0103 de produs pe p\u0103rul curat \u0219i umed. Nu cl\u0103ti\u021bi. \u00cencepe\u021bi s\u0103 v\u0103 coafa\u021bi \u0219i s\u0103 v\u0103 usca\u021bi p\u0103rul.<\/p>\n<p><span style=\"font-size: 100%;\"><strong>Aten\u021bie:<\/strong> numai pentru uz extern. \u00cen caz de contact cu ochii, cl\u0103ti\u021bi cu mult\u0103 ap\u0103. A nu se lasa la indemana copiilor.<\/span><\/p>","protected":false},"excerpt":{"rendered":"<p>Shot Antistress Liss Anti-frizz &#8211; pentru a \u00eent\u0103ri \u0219i netezi p\u0103rul \u00eencre\u021bit \u0219i rebel.<\/p>\n","protected":false},"featured_media":1241,"template":"","meta":[],"product_brand":[],"product_cat":[31,70,69,36,63],"product_tag":[],"class_list":{"0":"post-1240","1":"product","2":"type-product","3":"status-publish","4":"has-post-thumbnail","6":"product_cat-ingrijirea","7":"product_cat-toate-tipurile","8":"product_cat-par-uscat-si-deteriorat","9":"product_cat-masca","10":"product_cat-anti-stress","11":"pa_brand-shot","12":"pa_producator-italia","13":"pa_serie-care-design-antistress","14":"pa_tip-produs-masca-par","15":"pa_volum-150-ml","17":"first","18":"instock","19":"shipping-taxable","20":"product-type-simple"},"_links":{"self":[{"href":"https:\/\/beauty-glow.md\/ro\/wp-json\/wp\/v2\/product\/1240","targetHints":{"allow":["GET"]}}],"collection":[{"href":"https:\/\/beauty-glow.md\/ro\/wp-json\/wp\/v2\/product"}],"about":[{"href":"https:\/\/beauty-glow.md\/ro\/wp-json\/wp\/v2\/types\/product"}],"wp:featuredmedia":[{"embeddable":true,"href":"https:\/\/beauty-glow.md\/ro\/wp-json\/wp\/v2\/media\/1241"}],"wp:attachment":[{"href":"https:\/\/beauty-glow.md\/ro\/wp-json\/wp\/v2\/media?parent=1240"}],"wp:term":[{"taxonomy":"product_brand","embeddable":true,"href":"https:\/\/beauty-glow.md\/ro\/wp-json\/wp\/v2\/product_brand?post=1240"},{"taxonomy":"product_cat","embeddable":true,"href":"https:\/\/beauty-glow.md\/ro\/wp-json\/wp\/v2\/product_cat?post=1240"},{"taxonomy":"product_tag","embeddable":true,"href":"https:\/\/beauty-glow.md\/ro\/wp-json\/wp\/v2\/product_tag?post=1240"}],"curies":[{"name":"wp","href":"https:\/\/api.w.org\/{rel}","templated":true}]}}