{"id":1242,"date":"2023-12-05T13:44:23","date_gmt":"2023-12-05T13:44:23","guid":{"rendered":"https:\/\/beauty-glow.md\/?post_type=product&#038;p=1242"},"modified":"2025-08-24T12:50:37","modified_gmt":"2025-08-24T12:50:37","slug":"shot-antistress-bi-power-istant-reconstruction","status":"publish","type":"product","link":"https:\/\/beauty-glow.md\/ro\/shop\/shot-antistress-bi-power-istant-reconstruction\/","title":{"rendered":"Produs de restaurare instantanee a p\u0103rului pasul 1+2 Shot Antistress Bi-Power Istant Reconstruction 2x150ml"},"content":{"rendered":"<h2 style=\"text-align: center;\">Produs de restaurare instantanee a p\u0103rului pasul 1+2 Shot Antistress Bi-Power Istant Reconstruction<\/h2>\n<p>Linie profesional\u0103 de produse cosmetice pentru p\u0103r. \u201eCea mai bun\u0103 disciplin\u0103 este aceea care se realizeaz\u0103 cu bl\u00e2nde\u021be.\u201d Linie disciplinar\u0103 pentru p\u0103r indisciplinat \u0219i \u00eencre\u021bit.<\/p>\n<p><img decoding=\"async\" class=\"alignnone wp-image-1232\" src=\"https:\/\/beauty-glow.md\/wp-content\/uploads\/2023\/12\/Beauty-glow.md-Shot-Antistress-Serie-.jpg\" alt=\"Shot Antistress\" width=\"1049\" height=\"350\" title=\"\" srcset=\"https:\/\/beauty-glow.md\/wp-content\/uploads\/2023\/12\/Beauty-glow.md-Shot-Antistress-Serie-.jpg 1772w, https:\/\/beauty-glow.md\/wp-content\/uploads\/2023\/12\/Beauty-glow.md-Shot-Antistress-Serie--800x267.jpg 800w, https:\/\/beauty-glow.md\/wp-content\/uploads\/2023\/12\/Beauty-glow.md-Shot-Antistress-Serie--1400x467.jpg 1400w, https:\/\/beauty-glow.md\/wp-content\/uploads\/2023\/12\/Beauty-glow.md-Shot-Antistress-Serie--768x256.jpg 768w, https:\/\/beauty-glow.md\/wp-content\/uploads\/2023\/12\/Beauty-glow.md-Shot-Antistress-Serie--1536x512.jpg 1536w, https:\/\/beauty-glow.md\/wp-content\/uploads\/2023\/12\/Beauty-glow.md-Shot-Antistress-Serie--300x100.jpg 300w, https:\/\/beauty-glow.md\/wp-content\/uploads\/2023\/12\/Beauty-glow.md-Shot-Antistress-Serie--600x200.jpg 600w\" sizes=\"(max-width: 1049px) 100vw, 1049px\" \/><\/p>\n<p>Elixir <a href=\"https:\/\/beauty-glow.md\/restaurarea\/\">refacere<\/a> instant p\u0103rului <a href=\"https:\/\/www.cosmeticcenter.it\/\" target=\"_blank\" rel=\"noopener\">Shot<\/a> (pasul 1+2) este ideal pentru refacerea si hidratarea in profunzime a parului. Concentratul proteic C12-C16 etapa 1 \u0219i etapa 2 de hidratare creeaz\u0103 o sinergie care transform\u0103 produsul din lichid \u00een crem\u0103. P\u0103trunde \u00een structura p\u0103rului, \u00eel satureaz\u0103 cu Keratin\u0103 \u0219i s\u0103ruri minerale, sporind astfel str\u0103lucirea, umiditatea \u0219i densitatea p\u0103rului.<\/p>\n<p><strong>Volum:<\/strong> 2&#215;150 ml<\/p>\n<p><strong>Mod de utilizare: <\/strong>sp\u0103la\u021bi-v\u0103 p\u0103rul cu \u0219ampon Shot potrivit tipului dvs. de p\u0103r. \u00cendep\u0103rta\u021bi excesul de ap\u0103 cu un prosop. Se amestec\u0103 \u00eentr-un castron \u00een p\u0103r\u021bi egale Pasul 1 \u0219i Pasul 2, se aplic\u0103 pe p\u0103rul curat \u0219i umed pe toat\u0103 lungimea. Piept\u0103na\u021bi, face\u021bi un masaj u\u0219or, a\u0219tepta\u021bi 3 minute \u0219i cl\u0103ti\u021bi. \u00cencepe\u021bi s\u0103 v\u0103 coafa\u021bi \u0219i s\u0103 v\u0103 usca\u021bi p\u0103rul. Efectua\u021bi procedura cel pu\u021bin o dat\u0103 pe s\u0103pt\u0103m\u00e2n\u0103 pentru a men\u021bine culoarea p\u0103rului \u0219i a-i oferi str\u0103lucire. Pe parul foarte fin se recomanda sa lasi 3-10 minute, apoi sa clateste.<\/p>\n<p><span style=\"font-size: 100%;\"><strong>Aten\u021bie:<\/strong> numai pentru uz extern. \u00cen caz de contact cu ochii, cl\u0103ti\u021bi cu mult\u0103 ap\u0103. A nu se lasa la indemana copiilor.<\/span><\/p>","protected":false},"excerpt":{"rendered":"<p>Shot Antistress Bi-Power Istant Reconstruction &#8211; pentru a \u00eent\u0103ri \u0219i netezi p\u0103rul \u00eencre\u021bit \u0219i rebel.<\/p>\n","protected":false},"featured_media":1243,"template":"","meta":[],"product_brand":[],"product_cat":[31,70,69,60,36,63],"product_tag":[],"class_list":{"0":"post-1242","1":"product","2":"type-product","3":"status-publish","4":"has-post-thumbnail","6":"product_cat-ingrijirea","7":"product_cat-toate-tipurile","8":"product_cat-par-uscat-si-deteriorat","9":"product_cat-keratina","10":"product_cat-masca","11":"product_cat-anti-stress","12":"pa_brand-shot","13":"pa_producator-italia","14":"pa_serie-care-design-antistress","15":"pa_tip-produs-masca-par","16":"pa_volum-2x150-ml","18":"first","19":"instock","20":"shipping-taxable","21":"product-type-simple"},"_links":{"self":[{"href":"https:\/\/beauty-glow.md\/ro\/wp-json\/wp\/v2\/product\/1242","targetHints":{"allow":["GET"]}}],"collection":[{"href":"https:\/\/beauty-glow.md\/ro\/wp-json\/wp\/v2\/product"}],"about":[{"href":"https:\/\/beauty-glow.md\/ro\/wp-json\/wp\/v2\/types\/product"}],"wp:featuredmedia":[{"embeddable":true,"href":"https:\/\/beauty-glow.md\/ro\/wp-json\/wp\/v2\/media\/1243"}],"wp:attachment":[{"href":"https:\/\/beauty-glow.md\/ro\/wp-json\/wp\/v2\/media?parent=1242"}],"wp:term":[{"taxonomy":"product_brand","embeddable":true,"href":"https:\/\/beauty-glow.md\/ro\/wp-json\/wp\/v2\/product_brand?post=1242"},{"taxonomy":"product_cat","embeddable":true,"href":"https:\/\/beauty-glow.md\/ro\/wp-json\/wp\/v2\/product_cat?post=1242"},{"taxonomy":"product_tag","embeddable":true,"href":"https:\/\/beauty-glow.md\/ro\/wp-json\/wp\/v2\/product_tag?post=1242"}],"curies":[{"name":"wp","href":"https:\/\/api.w.org\/{rel}","templated":true}]}}