{"id":1253,"date":"2023-12-05T14:18:59","date_gmt":"2023-12-05T14:18:59","guid":{"rendered":"https:\/\/beauty-glow.md\/?post_type=product&#038;p=1253"},"modified":"2024-01-26T12:43:21","modified_gmt":"2024-01-26T12:43:21","slug":"shot-color-care-concentrate-mask-1l","status":"publish","type":"product","link":"https:\/\/beauty-glow.md\/ro\/shop\/shot-color-care-concentrate-mask-1l\/","title":{"rendered":"Masc\u0103-concentrat pentru p\u0103r vopsit Shot Color Care Concentrate Mask 1000ml"},"content":{"rendered":"<h2 style=\"text-align: center;\">Masc\u0103-concentrat pentru p\u0103r vopsit Shot Color Care Concentrate Mask<\/h2>\n<p>Linie profesional\u0103 de produse cosmetice pentru p\u0103r. \u201eVisez la magie pentru a avea grij\u0103 de culoarea ta\u201d<br \/>\nProtejeaz\u0103 culoarea, f\u0103c\u00e2nd-o str\u0103lucitoare \u0219i bogat\u0103 \u00een timp.<\/p>\n<p><img decoding=\"async\" class=\"wp-image-1245 aligncenter\" src=\"https:\/\/beauty-glow.md\/wp-content\/uploads\/2023\/12\/Beauty-glow.md-Shot-Color-Care-Serie-.jpg\" alt=\"Shot Color Care\" width=\"1047\" height=\"350\" title=\"\" srcset=\"https:\/\/beauty-glow.md\/wp-content\/uploads\/2023\/12\/Beauty-glow.md-Shot-Color-Care-Serie-.jpg 1768w, https:\/\/beauty-glow.md\/wp-content\/uploads\/2023\/12\/Beauty-glow.md-Shot-Color-Care-Serie--800x267.jpg 800w, https:\/\/beauty-glow.md\/wp-content\/uploads\/2023\/12\/Beauty-glow.md-Shot-Color-Care-Serie--1400x468.jpg 1400w, https:\/\/beauty-glow.md\/wp-content\/uploads\/2023\/12\/Beauty-glow.md-Shot-Color-Care-Serie--768x257.jpg 768w, https:\/\/beauty-glow.md\/wp-content\/uploads\/2023\/12\/Beauty-glow.md-Shot-Color-Care-Serie--1536x513.jpg 1536w, https:\/\/beauty-glow.md\/wp-content\/uploads\/2023\/12\/Beauty-glow.md-Shot-Color-Care-Serie--300x100.jpg 300w, https:\/\/beauty-glow.md\/wp-content\/uploads\/2023\/12\/Beauty-glow.md-Shot-Color-Care-Serie--600x201.jpg 600w\" sizes=\"(max-width: 1047px) 100vw, 1047px\" \/><\/p>\n<p><a href=\"https:\/\/beauty-glow.md\/attribute\/tip-produs\/masca-par\/\">Masc\u0103<\/a> concentrat\u0103 Shot pentru p\u0103r foarte uscat, vopsit, deteriorat. Datorit\u0103 propriet\u0103\u021bilor sale, \u00ee\u0219i p\u0103streaz\u0103 durabilitatea \u0219i str\u0103lucirea culorii. Ingredientele active speciale, inclusiv ceramidele, fructele de Goji \u0219i laptele Monoi, hr\u0103nesc, hidrateaz\u0103, protejeaz\u0103 \u0219i men\u021bin firul de p\u0103r intact \u0219i str\u0103lucitor. Formula de \u00eenalt\u0103 calitate a m\u0103\u0219tii o face ideal\u0103 pentru utilizare frecvent\u0103.<\/p>\n<p><strong>Volum:<\/strong> 1000 ml<\/p>\n<p><strong>Mod de utilizare:<\/strong> Sp\u0103la\u021bi-v\u0103 p\u0103rul cu \u0219ampon. Distribui\u021bi masca uniform pe 2\/3 din lungimea p\u0103rului, f\u0103r\u0103 a atinge r\u0103d\u0103cinile. L\u0103sa\u021bi produsul pe p\u0103r timp de 5-10 minute. Cl\u0103ti\u021bi bine masca cu mult\u0103 ap\u0103. Usca\u021bi-v\u0103 p\u0103rul cu un prosop \u0219i coafa\u021bi.<\/p>\n<p><span style=\"font-size: 100%;\"><strong>Aten\u021bie:<\/strong> numai pentru uz extern. \u00cen caz de contact cu ochii, cl\u0103ti\u021bi cu mult\u0103 ap\u0103. A nu se lasa la indemana copiilor.<\/span><\/p>","protected":false},"excerpt":{"rendered":"<p>Shot Color Care Concentrate Mask &#8211; pentru cur\u0103\u021barea bl\u00e2nd\u0103 \u0219i p\u0103strarea durabilit\u0103\u021bii culorii p\u0103rului vopsit.<\/p>\n","protected":false},"featured_media":1254,"template":"","meta":[],"product_brand":[],"product_cat":[31,70,86,69,66,36],"product_tag":[],"class_list":{"0":"post-1253","1":"product","2":"type-product","3":"status-publish","4":"has-post-thumbnail","6":"product_cat-ingrijirea","7":"product_cat-toate-tipurile","8":"product_cat-parul-vopsit","9":"product_cat-par-uscat-si-deteriorat","10":"product_cat-protectia-culorii","11":"product_cat-masca","12":"pa_brand-shot","13":"pa_producator-italia","14":"pa_serie-care-design-color-care","15":"pa_tip-produs-masca-par","16":"pa_volum-1000-ml","18":"first","19":"instock","20":"shipping-taxable","21":"product-type-simple"},"_links":{"self":[{"href":"https:\/\/beauty-glow.md\/ro\/wp-json\/wp\/v2\/product\/1253","targetHints":{"allow":["GET"]}}],"collection":[{"href":"https:\/\/beauty-glow.md\/ro\/wp-json\/wp\/v2\/product"}],"about":[{"href":"https:\/\/beauty-glow.md\/ro\/wp-json\/wp\/v2\/types\/product"}],"wp:featuredmedia":[{"embeddable":true,"href":"https:\/\/beauty-glow.md\/ro\/wp-json\/wp\/v2\/media\/1254"}],"wp:attachment":[{"href":"https:\/\/beauty-glow.md\/ro\/wp-json\/wp\/v2\/media?parent=1253"}],"wp:term":[{"taxonomy":"product_brand","embeddable":true,"href":"https:\/\/beauty-glow.md\/ro\/wp-json\/wp\/v2\/product_brand?post=1253"},{"taxonomy":"product_cat","embeddable":true,"href":"https:\/\/beauty-glow.md\/ro\/wp-json\/wp\/v2\/product_cat?post=1253"},{"taxonomy":"product_tag","embeddable":true,"href":"https:\/\/beauty-glow.md\/ro\/wp-json\/wp\/v2\/product_tag?post=1253"}],"curies":[{"name":"wp","href":"https:\/\/api.w.org\/{rel}","templated":true}]}}