{"id":1259,"date":"2023-12-05T14:38:11","date_gmt":"2023-12-05T14:38:11","guid":{"rendered":"https:\/\/beauty-glow.md\/?post_type=product&#038;p=1259"},"modified":"2025-10-27T21:08:16","modified_gmt":"2025-10-27T21:08:16","slug":"shot-gold-drops-oil","status":"publish","type":"product","link":"https:\/\/beauty-glow.md\/ro\/shop\/shot-gold-drops-oil\/","title":{"rendered":"Cristale aurii pentru p\u0103r vopsit Shot Gold Drops Oil 100ml"},"content":{"rendered":"<h2 style=\"text-align: center;\">Cristale aurii pentru p\u0103r vopsit Shot Gold Drops Oil<\/h2>\n<p>Linie profesional\u0103 de produse cosmetice pentru p\u0103r. \u201eVisez la magie pentru a avea grij\u0103 de culoarea ta\u201d<br \/>\nProtejeaz\u0103 culoarea, f\u0103c\u00e2nd-o str\u0103lucitoare \u0219i bogat\u0103 \u00een timp.<\/p>\n<p><img decoding=\"async\" class=\"wp-image-1245 aligncenter\" src=\"https:\/\/beauty-glow.md\/wp-content\/uploads\/2023\/12\/Beauty-glow.md-Shot-Color-Care-Serie-.jpg\" alt=\"Shot Color Care\" width=\"1047\" height=\"350\" title=\"\" srcset=\"https:\/\/beauty-glow.md\/wp-content\/uploads\/2023\/12\/Beauty-glow.md-Shot-Color-Care-Serie-.jpg 1768w, https:\/\/beauty-glow.md\/wp-content\/uploads\/2023\/12\/Beauty-glow.md-Shot-Color-Care-Serie--800x267.jpg 800w, https:\/\/beauty-glow.md\/wp-content\/uploads\/2023\/12\/Beauty-glow.md-Shot-Color-Care-Serie--1400x468.jpg 1400w, https:\/\/beauty-glow.md\/wp-content\/uploads\/2023\/12\/Beauty-glow.md-Shot-Color-Care-Serie--768x257.jpg 768w, https:\/\/beauty-glow.md\/wp-content\/uploads\/2023\/12\/Beauty-glow.md-Shot-Color-Care-Serie--1536x513.jpg 1536w, https:\/\/beauty-glow.md\/wp-content\/uploads\/2023\/12\/Beauty-glow.md-Shot-Color-Care-Serie--300x100.jpg 300w, https:\/\/beauty-glow.md\/wp-content\/uploads\/2023\/12\/Beauty-glow.md-Shot-Color-Care-Serie--600x201.jpg 600w\" sizes=\"(max-width: 1047px) 100vw, 1047px\" \/><\/p>\n<p>Cristalele aurii (<a href=\"https:\/\/beauty-glow.md\/tip-produs\/ulei-de-par\/\">ulei<\/a>) <a href=\"https:\/\/www.cosmeticcenter.it\/\" target=\"_blank\" rel=\"noopener\">Shot<\/a> pentru a hr\u0103ni \u0219i proteja p\u0103rul vopsit, produsul con\u021bine ulei de mango \u0219i vitamina F. Previne decolorarea culorii, hidrateaz\u0103 \u0219i adaug\u0103 str\u0103lucire p\u0103rului.<\/p>\n<p><strong>Volum:<\/strong> 100 ml<\/p>\n<p><strong>Mod de utilizare:<\/strong> Dac\u0103 este posibil, utiliza\u021bi \u0219ampon \u0219i balsam din aceea\u0219i gam\u0103 ca \u0219i ulei. Distribui\u021bi c\u00e2teva pic\u0103turi de produs \u00een palme, aplica\u021bi pe p\u0103rul curat, uscat sau umed de-a lungul lungimii \u0219i v\u00e2rfurilor p\u0103rului. Nu-l sp\u0103la\u021bi.<\/p>\n<p><span style=\"font-size: 100%;\"><strong>Aten\u021bie:<\/strong> numai pentru uz extern. \u00cen caz de contact cu ochii, cl\u0103ti\u021bi cu mult\u0103 ap\u0103. A nu se lasa la indemana copiilor.<\/span><\/p>","protected":false},"excerpt":{"rendered":"<p>Shot Gold Drops Oil &#8211; pentru hidratare \u0219i p\u0103strarea durabilit\u0103\u021bii culorii p\u0103rului vopsit.<\/p>\n","protected":false},"featured_media":1260,"template":"","meta":[],"product_brand":[],"product_cat":[31,70,86,66,37],"product_tag":[],"class_list":{"0":"post-1259","1":"product","2":"type-product","3":"status-publish","4":"has-post-thumbnail","6":"product_cat-ingrijirea","7":"product_cat-toate-tipurile","8":"product_cat-parul-vopsit","9":"product_cat-protectia-culorii","10":"product_cat-ulei","11":"pa_brand-shot","12":"pa_producator-italia","13":"pa_serie-care-design-color-care","14":"pa_tip-produs-ulei-de-par","15":"pa_volum-100-ml","17":"first","18":"instock","19":"shipping-taxable","20":"product-type-simple"},"_links":{"self":[{"href":"https:\/\/beauty-glow.md\/ro\/wp-json\/wp\/v2\/product\/1259","targetHints":{"allow":["GET"]}}],"collection":[{"href":"https:\/\/beauty-glow.md\/ro\/wp-json\/wp\/v2\/product"}],"about":[{"href":"https:\/\/beauty-glow.md\/ro\/wp-json\/wp\/v2\/types\/product"}],"wp:featuredmedia":[{"embeddable":true,"href":"https:\/\/beauty-glow.md\/ro\/wp-json\/wp\/v2\/media\/1260"}],"wp:attachment":[{"href":"https:\/\/beauty-glow.md\/ro\/wp-json\/wp\/v2\/media?parent=1259"}],"wp:term":[{"taxonomy":"product_brand","embeddable":true,"href":"https:\/\/beauty-glow.md\/ro\/wp-json\/wp\/v2\/product_brand?post=1259"},{"taxonomy":"product_cat","embeddable":true,"href":"https:\/\/beauty-glow.md\/ro\/wp-json\/wp\/v2\/product_cat?post=1259"},{"taxonomy":"product_tag","embeddable":true,"href":"https:\/\/beauty-glow.md\/ro\/wp-json\/wp\/v2\/product_tag?post=1259"}],"curies":[{"name":"wp","href":"https:\/\/api.w.org\/{rel}","templated":true}]}}