{"id":1267,"date":"2023-12-05T17:04:30","date_gmt":"2023-12-05T17:04:30","guid":{"rendered":"https:\/\/beauty-glow.md\/?post_type=product&#038;p=1267"},"modified":"2025-10-28T10:25:19","modified_gmt":"2025-10-28T10:25:19","slug":"shot-volume-shampoo","status":"publish","type":"product","link":"https:\/\/beauty-glow.md\/ro\/shop\/shot-volume-shampoo\/","title":{"rendered":"\u0218ampon pentru volumul p\u0103rului Shot Volume+ Shampoo Step1 250ml"},"content":{"rendered":"<h2 style=\"text-align: center;\">\u0218ampon pentru volumul p\u0103rului Shot Volume+ Shampoo Step1<\/h2>\n<p>Linie profesional\u0103 de produse cosmetice pentru p\u0103r. \u201eVia\u021ba aceasta este a mea \u0219i am nevoie de volum, vreau s\u0103 v\u0103d c\u00e2t de departe pot merge&#8230; O vreau acum\u201d .Ad\u0103ugarea de volum este un pic ca ad\u0103ugarea de for\u021b\u0103 \u0219i caracter.<\/p>\n<p><img decoding=\"async\" class=\"wp-image-1266 aligncenter\" src=\"https:\/\/beauty-glow.md\/wp-content\/uploads\/2023\/12\/Beauty-glow.md-Shot-Volume-Serie-.jpg\" alt=\"Shot Volume+\" width=\"1049\" height=\"350\" title=\"\" srcset=\"https:\/\/beauty-glow.md\/wp-content\/uploads\/2023\/12\/Beauty-glow.md-Shot-Volume-Serie-.jpg 1771w, https:\/\/beauty-glow.md\/wp-content\/uploads\/2023\/12\/Beauty-glow.md-Shot-Volume-Serie--800x267.jpg 800w, https:\/\/beauty-glow.md\/wp-content\/uploads\/2023\/12\/Beauty-glow.md-Shot-Volume-Serie--1400x467.jpg 1400w, https:\/\/beauty-glow.md\/wp-content\/uploads\/2023\/12\/Beauty-glow.md-Shot-Volume-Serie--768x256.jpg 768w, https:\/\/beauty-glow.md\/wp-content\/uploads\/2023\/12\/Beauty-glow.md-Shot-Volume-Serie--1536x513.jpg 1536w, https:\/\/beauty-glow.md\/wp-content\/uploads\/2023\/12\/Beauty-glow.md-Shot-Volume-Serie--300x100.jpg 300w, https:\/\/beauty-glow.md\/wp-content\/uploads\/2023\/12\/Beauty-glow.md-Shot-Volume-Serie--600x200.jpg 600w\" sizes=\"(max-width: 1049px) 100vw, 1049px\" \/><\/p>\n<p><a href=\"https:\/\/beauty-glow.md\/attribute\/tip-produs\/sampon\/\">\u0218amponul<\/a> <a href=\"https:\/\/www.cosmeticcenter.it\/\" target=\"_blank\" rel=\"noopener\">Shot<\/a> &#8211; primul pas pentru a da volum parului tau. Compacteaz\u0103 \u0219i umple structura p\u0103rului fin. Protejeaz\u0103 p\u0103rul de excesul de umiditate. Contine acid hialuronic, elastina.<\/p>\n<p><strong>Volum:<\/strong> 250 ml<\/p>\n<p><strong>Mod de utilizare:<\/strong> Aplica\u021bi \u0219ampon pe p\u0103rul umed, masa\u021bi u\u0219or \u0219i apoi cl\u0103ti\u021bi bine cu ap\u0103. Repeta\u021bi procedura dac\u0103 este necesar.<\/p>\n<p><span style=\"font-size: 100%;\"><strong>Aten\u021bie:<\/strong> numai pentru uz extern. \u00cen caz de contact cu ochii, cl\u0103ti\u021bi cu mult\u0103 ap\u0103. A nu se lasa la indemana copiilor.<\/span><\/p>","protected":false},"excerpt":{"rendered":"<p>Shot Volume+ Shampoo &#8211; primul pas \u00een \u00eengrijirea p\u0103rului fin.<\/p>\n","protected":false},"featured_media":1268,"template":"","meta":[],"product_brand":[],"product_cat":[31,83,70,62,35],"product_tag":[],"class_list":{"0":"post-1267","1":"product","2":"type-product","3":"status-publish","4":"has-post-thumbnail","6":"product_cat-ingrijirea","7":"product_cat-acid-hialuronic","8":"product_cat-toate-tipurile","9":"product_cat-volumul-parului","10":"product_cat-sampon","11":"pa_brand-shot","12":"pa_producator-italia","13":"pa_serie-care-design-volume","14":"pa_tip-produs-sampon","15":"pa_volum-250-ml","17":"first","18":"instock","19":"shipping-taxable","20":"product-type-simple"},"_links":{"self":[{"href":"https:\/\/beauty-glow.md\/ro\/wp-json\/wp\/v2\/product\/1267","targetHints":{"allow":["GET"]}}],"collection":[{"href":"https:\/\/beauty-glow.md\/ro\/wp-json\/wp\/v2\/product"}],"about":[{"href":"https:\/\/beauty-glow.md\/ro\/wp-json\/wp\/v2\/types\/product"}],"wp:featuredmedia":[{"embeddable":true,"href":"https:\/\/beauty-glow.md\/ro\/wp-json\/wp\/v2\/media\/1268"}],"wp:attachment":[{"href":"https:\/\/beauty-glow.md\/ro\/wp-json\/wp\/v2\/media?parent=1267"}],"wp:term":[{"taxonomy":"product_brand","embeddable":true,"href":"https:\/\/beauty-glow.md\/ro\/wp-json\/wp\/v2\/product_brand?post=1267"},{"taxonomy":"product_cat","embeddable":true,"href":"https:\/\/beauty-glow.md\/ro\/wp-json\/wp\/v2\/product_cat?post=1267"},{"taxonomy":"product_tag","embeddable":true,"href":"https:\/\/beauty-glow.md\/ro\/wp-json\/wp\/v2\/product_tag?post=1267"}],"curies":[{"name":"wp","href":"https:\/\/api.w.org\/{rel}","templated":true}]}}