{"id":1293,"date":"2023-12-05T20:27:05","date_gmt":"2023-12-05T20:27:05","guid":{"rendered":"https:\/\/beauty-glow.md\/?post_type=product&#038;p=1293"},"modified":"2025-10-28T10:28:39","modified_gmt":"2025-10-28T10:28:39","slug":"normalizing-dandruff-oily-scalp-lotion","status":"publish","type":"product","link":"https:\/\/beauty-glow.md\/ro\/shop\/normalizing-dandruff-oily-scalp-lotion\/","title":{"rendered":"Lo\u021biune anti-m\u0103trea\u021b\u0103 pentru scalpul gras Shot Normalizing Dandruff Oily Scalp Lotion 150ml"},"content":{"rendered":"<h2 style=\"text-align: center;\">Lo\u021biune anti-m\u0103trea\u021b\u0103 pentru scalpul gras Shot Normalizing Dandruff Oily Scalp Lotion<\/h2>\n<p>Linie profesional\u0103 de cosmetice. Cur\u0103\u021b\u0103 \u00een profunzime scalpul \u0219i p\u0103rul \u0219i, de asemenea, regleaz\u0103 produc\u021bia de sebum.<\/p>\n<p><img decoding=\"async\" class=\"wp-image-1290 aligncenter\" src=\"https:\/\/beauty-glow.md\/wp-content\/uploads\/2023\/12\/Beauty-glow.md-Shot-Normalizing-Serie.jpg\" alt=\"Shot Normalizing\" width=\"524\" height=\"350\" title=\"\" srcset=\"https:\/\/beauty-glow.md\/wp-content\/uploads\/2023\/12\/Beauty-glow.md-Shot-Normalizing-Serie.jpg 884w, https:\/\/beauty-glow.md\/wp-content\/uploads\/2023\/12\/Beauty-glow.md-Shot-Normalizing-Serie-598x400.jpg 598w, https:\/\/beauty-glow.md\/wp-content\/uploads\/2023\/12\/Beauty-glow.md-Shot-Normalizing-Serie-768x513.jpg 768w, https:\/\/beauty-glow.md\/wp-content\/uploads\/2023\/12\/Beauty-glow.md-Shot-Normalizing-Serie-300x201.jpg 300w, https:\/\/beauty-glow.md\/wp-content\/uploads\/2023\/12\/Beauty-glow.md-Shot-Normalizing-Serie-600x401.jpg 600w\" sizes=\"(max-width: 524px) 100vw, 524px\" \/><\/p>\n<p><a href=\"https:\/\/beauty-glow.md\/tip-produs\/lotiune\/\">Lo\u021biune<\/a> <a href=\"https:\/\/www.cosmeticcenter.it\/\" target=\"_blank\" rel=\"noopener\">Shot<\/a> &#8211; \u00eempotriva m\u0103tre\u021bii pentru scalpul gras. Produs pe baz\u0103 de nalb\u0103, mu\u0219e\u021bel \u0219i uleiuri esen\u021biale. Cur\u0103\u021b\u0103 scalpul, elimin\u0103 m\u0103trea\u021ba, reduce secre\u021bia glandelor sebacee. Formula cu efect antibacterian \u0219i calmant.<\/p>\n<p><strong>Volum:<\/strong> 150 ml<\/p>\n<p><strong>Mod de utilizare:<\/strong> aplica\u021bi pe scalpul curat. F\u0103-\u021bi un masaj. Usca\u021bi-v\u0103 p\u0103rul f\u0103r\u0103 a cl\u0103ti produsul.<\/p>\n<p><span style=\"font-size: 100%;\"><strong>Aten\u021bie:<\/strong> numai pentru uz extern. \u00cen caz de contact cu ochii, cl\u0103ti\u021bi cu mult\u0103 ap\u0103. A nu se lasa la indemana copiilor.<\/span><\/p>","protected":false},"excerpt":{"rendered":"<p>Shot Normalizing Dandruff Oily Scalp Lotion &#8211; pentru a cur\u0103\u021ba scalpul \u0219i pentru a elimina m\u0103trea\u021ba.<\/p>\n","protected":false},"featured_media":1294,"template":"","meta":[],"product_brand":[],"product_cat":[31,70,68,59,230,57],"product_tag":[],"class_list":{"0":"post-1293","1":"product","2":"type-product","3":"status-publish","4":"has-post-thumbnail","6":"product_cat-ingrijirea","7":"product_cat-toate-tipurile","8":"product_cat-parul-gras","9":"product_cat-scalp","10":"product_cat-lotiune","11":"product_cat-anti-matreata","12":"pa_brand-shot","13":"pa_producator-italia","14":"pa_serie-trico-design-normalizing","15":"pa_tip-produs-lotiune","16":"pa_volum-150-ml","18":"first","19":"instock","20":"shipping-taxable","21":"product-type-simple"},"_links":{"self":[{"href":"https:\/\/beauty-glow.md\/ro\/wp-json\/wp\/v2\/product\/1293","targetHints":{"allow":["GET"]}}],"collection":[{"href":"https:\/\/beauty-glow.md\/ro\/wp-json\/wp\/v2\/product"}],"about":[{"href":"https:\/\/beauty-glow.md\/ro\/wp-json\/wp\/v2\/types\/product"}],"wp:featuredmedia":[{"embeddable":true,"href":"https:\/\/beauty-glow.md\/ro\/wp-json\/wp\/v2\/media\/1294"}],"wp:attachment":[{"href":"https:\/\/beauty-glow.md\/ro\/wp-json\/wp\/v2\/media?parent=1293"}],"wp:term":[{"taxonomy":"product_brand","embeddable":true,"href":"https:\/\/beauty-glow.md\/ro\/wp-json\/wp\/v2\/product_brand?post=1293"},{"taxonomy":"product_cat","embeddable":true,"href":"https:\/\/beauty-glow.md\/ro\/wp-json\/wp\/v2\/product_cat?post=1293"},{"taxonomy":"product_tag","embeddable":true,"href":"https:\/\/beauty-glow.md\/ro\/wp-json\/wp\/v2\/product_tag?post=1293"}],"curies":[{"name":"wp","href":"https:\/\/api.w.org\/{rel}","templated":true}]}}