{"id":1301,"date":"2023-12-05T20:47:25","date_gmt":"2023-12-05T20:47:25","guid":{"rendered":"https:\/\/beauty-glow.md\/?post_type=product&#038;p=1301"},"modified":"2025-10-28T10:26:50","modified_gmt":"2025-10-28T10:26:50","slug":"shot-ergovit-anti-hairloss-shampoo","status":"publish","type":"product","link":"https:\/\/beauty-glow.md\/ro\/shop\/shot-ergovit-anti-hairloss-shampoo\/","title":{"rendered":"\u0218ampon \u00eempotriva c\u0103derii p\u0103rului Shot Ergovit Anti-Hairloss Shampoo 250ml"},"content":{"rendered":"<h2 style=\"text-align: center;\">\u0218ampon \u00eempotriva c\u0103derii p\u0103rului Shot Ergovit Anti-Hairloss Shampoo<\/h2>\n<p>Linie profesional\u0103 de cosmetice. Seria \u00eempotriva c\u0103derii p\u0103rului pe baz\u0103 de uleiuri esen\u021biale.<\/p>\n<p><img decoding=\"async\" class=\"wp-image-1299 aligncenter\" src=\"https:\/\/beauty-glow.md\/wp-content\/uploads\/2023\/12\/Beauty-glow.md-Shot-Anti-Hairloss-Serie.jpg\" alt=\"Shot Ergovit Anti-Hairloss \" width=\"539\" height=\"350\" title=\"\" srcset=\"https:\/\/beauty-glow.md\/wp-content\/uploads\/2023\/12\/Beauty-glow.md-Shot-Anti-Hairloss-Serie.jpg 910w, https:\/\/beauty-glow.md\/wp-content\/uploads\/2023\/12\/Beauty-glow.md-Shot-Anti-Hairloss-Serie-616x400.jpg 616w, https:\/\/beauty-glow.md\/wp-content\/uploads\/2023\/12\/Beauty-glow.md-Shot-Anti-Hairloss-Serie-768x499.jpg 768w, https:\/\/beauty-glow.md\/wp-content\/uploads\/2023\/12\/Beauty-glow.md-Shot-Anti-Hairloss-Serie-300x195.jpg 300w, https:\/\/beauty-glow.md\/wp-content\/uploads\/2023\/12\/Beauty-glow.md-Shot-Anti-Hairloss-Serie-600x390.jpg 600w\" sizes=\"(max-width: 539px) 100vw, 539px\" \/><\/p>\n<p><a href=\"https:\/\/beauty-glow.md\/attribute\/tip-produs\/sampon\/\">\u0218amponul<\/a> <a href=\"https:\/\/www.cosmeticcenter.it\/\" target=\"_blank\" rel=\"noopener\">Shot<\/a> &#8211; \u00eempotriva c\u0103derii p\u0103rului: p\u0103r pe baz\u0103 de Cofein\u0103, Ginseng, Uleiuri esen\u021biale. Cur\u0103\u021b\u0103, promoveaz\u0103 cre\u0219terea p\u0103rului, stimuleaz\u0103 foliculii de p\u0103r \u0219i \u00eent\u0103re\u0219te p\u0103rul sl\u0103bit. Formula f\u0103r\u0103 SLES.<\/p>\n<p><strong>Volum:<\/strong> 250 ml<\/p>\n<p><strong>Mod de utilizare:<\/strong> Aplica\u021bi \u0219ampon pe p\u0103rul umed, masa\u021bi u\u0219or \u0219i apoi cl\u0103ti\u021bi bine cu ap\u0103. Repeta\u021bi procedura dac\u0103 este necesar.<\/p>\n<p><span style=\"font-size: 100%;\"><strong>Aten\u021bie:<\/strong> numai pentru uz extern. \u00cen caz de contact cu ochii, cl\u0103ti\u021bi cu mult\u0103 ap\u0103. A nu se lasa la indemana copiilor.<\/span><\/p>","protected":false},"excerpt":{"rendered":"<p>Shot Ergovit Anti-Hairloss Shampoo &#8211; \u00eent\u0103re\u0219te p\u0103rul sl\u0103bit \u0219i promoveaz\u0103 cre\u0219terea p\u0103rului nou.<\/p>\n","protected":false},"featured_media":1302,"template":"","meta":[],"product_brand":[],"product_cat":[31,70,43,35],"product_tag":[],"class_list":{"0":"post-1301","1":"product","2":"type-product","3":"status-publish","4":"has-post-thumbnail","6":"product_cat-ingrijirea","7":"product_cat-toate-tipurile","8":"product_cat-impotriva-caderii","9":"product_cat-sampon","10":"pa_brand-shot","11":"pa_producator-italia","12":"pa_serie-trico-design-ergovit","13":"pa_tip-produs-sampon","14":"pa_volum-250-ml","16":"first","17":"instock","18":"shipping-taxable","19":"product-type-simple"},"_links":{"self":[{"href":"https:\/\/beauty-glow.md\/ro\/wp-json\/wp\/v2\/product\/1301","targetHints":{"allow":["GET"]}}],"collection":[{"href":"https:\/\/beauty-glow.md\/ro\/wp-json\/wp\/v2\/product"}],"about":[{"href":"https:\/\/beauty-glow.md\/ro\/wp-json\/wp\/v2\/types\/product"}],"wp:featuredmedia":[{"embeddable":true,"href":"https:\/\/beauty-glow.md\/ro\/wp-json\/wp\/v2\/media\/1302"}],"wp:attachment":[{"href":"https:\/\/beauty-glow.md\/ro\/wp-json\/wp\/v2\/media?parent=1301"}],"wp:term":[{"taxonomy":"product_brand","embeddable":true,"href":"https:\/\/beauty-glow.md\/ro\/wp-json\/wp\/v2\/product_brand?post=1301"},{"taxonomy":"product_cat","embeddable":true,"href":"https:\/\/beauty-glow.md\/ro\/wp-json\/wp\/v2\/product_cat?post=1301"},{"taxonomy":"product_tag","embeddable":true,"href":"https:\/\/beauty-glow.md\/ro\/wp-json\/wp\/v2\/product_tag?post=1301"}],"curies":[{"name":"wp","href":"https:\/\/api.w.org\/{rel}","templated":true}]}}