{"id":1303,"date":"2024-01-05T20:48:42","date_gmt":"2024-01-05T20:48:42","guid":{"rendered":"https:\/\/beauty-glow.md\/?post_type=product&#038;p=1303"},"modified":"2025-10-28T10:27:08","modified_gmt":"2025-10-28T10:27:08","slug":"shot-ergovit-anti-hairloss-lotion","status":"publish","type":"product","link":"https:\/\/beauty-glow.md\/ro\/shop\/shot-ergovit-anti-hairloss-lotion\/","title":{"rendered":"Lo\u021biune \u00eempotriva c\u0103derii p\u0103rului Shot Ergovit Anti-Hairloss Lotion 150ml"},"content":{"rendered":"<h2 style=\"text-align: center;\">Lo\u021biune \u00eempotriva c\u0103derii p\u0103rului Shot Ergovit Anti-Hairloss Lotion<\/h2>\n<p>Linie profesional\u0103 de cosmetice. Seria \u00eempotriva c\u0103derii p\u0103rului pe baz\u0103 de uleiuri esen\u021biale.<\/p>\n<p><img decoding=\"async\" class=\"wp-image-1299 aligncenter\" src=\"https:\/\/beauty-glow.md\/wp-content\/uploads\/2023\/12\/Beauty-glow.md-Shot-Anti-Hairloss-Serie.jpg\" alt=\"Shot Ergovit Anti-Hairloss \" width=\"539\" height=\"350\" title=\"\" srcset=\"https:\/\/beauty-glow.md\/wp-content\/uploads\/2023\/12\/Beauty-glow.md-Shot-Anti-Hairloss-Serie.jpg 910w, https:\/\/beauty-glow.md\/wp-content\/uploads\/2023\/12\/Beauty-glow.md-Shot-Anti-Hairloss-Serie-616x400.jpg 616w, https:\/\/beauty-glow.md\/wp-content\/uploads\/2023\/12\/Beauty-glow.md-Shot-Anti-Hairloss-Serie-768x499.jpg 768w, https:\/\/beauty-glow.md\/wp-content\/uploads\/2023\/12\/Beauty-glow.md-Shot-Anti-Hairloss-Serie-300x195.jpg 300w, https:\/\/beauty-glow.md\/wp-content\/uploads\/2023\/12\/Beauty-glow.md-Shot-Anti-Hairloss-Serie-600x390.jpg 600w\" sizes=\"(max-width: 539px) 100vw, 539px\" \/><\/p>\n<p><a href=\"https:\/\/beauty-glow.md\/tip-produs\/lotiune\/\">Lo\u021biune<\/a> <a href=\"https:\/\/www.cosmeticcenter.it\/\" target=\"_blank\" rel=\"noopener\">Shot<\/a> &#8211; \u00eempotriva c\u0103derii p\u0103rului. Produs pe baz\u0103 de cafein\u0103, ginseng \u0219i uleiuri esen\u021biale. Cre\u0219te circula\u021bia s\u00e2ngelui, stimuleaz\u0103 activitatea foliculilor de p\u0103r. Ofer\u0103 o senza\u021bie pl\u0103cut\u0103 de prospe\u021bime.<\/p>\n<p><strong>Volum:<\/strong> 150 ml<\/p>\n<p><strong>Mod de utilizare:<\/strong> aplica\u021bi pe scalpul curat. F\u0103-\u021bi un masaj. Usca\u021bi-v\u0103 p\u0103rul f\u0103r\u0103 a cl\u0103ti produsul.<\/p>\n<p><span style=\"font-size: 100%;\"><strong>Aten\u021bie:<\/strong> numai pentru uz extern. \u00cen caz de contact cu ochii, cl\u0103ti\u021bi cu mult\u0103 ap\u0103. A nu se lasa la indemana copiilor.<\/span><\/p>","protected":false},"excerpt":{"rendered":"<p>Shot Ergovit Anti-Hairloss Lotion &#8211; \u00eent\u0103re\u0219te p\u0103rul sl\u0103bit \u0219i promoveaz\u0103 cre\u0219terea p\u0103rului nou.<\/p>\n","protected":false},"featured_media":1304,"template":"","meta":[],"product_brand":[],"product_cat":[31,70,230,43],"product_tag":[],"class_list":{"0":"post-1303","1":"product","2":"type-product","3":"status-publish","4":"has-post-thumbnail","6":"product_cat-ingrijirea","7":"product_cat-toate-tipurile","8":"product_cat-lotiune","9":"product_cat-impotriva-caderii","10":"pa_brand-shot","11":"pa_producator-italia","12":"pa_serie-trico-design-ergovit","13":"pa_tip-produs-lotiune","14":"pa_volum-150-ml","16":"first","17":"instock","18":"shipping-taxable","19":"product-type-simple"},"_links":{"self":[{"href":"https:\/\/beauty-glow.md\/ro\/wp-json\/wp\/v2\/product\/1303","targetHints":{"allow":["GET"]}}],"collection":[{"href":"https:\/\/beauty-glow.md\/ro\/wp-json\/wp\/v2\/product"}],"about":[{"href":"https:\/\/beauty-glow.md\/ro\/wp-json\/wp\/v2\/types\/product"}],"wp:featuredmedia":[{"embeddable":true,"href":"https:\/\/beauty-glow.md\/ro\/wp-json\/wp\/v2\/media\/1304"}],"wp:attachment":[{"href":"https:\/\/beauty-glow.md\/ro\/wp-json\/wp\/v2\/media?parent=1303"}],"wp:term":[{"taxonomy":"product_brand","embeddable":true,"href":"https:\/\/beauty-glow.md\/ro\/wp-json\/wp\/v2\/product_brand?post=1303"},{"taxonomy":"product_cat","embeddable":true,"href":"https:\/\/beauty-glow.md\/ro\/wp-json\/wp\/v2\/product_cat?post=1303"},{"taxonomy":"product_tag","embeddable":true,"href":"https:\/\/beauty-glow.md\/ro\/wp-json\/wp\/v2\/product_tag?post=1303"}],"curies":[{"name":"wp","href":"https:\/\/api.w.org\/{rel}","templated":true}]}}