{"id":1321,"date":"2024-01-06T07:56:14","date_gmt":"2024-01-06T07:56:14","guid":{"rendered":"https:\/\/beauty-glow.md\/?post_type=product&#038;p=1321"},"modified":"2025-10-28T10:30:41","modified_gmt":"2025-10-28T10:30:41","slug":"shot-scalp-purifying-poultice-fresh-relax-1l","status":"publish","type":"product","link":"https:\/\/beauty-glow.md\/ro\/shop\/shot-scalp-purifying-poultice-fresh-relax-1l\/","title":{"rendered":"Masca-compres\u0103 pentru scalp \u0219i p\u0103r Shot Scalp Purifying Poultice Fresh Relax 1000ml"},"content":{"rendered":"<h2 style=\"text-align: center;\">Masca-compres\u0103 pentru scalp \u0219i p\u0103r Shot Scalp Purifying Poultice Fresh Relax<\/h2>\n<p>Linie profesional\u0103 de cosmetice. O linie de produse cosmetice pentru cur\u0103\u021barea \u00een profunzime a scalpului \u0219i p\u0103rului, precum \u0219i pentru a oferi o senza\u021bie de cur\u0103\u021benie \u0219i prospe\u021bime datorit\u0103 con\u021binutului de mentol.<\/p>\n<p><img decoding=\"async\" class=\"wp-image-1314 alignleft\" src=\"https:\/\/beauty-glow.md\/wp-content\/uploads\/2023\/12\/Beauty-glow.md-Shot-Scalp-Purifying-Serie-.jpg\" alt=\"Shot Scalp Purifying\" width=\"350\" height=\"350\" title=\"\" srcset=\"https:\/\/beauty-glow.md\/wp-content\/uploads\/2023\/12\/Beauty-glow.md-Shot-Scalp-Purifying-Serie-.jpg 1772w, https:\/\/beauty-glow.md\/wp-content\/uploads\/2023\/12\/Beauty-glow.md-Shot-Scalp-Purifying-Serie--400x400.jpg 400w, https:\/\/beauty-glow.md\/wp-content\/uploads\/2023\/12\/Beauty-glow.md-Shot-Scalp-Purifying-Serie--800x800.jpg 800w, https:\/\/beauty-glow.md\/wp-content\/uploads\/2023\/12\/Beauty-glow.md-Shot-Scalp-Purifying-Serie--280x280.jpg 280w, https:\/\/beauty-glow.md\/wp-content\/uploads\/2023\/12\/Beauty-glow.md-Shot-Scalp-Purifying-Serie--768x768.jpg 768w, https:\/\/beauty-glow.md\/wp-content\/uploads\/2023\/12\/Beauty-glow.md-Shot-Scalp-Purifying-Serie--1536x1536.jpg 1536w, https:\/\/beauty-glow.md\/wp-content\/uploads\/2023\/12\/Beauty-glow.md-Shot-Scalp-Purifying-Serie--300x300.jpg 300w, https:\/\/beauty-glow.md\/wp-content\/uploads\/2023\/12\/Beauty-glow.md-Shot-Scalp-Purifying-Serie--600x600.jpg 600w, https:\/\/beauty-glow.md\/wp-content\/uploads\/2023\/12\/Beauty-glow.md-Shot-Scalp-Purifying-Serie--100x100.jpg 100w\" sizes=\"(max-width: 350px) 100vw, 350px\" \/><\/p>\n<p><a href=\"https:\/\/beauty-glow.md\/tip-produs\/masca-par\/\">Masca<\/a>-compres\u0103 <a href=\"https:\/\/www.cosmeticcenter.it\/\" target=\"_blank\" rel=\"noopener\">Shot<\/a> pentru piele \u0219i p\u0103r. Produsul condi\u021bioneaz\u0103 p\u0103rul, calmeaz\u0103 scalpul, ofer\u0103 o senza\u021bie de prospe\u021bime \u0219i confort. Nu \u00eengreuneaz\u0103 \u0219i nu \u00eengra\u0219\u0103 p\u0103rul. Ingrediente active: Colagen, Menta.<\/p>\n<p><strong>Volum:<\/strong> 1000 ml<\/p>\n<p><strong>Mod de utilizare:<\/strong> Aplica\u021bi pe scalpul \u0219i p\u0103rul curat \u0219i umed, a\u0219tepta\u021bi 3-5 minute, cl\u0103ti\u021bi.<\/p>\n<p><span style=\"font-size: 100%;\"><strong>Aten\u021bie:<\/strong> numai pentru uz extern. \u00cen caz de contact cu ochii, cl\u0103ti\u021bi cu mult\u0103 ap\u0103. A nu se lasa la indemana copiilor.<\/span><\/p>","protected":false},"excerpt":{"rendered":"<p>Shot Scalp Purifying Poultice Fresh Relax &#8211; ofer\u0103 p\u0103rului \u0219i scalpului o senza\u021bie de prospe\u021bime.<\/p>\n","protected":false},"featured_media":1322,"template":"","meta":[],"product_brand":[],"product_cat":[31,70,59,36],"product_tag":[],"class_list":{"0":"post-1321","1":"product","2":"type-product","3":"status-publish","4":"has-post-thumbnail","6":"product_cat-ingrijirea","7":"product_cat-toate-tipurile","8":"product_cat-scalp","9":"product_cat-masca","10":"pa_brand-shot","11":"pa_producator-italia","12":"pa_serie-trico-design-scalp-purifying","13":"pa_tip-produs-masca-par","14":"pa_volum-1000-ml","16":"first","17":"instock","18":"shipping-taxable","19":"product-type-simple"},"_links":{"self":[{"href":"https:\/\/beauty-glow.md\/ro\/wp-json\/wp\/v2\/product\/1321","targetHints":{"allow":["GET"]}}],"collection":[{"href":"https:\/\/beauty-glow.md\/ro\/wp-json\/wp\/v2\/product"}],"about":[{"href":"https:\/\/beauty-glow.md\/ro\/wp-json\/wp\/v2\/types\/product"}],"wp:featuredmedia":[{"embeddable":true,"href":"https:\/\/beauty-glow.md\/ro\/wp-json\/wp\/v2\/media\/1322"}],"wp:attachment":[{"href":"https:\/\/beauty-glow.md\/ro\/wp-json\/wp\/v2\/media?parent=1321"}],"wp:term":[{"taxonomy":"product_brand","embeddable":true,"href":"https:\/\/beauty-glow.md\/ro\/wp-json\/wp\/v2\/product_brand?post=1321"},{"taxonomy":"product_cat","embeddable":true,"href":"https:\/\/beauty-glow.md\/ro\/wp-json\/wp\/v2\/product_cat?post=1321"},{"taxonomy":"product_tag","embeddable":true,"href":"https:\/\/beauty-glow.md\/ro\/wp-json\/wp\/v2\/product_tag?post=1321"}],"curies":[{"name":"wp","href":"https:\/\/api.w.org\/{rel}","templated":true}]}}