{"id":1337,"date":"2024-01-06T09:24:48","date_gmt":"2024-01-06T09:24:48","guid":{"rendered":"https:\/\/beauty-glow.md\/?post_type=product&#038;p=1337"},"modified":"2025-10-29T12:26:09","modified_gmt":"2025-10-29T12:26:09","slug":"shot-repara-almond-shampoo","status":"publish","type":"product","link":"https:\/\/beauty-glow.md\/ro\/shop\/shot-repara-almond-shampoo\/","title":{"rendered":"\u0218ampon de p\u0103r Shot Repara Almond Shampoo 10000ml"},"content":{"rendered":"<h2 style=\"text-align: center;\">\u0218ampon de p\u0103r Shot Repara Almond Shampoo<\/h2>\n<p>Linie profesional\u0103 de produse cosmetice pentru p\u0103r. Potrivit pentru toate tipurile de p\u0103r, ideal pentru utilizarea \u00een saloanele de \u00eenfrumuse\u021bare.<\/p>\n<p><a href=\"https:\/\/beauty-glow.md\/tip-produs\/sampon\/\">\u0218ampon<\/a> <a href=\"https:\/\/www.cosmeticcenter.it\/\" target=\"_blank\" rel=\"noopener\">Shot<\/a> pentru toate tipurile de p\u0103r cu aroma de migdale. \u0218amponul cur\u0103\u021b\u0103 delicat p\u0103rul. Con\u021binut ridicat de componente active. Potrivit pentru toate tipurile de p\u0103r.<\/p>\n<p><strong>Volum:<\/strong> 10 000 ml<\/p>\n<p><strong>Mod de utilizare:<\/strong> Aplica\u021bi \u0219ampon pe p\u0103rul umed, masa\u021bi u\u0219or \u0219i apoi cl\u0103ti\u021bi bine cu ap\u0103. Repeta\u021bi procedura dac\u0103 este necesar.<\/p>\n<p><span style=\"font-size: 100%;\"><strong>Aten\u021bie:<\/strong> numai pentru uz extern. \u00cen caz de contact cu ochii, cl\u0103ti\u021bi cu mult\u0103 ap\u0103. A nu se lasa la indemana copiilor.<\/span><\/p>","protected":false},"excerpt":{"rendered":"<p>Shot Repara Almond Shampoo &#8211; hidrateaz\u0103 \u0219i hr\u0103ne\u0219te p\u0103rul, red\u0103 str\u0103lucirea \u0219i m\u0103t\u0103sosul.<\/p>\n","protected":false},"featured_media":1338,"template":"","meta":[],"product_brand":[],"product_cat":[31,70,175,250,35],"product_tag":[],"class_list":{"0":"post-1337","1":"product","2":"type-product","3":"status-publish","4":"has-post-thumbnail","6":"product_cat-ingrijirea","7":"product_cat-toate-tipurile","8":"product_cat-produse-pentru-saloane","9":"product_cat-sampoane-salon","10":"product_cat-sampon","11":"pa_brand-shot","12":"pa_producator-italia","13":"pa_serie-repara","14":"pa_tip-produs-sampon","15":"pa_volum-10000-ml","17":"first","18":"instock","19":"shipping-taxable","20":"product-type-simple"},"_links":{"self":[{"href":"https:\/\/beauty-glow.md\/ro\/wp-json\/wp\/v2\/product\/1337","targetHints":{"allow":["GET"]}}],"collection":[{"href":"https:\/\/beauty-glow.md\/ro\/wp-json\/wp\/v2\/product"}],"about":[{"href":"https:\/\/beauty-glow.md\/ro\/wp-json\/wp\/v2\/types\/product"}],"wp:featuredmedia":[{"embeddable":true,"href":"https:\/\/beauty-glow.md\/ro\/wp-json\/wp\/v2\/media\/1338"}],"wp:attachment":[{"href":"https:\/\/beauty-glow.md\/ro\/wp-json\/wp\/v2\/media?parent=1337"}],"wp:term":[{"taxonomy":"product_brand","embeddable":true,"href":"https:\/\/beauty-glow.md\/ro\/wp-json\/wp\/v2\/product_brand?post=1337"},{"taxonomy":"product_cat","embeddable":true,"href":"https:\/\/beauty-glow.md\/ro\/wp-json\/wp\/v2\/product_cat?post=1337"},{"taxonomy":"product_tag","embeddable":true,"href":"https:\/\/beauty-glow.md\/ro\/wp-json\/wp\/v2\/product_tag?post=1337"}],"curies":[{"name":"wp","href":"https:\/\/api.w.org\/{rel}","templated":true}]}}