{"id":1345,"date":"2024-01-06T10:08:07","date_gmt":"2024-01-06T10:08:07","guid":{"rendered":"https:\/\/beauty-glow.md\/?post_type=product&#038;p=1345"},"modified":"2025-10-28T09:57:29","modified_gmt":"2025-10-28T09:57:29","slug":"shot-repara-milk-conditioner","status":"publish","type":"product","link":"https:\/\/beauty-glow.md\/ro\/shop\/shot-repara-milk-conditioner\/","title":{"rendered":"Balsam de p\u0103r Shot Repara Milk Conditioner 5000ml"},"content":{"rendered":"<h2 style=\"text-align: center;\">Balsam de p\u0103r Shot Repara Milk Conditioner<\/h2>\n<p>Linie profesional\u0103 de produse cosmetice pentru p\u0103r. Potrivit pentru toate tipurile de p\u0103r, ideal pentru utilizarea \u00een saloanele de \u00eenfrumuse\u021bare.<\/p>\n<p><a href=\"https:\/\/beauty-glow.md\/tip-produs\/balsam-pentru-par\/\">Balsam<\/a>\u00a0<a href=\"https:\/\/www.cosmeticcenter.it\/\" target=\"_blank\" rel=\"noopener\">Shot<\/a> pentru toate tipurile de p\u0103r cu aroma de lapte. Balsam de p\u0103r: descurc\u0103 p\u0103rul, \u00eel face moale f\u0103r\u0103 s\u0103-l \u00eengreuneze. Con\u021binut ridicat de componente active.<\/p>\n<p><strong>Volum:<\/strong> 5000 ml<\/p>\n<p><strong>Mod de utilizare:<\/strong> Sp\u0103la\u021bi-v\u0103 p\u0103rul cu \u0219ampon. Distribui\u021bi balsam uniform pe 2\/3 din lungimea p\u0103rului, f\u0103r\u0103 a atinge r\u0103d\u0103cinile. L\u0103sa\u021bi produsul pe p\u0103r timp de 2-3 minute. Cl\u0103ti\u021bi bine cu mult\u0103 ap\u0103. Usca\u021bi-v\u0103 p\u0103rul cu un prosop \u0219i coafa\u021bi.<\/p>\n<p><span style=\"font-size: 100%;\"><strong>Aten\u021bie:<\/strong> numai pentru uz extern. \u00cen caz de contact cu ochii, cl\u0103ti\u021bi cu mult\u0103 ap\u0103. A nu se lasa la indemana copiilor.<\/span><\/p>","protected":false},"excerpt":{"rendered":"<p>Shot Repara Milk Conditioner &#8211; hidrateaz\u0103 \u0219i hr\u0103ne\u0219te p\u0103rul, red\u0103 str\u0103lucirea \u0219i m\u0103t\u0103sosul.<\/p>\n","protected":false},"featured_media":1343,"template":"","meta":[],"product_brand":[],"product_cat":[31,251,70,228,175],"product_tag":[],"class_list":{"0":"post-1345","1":"product","2":"type-product","3":"status-publish","4":"has-post-thumbnail","6":"product_cat-ingrijirea","7":"product_cat-balsamuri-masti-salon","8":"product_cat-toate-tipurile","9":"product_cat-balsam","10":"product_cat-produse-pentru-saloane","11":"pa_brand-shot","12":"pa_producator-italia","13":"pa_serie-repara","14":"pa_tip-produs-balsam-pentru-par","15":"pa_volum-5000-ml","17":"first","18":"instock","19":"shipping-taxable","20":"product-type-simple"},"_links":{"self":[{"href":"https:\/\/beauty-glow.md\/ro\/wp-json\/wp\/v2\/product\/1345","targetHints":{"allow":["GET"]}}],"collection":[{"href":"https:\/\/beauty-glow.md\/ro\/wp-json\/wp\/v2\/product"}],"about":[{"href":"https:\/\/beauty-glow.md\/ro\/wp-json\/wp\/v2\/types\/product"}],"wp:featuredmedia":[{"embeddable":true,"href":"https:\/\/beauty-glow.md\/ro\/wp-json\/wp\/v2\/media\/1343"}],"wp:attachment":[{"href":"https:\/\/beauty-glow.md\/ro\/wp-json\/wp\/v2\/media?parent=1345"}],"wp:term":[{"taxonomy":"product_brand","embeddable":true,"href":"https:\/\/beauty-glow.md\/ro\/wp-json\/wp\/v2\/product_brand?post=1345"},{"taxonomy":"product_cat","embeddable":true,"href":"https:\/\/beauty-glow.md\/ro\/wp-json\/wp\/v2\/product_cat?post=1345"},{"taxonomy":"product_tag","embeddable":true,"href":"https:\/\/beauty-glow.md\/ro\/wp-json\/wp\/v2\/product_tag?post=1345"}],"curies":[{"name":"wp","href":"https:\/\/api.w.org\/{rel}","templated":true}]}}