{"id":1358,"date":"2024-01-06T11:19:05","date_gmt":"2024-01-06T11:19:05","guid":{"rendered":"https:\/\/beauty-glow.md\/?post_type=product&#038;p=1358"},"modified":"2025-10-28T10:33:28","modified_gmt":"2025-10-28T10:33:28","slug":"shot-work-activity-wax-fiber","status":"publish","type":"product","link":"https:\/\/beauty-glow.md\/ro\/shop\/shot-work-activity-wax-fiber\/","title":{"rendered":"P\u00e2nz\u0103 de cear\u0103 pentru aranjarea p\u0103rului pe baz\u0103 de ap\u0103 Shot Work Activity Wax Fiber 100ml"},"content":{"rendered":"<h2 style=\"text-align: center;\">P\u00e2nz\u0103 de cear\u0103 pentru aranjarea p\u0103rului pe baz\u0103 de ap\u0103 Shot Work Activity Wax Fiber<\/h2>\n<p><img decoding=\"async\" class=\"alignleft wp-image-1349\" src=\"https:\/\/beauty-glow.md\/wp-content\/uploads\/2023\/12\/Beauty-glow.md-Shot-Work-Activity-1-1.jpg\" alt=\"Shot Work Activity\" width=\"418\" height=\"350\" title=\"\" srcset=\"https:\/\/beauty-glow.md\/wp-content\/uploads\/2023\/12\/Beauty-glow.md-Shot-Work-Activity-1-1.jpg 1410w, https:\/\/beauty-glow.md\/wp-content\/uploads\/2023\/12\/Beauty-glow.md-Shot-Work-Activity-1-1-477x400.jpg 477w, https:\/\/beauty-glow.md\/wp-content\/uploads\/2023\/12\/Beauty-glow.md-Shot-Work-Activity-1-1-954x800.jpg 954w, https:\/\/beauty-glow.md\/wp-content\/uploads\/2023\/12\/Beauty-glow.md-Shot-Work-Activity-1-1-768x644.jpg 768w, https:\/\/beauty-glow.md\/wp-content\/uploads\/2023\/12\/Beauty-glow.md-Shot-Work-Activity-1-1-300x251.jpg 300w, https:\/\/beauty-glow.md\/wp-content\/uploads\/2023\/12\/Beauty-glow.md-Shot-Work-Activity-1-1-600x503.jpg 600w\" sizes=\"(max-width: 418px) 100vw, 418px\" \/>Prima linie de cosmetice pentru styling cu efect de restructurare bazat pe keratina, colagen \u0219i complex MFA. Componente active:<\/p>\n<ul>\n<li>Keratina este un elixir de frumuse\u021be pentru p\u0103r. Aceasta este o protein\u0103 bogat\u0103 \u00een vitamine \u0219i microelemente. Hr\u0103ne\u0219te \u0219i restructureaz\u0103, \u00eentineri\u0219te p\u0103rul.<\/li>\n<li>Colagenul este cea mai important\u0103 protein\u0103 din corpul nostru. Ofer\u0103 structur\u0103, m\u0103re\u0219te rezisten\u021ba la trac\u021biune \u0219i confer\u0103 elasticitate.<\/li>\n<li>Complexul MFA este un complex multivitaminic pe baza de trestie de zahar, mere, citrice \u0219i ceai verde. \u00cengro\u0219eaz\u0103 p\u0103rul, f\u0103c\u00e2ndu-l m\u0103t\u0103sos \u0219i calmeaz\u0103 irita\u021biile pielii.<\/li>\n<\/ul>\n<p><a href=\"https:\/\/beauty-glow.md\/tip-produs\/gel-styling\/\">Cear\u0103 de styling<\/a> elastic\u0103 <a href=\"https:\/\/www.cosmeticcenter.it\/\" target=\"_blank\" rel=\"noopener\">Shot<\/a> cu fixare extrem de puternic\u0103 pentru toate tipurile de p\u0103r. Fixare fiabil\u0103 cu efect natural.<\/p>\n<p><strong>Volum:<\/strong> 100 ml<\/p>\n<p><strong>Mod de utilizare:<\/strong> Aplica\u021bi pe p\u0103rul umed sau uscat \u0219i continua\u021bi cu coafarea normal\u0103.<\/p>\n<p><span style=\"font-size: 100%;\"><strong>Aten\u021bie:<\/strong> numai pentru uz extern. \u00cen caz de contact cu ochii, cl\u0103ti\u021bi cu mult\u0103 ap\u0103. A nu se lasa la indemana copiilor.<\/span><\/p>","protected":false},"excerpt":{"rendered":"<p>Shot Work Activity Wax Fiber &#8211; va ajuta la aranjarea oric\u0103rui tip de p\u0103r.<\/p>\n","protected":false},"featured_media":1359,"template":"","meta":[],"product_brand":[],"product_cat":[39,247],"product_tag":[],"class_list":{"0":"post-1358","1":"product","2":"type-product","3":"status-publish","4":"has-post-thumbnail","6":"product_cat-styling","7":"product_cat-ceara-si-gel","8":"pa_brand-shot","9":"pa_producator-italia","10":"pa_serie-work-activity","11":"pa_tip-produs-ceara-styling","12":"pa_volum-100-ml","14":"first","15":"instock","16":"shipping-taxable","17":"product-type-simple"},"_links":{"self":[{"href":"https:\/\/beauty-glow.md\/ro\/wp-json\/wp\/v2\/product\/1358","targetHints":{"allow":["GET"]}}],"collection":[{"href":"https:\/\/beauty-glow.md\/ro\/wp-json\/wp\/v2\/product"}],"about":[{"href":"https:\/\/beauty-glow.md\/ro\/wp-json\/wp\/v2\/types\/product"}],"wp:featuredmedia":[{"embeddable":true,"href":"https:\/\/beauty-glow.md\/ro\/wp-json\/wp\/v2\/media\/1359"}],"wp:attachment":[{"href":"https:\/\/beauty-glow.md\/ro\/wp-json\/wp\/v2\/media?parent=1358"}],"wp:term":[{"taxonomy":"product_brand","embeddable":true,"href":"https:\/\/beauty-glow.md\/ro\/wp-json\/wp\/v2\/product_brand?post=1358"},{"taxonomy":"product_cat","embeddable":true,"href":"https:\/\/beauty-glow.md\/ro\/wp-json\/wp\/v2\/product_cat?post=1358"},{"taxonomy":"product_tag","embeddable":true,"href":"https:\/\/beauty-glow.md\/ro\/wp-json\/wp\/v2\/product_tag?post=1358"}],"curies":[{"name":"wp","href":"https:\/\/api.w.org\/{rel}","templated":true}]}}