{"id":1409,"date":"2024-01-07T10:15:26","date_gmt":"2024-01-07T10:15:26","guid":{"rendered":"https:\/\/beauty-glow.md\/?post_type=product&#038;p=1409"},"modified":"2025-10-28T10:21:58","modified_gmt":"2025-10-28T10:21:58","slug":"shot-hydro-plus-mask-uv-filter-1l","status":"publish","type":"product","link":"https:\/\/beauty-glow.md\/ro\/shop\/shot-hydro-plus-mask-uv-filter-1l\/","title":{"rendered":"Masc\u0103 hidratant\u0103 cu filtru UV Shot Hydro Plus Mask UV Filter 1000ml"},"content":{"rendered":"<h2 style=\"text-align: center;\">Masc\u0103 hidratant\u0103 cu filtru UV Shot Hydro Plus Mask UV Filter<\/h2>\n<p>Linie profesional\u0103 de produse cosmetice pentru p\u0103r. O linie absolut unic\u0103, modern\u0103, pentru protejarea \u0219i \u00eengrijirea p\u0103rului, pe baz\u0103 de ulei de argan \u0219i aloe vera, cu filtru de ultraviolete.<\/p>\n<p><img decoding=\"async\" class=\"wp-image-1407 alignleft\" src=\"https:\/\/beauty-glow.md\/wp-content\/uploads\/2023\/12\/Beauty-glow.md-Shot-Sos-Design-Protection.jpg\" alt=\"Shot Sos Design&amp;Protection\" width=\"349\" height=\"349\" title=\"\" srcset=\"https:\/\/beauty-glow.md\/wp-content\/uploads\/2023\/12\/Beauty-glow.md-Shot-Sos-Design-Protection.jpg 1772w, https:\/\/beauty-glow.md\/wp-content\/uploads\/2023\/12\/Beauty-glow.md-Shot-Sos-Design-Protection-400x400.jpg 400w, https:\/\/beauty-glow.md\/wp-content\/uploads\/2023\/12\/Beauty-glow.md-Shot-Sos-Design-Protection-800x800.jpg 800w, https:\/\/beauty-glow.md\/wp-content\/uploads\/2023\/12\/Beauty-glow.md-Shot-Sos-Design-Protection-280x280.jpg 280w, https:\/\/beauty-glow.md\/wp-content\/uploads\/2023\/12\/Beauty-glow.md-Shot-Sos-Design-Protection-768x768.jpg 768w, https:\/\/beauty-glow.md\/wp-content\/uploads\/2023\/12\/Beauty-glow.md-Shot-Sos-Design-Protection-1536x1536.jpg 1536w, https:\/\/beauty-glow.md\/wp-content\/uploads\/2023\/12\/Beauty-glow.md-Shot-Sos-Design-Protection-300x300.jpg 300w, https:\/\/beauty-glow.md\/wp-content\/uploads\/2023\/12\/Beauty-glow.md-Shot-Sos-Design-Protection-600x600.jpg 600w, https:\/\/beauty-glow.md\/wp-content\/uploads\/2023\/12\/Beauty-glow.md-Shot-Sos-Design-Protection-100x100.jpg 100w\" sizes=\"(max-width: 349px) 100vw, 349px\" \/><\/p>\n<p><a href=\"https:\/\/beauty-glow.md\/attribute\/tip-produs\/masca-par\/\">Masc\u0103<\/a> super hidratant\u0103 \u0219i restauratoare <a href=\"https:\/\/www.cosmeticcenter.it\/\" target=\"_blank\" rel=\"noopener\">Shot<\/a> cu filtru UV. Datorit\u0103 uleiului de argan inclus \u00een compozi\u021bie, masca restaureaz\u0103 p\u0103rul deteriorat de expunerea la soare, sare de mare \u0219i ap\u0103 clorurat\u0103. Protejeaz\u0103 de v\u00e2nt \u0219i men\u021bine echilibrul umidit\u0103\u021bii p\u0103rului. Face p\u0103rul mai u\u0219or de piept\u0103nat.<\/p>\n<p><strong>Volum:<\/strong> 1000 ml<\/p>\n<p><strong>Mod de utilizare:<\/strong> Sp\u0103la\u021bi-v\u0103 p\u0103rul cu \u0219ampon. Distribui\u021bi masca uniform pe 2\/3 din lungimea p\u0103rului, f\u0103r\u0103 a atinge r\u0103d\u0103cinile. L\u0103sa\u021bi produsul pe p\u0103r timp de 5-10 minute. Cl\u0103ti\u021bi bine masca cu mult\u0103 ap\u0103. Usca\u021bi-v\u0103 p\u0103rul cu un prosop \u0219i coafa\u021bi.<\/p>\n<p><span style=\"font-size: 100%;\"><strong>Aten\u021bie:<\/strong> numai pentru uz extern. \u00cen caz de contact cu ochii, cl\u0103ti\u021bi cu mult\u0103 ap\u0103. A nu se lasa la indemana copiilor.<\/span><\/p>","protected":false},"excerpt":{"rendered":"<p>Shot Hydro Plus Mask UV Filter &#8211; pentru o protec\u021bie maxim\u0103 a p\u0103rului t\u0103u.<\/p>\n","protected":false},"featured_media":1410,"template":"","meta":[],"product_brand":[],"product_cat":[31,70,55,64,36],"product_tag":[],"class_list":{"0":"post-1409","1":"product","2":"type-product","3":"status-publish","4":"has-post-thumbnail","6":"product_cat-ingrijirea","7":"product_cat-toate-tipurile","8":"product_cat-protectia","9":"product_cat-protectie-uv","10":"product_cat-masca","11":"pa_brand-shot","12":"pa_producator-italia","13":"pa_serie-sos-design-protection","14":"pa_tip-produs-masca-par","15":"pa_volum-1000-ml","17":"first","18":"instock","19":"shipping-taxable","20":"product-type-simple"},"_links":{"self":[{"href":"https:\/\/beauty-glow.md\/ro\/wp-json\/wp\/v2\/product\/1409","targetHints":{"allow":["GET"]}}],"collection":[{"href":"https:\/\/beauty-glow.md\/ro\/wp-json\/wp\/v2\/product"}],"about":[{"href":"https:\/\/beauty-glow.md\/ro\/wp-json\/wp\/v2\/types\/product"}],"wp:featuredmedia":[{"embeddable":true,"href":"https:\/\/beauty-glow.md\/ro\/wp-json\/wp\/v2\/media\/1410"}],"wp:attachment":[{"href":"https:\/\/beauty-glow.md\/ro\/wp-json\/wp\/v2\/media?parent=1409"}],"wp:term":[{"taxonomy":"product_brand","embeddable":true,"href":"https:\/\/beauty-glow.md\/ro\/wp-json\/wp\/v2\/product_brand?post=1409"},{"taxonomy":"product_cat","embeddable":true,"href":"https:\/\/beauty-glow.md\/ro\/wp-json\/wp\/v2\/product_cat?post=1409"},{"taxonomy":"product_tag","embeddable":true,"href":"https:\/\/beauty-glow.md\/ro\/wp-json\/wp\/v2\/product_tag?post=1409"}],"curies":[{"name":"wp","href":"https:\/\/api.w.org\/{rel}","templated":true}]}}