{"id":1413,"date":"2024-01-07T10:40:54","date_gmt":"2024-01-07T10:40:54","guid":{"rendered":"https:\/\/beauty-glow.md\/?post_type=product&#038;p=1413"},"modified":"2025-10-28T10:22:14","modified_gmt":"2025-10-28T10:22:14","slug":"shot-hudro-spray-dry-oil","status":"publish","type":"product","link":"https:\/\/beauty-glow.md\/ro\/shop\/shot-hudro-spray-dry-oil\/","title":{"rendered":"Ulei uscat termoprotector cu filtru UV Shot Hudro Spray Dry Oil 100ml"},"content":{"rendered":"<h2 style=\"text-align: center;\">Ulei termoprotector uscat cu filtru UV Shot Hudro Spray Dry Oil<\/h2>\n<p>Linie profesional\u0103 de produse cosmetice pentru p\u0103r. O linie absolut unic\u0103, modern\u0103, pentru protejarea \u0219i \u00eengrijirea p\u0103rului, pe baz\u0103 de ulei de argan \u0219i aloe vera, cu filtru de ultraviolete.<\/p>\n<p><img decoding=\"async\" class=\"wp-image-1407 alignleft\" src=\"https:\/\/beauty-glow.md\/wp-content\/uploads\/2023\/12\/Beauty-glow.md-Shot-Sos-Design-Protection.jpg\" alt=\"Shot Sos Design&amp;Protection\" width=\"349\" height=\"349\" title=\"\" srcset=\"https:\/\/beauty-glow.md\/wp-content\/uploads\/2023\/12\/Beauty-glow.md-Shot-Sos-Design-Protection.jpg 1772w, https:\/\/beauty-glow.md\/wp-content\/uploads\/2023\/12\/Beauty-glow.md-Shot-Sos-Design-Protection-400x400.jpg 400w, https:\/\/beauty-glow.md\/wp-content\/uploads\/2023\/12\/Beauty-glow.md-Shot-Sos-Design-Protection-800x800.jpg 800w, https:\/\/beauty-glow.md\/wp-content\/uploads\/2023\/12\/Beauty-glow.md-Shot-Sos-Design-Protection-280x280.jpg 280w, https:\/\/beauty-glow.md\/wp-content\/uploads\/2023\/12\/Beauty-glow.md-Shot-Sos-Design-Protection-768x768.jpg 768w, https:\/\/beauty-glow.md\/wp-content\/uploads\/2023\/12\/Beauty-glow.md-Shot-Sos-Design-Protection-1536x1536.jpg 1536w, https:\/\/beauty-glow.md\/wp-content\/uploads\/2023\/12\/Beauty-glow.md-Shot-Sos-Design-Protection-300x300.jpg 300w, https:\/\/beauty-glow.md\/wp-content\/uploads\/2023\/12\/Beauty-glow.md-Shot-Sos-Design-Protection-600x600.jpg 600w, https:\/\/beauty-glow.md\/wp-content\/uploads\/2023\/12\/Beauty-glow.md-Shot-Sos-Design-Protection-100x100.jpg 100w\" sizes=\"(max-width: 349px) 100vw, 349px\" \/><\/p>\n<p><a href=\"https:\/\/beauty-glow.md\/tip-produs\/ulei-de-par\/\">Ulei<\/a> uscat <a href=\"https:\/\/www.cosmeticcenter.it\/\" target=\"_blank\" rel=\"noopener\">Shot<\/a> hidratant \u0219i termoprotector cu filtru UV. Protec\u021bie termic\u0103 a p\u0103rului la folosirea pl\u0103cilor de \u00eendreptat sau ondulat, protec\u021bie solar\u0103 datorit\u0103 filtrului UV. Ajut\u0103 la men\u021binerea p\u0103rului s\u0103n\u0103tos \u0219i hidratat.<\/p>\n<p><strong>Volum:<\/strong> 100 ml<\/p>\n<p><strong>Mod de utilizare:<\/strong> Pulveriza\u021bi pe p\u0103r \u00eenainte de a folosi instrumente profesionale, \u00eenainte de a ie\u0219i la soare \u0219i dup\u0103 \u00eenot.<\/p>\n<p><span style=\"font-size: 100%;\"><strong>Aten\u021bie:<\/strong> numai pentru uz extern. \u00cen caz de contact cu ochii, cl\u0103ti\u021bi cu mult\u0103 ap\u0103. A nu se lasa la indemana copiilor.<\/span><\/p>","protected":false},"excerpt":{"rendered":"<p>Shot Hudro Spray Dry Oil &#8211; pentru o protec\u021bie maxim\u0103 a p\u0103rului t\u0103u.<\/p>\n","protected":false},"featured_media":1414,"template":"","meta":[],"product_brand":[],"product_cat":[31,70,55,64,37,65],"product_tag":[],"class_list":{"0":"post-1413","1":"product","2":"type-product","3":"status-publish","4":"has-post-thumbnail","6":"product_cat-ingrijirea","7":"product_cat-toate-tipurile","8":"product_cat-protectia","9":"product_cat-protectie-uv","10":"product_cat-ulei","11":"product_cat-protectie-termica","12":"pa_brand-shot","13":"pa_producator-italia","14":"pa_serie-sos-design-protection","15":"pa_tip-produs-ulei-de-par","16":"pa_tip-produs-spray","17":"pa_volum-100-ml","19":"first","20":"instock","21":"shipping-taxable","22":"product-type-simple"},"_links":{"self":[{"href":"https:\/\/beauty-glow.md\/ro\/wp-json\/wp\/v2\/product\/1413","targetHints":{"allow":["GET"]}}],"collection":[{"href":"https:\/\/beauty-glow.md\/ro\/wp-json\/wp\/v2\/product"}],"about":[{"href":"https:\/\/beauty-glow.md\/ro\/wp-json\/wp\/v2\/types\/product"}],"wp:featuredmedia":[{"embeddable":true,"href":"https:\/\/beauty-glow.md\/ro\/wp-json\/wp\/v2\/media\/1414"}],"wp:attachment":[{"href":"https:\/\/beauty-glow.md\/ro\/wp-json\/wp\/v2\/media?parent=1413"}],"wp:term":[{"taxonomy":"product_brand","embeddable":true,"href":"https:\/\/beauty-glow.md\/ro\/wp-json\/wp\/v2\/product_brand?post=1413"},{"taxonomy":"product_cat","embeddable":true,"href":"https:\/\/beauty-glow.md\/ro\/wp-json\/wp\/v2\/product_cat?post=1413"},{"taxonomy":"product_tag","embeddable":true,"href":"https:\/\/beauty-glow.md\/ro\/wp-json\/wp\/v2\/product_tag?post=1413"}],"curies":[{"name":"wp","href":"https:\/\/api.w.org\/{rel}","templated":true}]}}