{"id":1420,"date":"2024-01-07T11:46:59","date_gmt":"2024-01-07T11:46:59","guid":{"rendered":"https:\/\/beauty-glow.md\/?post_type=product&#038;p=1420"},"modified":"2024-01-26T11:26:04","modified_gmt":"2024-01-26T11:26:04","slug":"shot-queensland-sun-mask","status":"publish","type":"product","link":"https:\/\/beauty-glow.md\/ro\/shop\/shot-queensland-sun-mask\/","title":{"rendered":"Masc\u0103 cu filtru UV Shot Queensland Sun Mask 250ml"},"content":{"rendered":"<h2 style=\"text-align: center;\">Masc\u0103 cu filtru UV Shot Queensland Sun Mask<\/h2>\n<p>Linie profesional\u0103 de produse cosmetice pentru p\u0103r. Cosmetice inovatoare pentru protejarea p\u0103rului de expunerea la soare, capabile s\u0103 protejeze, s\u0103 hidrateze \u0219i s\u0103 restructureze p\u0103rul.<\/p>\n<p><img decoding=\"async\" class=\"wp-image-1418 aligncenter\" src=\"https:\/\/beauty-glow.md\/wp-content\/uploads\/2023\/12\/Beauty-glow.md-Shot-Queensland-Sun-Serie.jpg\" alt=\"Shot Queensland Sun\" width=\"700\" height=\"350\" title=\"\" srcset=\"https:\/\/beauty-glow.md\/wp-content\/uploads\/2023\/12\/Beauty-glow.md-Shot-Queensland-Sun-Serie.jpg 1920w, https:\/\/beauty-glow.md\/wp-content\/uploads\/2023\/12\/Beauty-glow.md-Shot-Queensland-Sun-Serie-800x400.jpg 800w, https:\/\/beauty-glow.md\/wp-content\/uploads\/2023\/12\/Beauty-glow.md-Shot-Queensland-Sun-Serie-1400x700.jpg 1400w, https:\/\/beauty-glow.md\/wp-content\/uploads\/2023\/12\/Beauty-glow.md-Shot-Queensland-Sun-Serie-768x384.jpg 768w, https:\/\/beauty-glow.md\/wp-content\/uploads\/2023\/12\/Beauty-glow.md-Shot-Queensland-Sun-Serie-1536x768.jpg 1536w, https:\/\/beauty-glow.md\/wp-content\/uploads\/2023\/12\/Beauty-glow.md-Shot-Queensland-Sun-Serie-300x150.jpg 300w, https:\/\/beauty-glow.md\/wp-content\/uploads\/2023\/12\/Beauty-glow.md-Shot-Queensland-Sun-Serie-600x300.jpg 600w\" sizes=\"(max-width: 700px) 100vw, 700px\" \/><\/p>\n<p><a href=\"https:\/\/beauty-glow.md\/attribute\/tip-produs\/masca-par\/\">Masc\u0103<\/a> <a href=\"https:\/\/www.cosmeticcenter.it\/\" target=\"_blank\" rel=\"noopener\">Shot<\/a> Queensland Sun ofer\u0103 protec\u021bie buclelor tale \u00een timpul verii, eviden\u021biind frumuse\u021bea lor natural\u0103, f\u0103c\u00e2ndu-le mai pline \u0219i mai puternice. Produsul se remarc\u0103 prin grosimea sa \u0219i aroma pl\u0103cut\u0103, \u00eenv\u0103luie uniform firele, oferindu-le o netezime \u0219i o moliciune uimitoare, f\u0103c\u00e2ndu-le hidratate \u0219i fascinant de str\u0103lucitoare. Produsul con\u021bine un complex de \u00eengrijire bazat pe o combina\u021bie de extracte din plante: fructe ro\u0219ii, aloe \u0219i bambus \u0219i agen\u021bi de condi\u021bionare.<\/p>\n<p>Masca Queensland-Sun garanteaz\u0103 protec\u021bie \u00eempotriva:<\/p>\n<ul>\n<li>apa clorata si dura in piscine;<\/li>\n<li>ap\u0103 s\u0103rat\u0103 de mare;<\/li>\n<li>orice manifestare de vreme rea;<\/li>\n<li>radia\u021bii UV.<\/li>\n<\/ul>\n<p><strong>Volum:<\/strong> 250 ml<\/p>\n<p><strong>Mod de utilizare:<\/strong> Sp\u0103la\u021bi-v\u0103 p\u0103rul cu \u0219ampon. Distribui\u021bi masca uniform pe 2\/3 din lungimea p\u0103rului, f\u0103r\u0103 a atinge r\u0103d\u0103cinile. L\u0103sa\u021bi produsul pe p\u0103r timp de 5-10 minute. Cl\u0103ti\u021bi bine masca cu mult\u0103 ap\u0103. Usca\u021bi-v\u0103 p\u0103rul cu un prosop \u0219i coafa\u021bi.<\/p>\n<p><span style=\"font-size: 100%;\"><strong>Aten\u021bie:<\/strong> numai pentru uz extern. \u00cen caz de contact cu ochii, cl\u0103ti\u021bi cu mult\u0103 ap\u0103. A nu se lasa la indemana copiilor.<\/span><\/p>","protected":false},"excerpt":{"rendered":"<p>Shot Queensland Sun Mask &#8211; pentru o protec\u021bie maxim\u0103 a p\u0103rului t\u0103u.<\/p>\n","protected":false},"featured_media":1421,"template":"","meta":[],"product_brand":[],"product_cat":[31,70,55,64,36],"product_tag":[],"class_list":{"0":"post-1420","1":"product","2":"type-product","3":"status-publish","4":"has-post-thumbnail","6":"product_cat-ingrijirea","7":"product_cat-toate-tipurile","8":"product_cat-protectia","9":"product_cat-protectie-uv","10":"product_cat-masca","11":"pa_brand-shot","12":"pa_producator-italia","13":"pa_serie-queensland-sun","14":"pa_tip-produs-masca-par","15":"pa_volum-250-ml","17":"first","18":"instock","19":"shipping-taxable","20":"product-type-simple"},"_links":{"self":[{"href":"https:\/\/beauty-glow.md\/ro\/wp-json\/wp\/v2\/product\/1420","targetHints":{"allow":["GET"]}}],"collection":[{"href":"https:\/\/beauty-glow.md\/ro\/wp-json\/wp\/v2\/product"}],"about":[{"href":"https:\/\/beauty-glow.md\/ro\/wp-json\/wp\/v2\/types\/product"}],"wp:featuredmedia":[{"embeddable":true,"href":"https:\/\/beauty-glow.md\/ro\/wp-json\/wp\/v2\/media\/1421"}],"wp:attachment":[{"href":"https:\/\/beauty-glow.md\/ro\/wp-json\/wp\/v2\/media?parent=1420"}],"wp:term":[{"taxonomy":"product_brand","embeddable":true,"href":"https:\/\/beauty-glow.md\/ro\/wp-json\/wp\/v2\/product_brand?post=1420"},{"taxonomy":"product_cat","embeddable":true,"href":"https:\/\/beauty-glow.md\/ro\/wp-json\/wp\/v2\/product_cat?post=1420"},{"taxonomy":"product_tag","embeddable":true,"href":"https:\/\/beauty-glow.md\/ro\/wp-json\/wp\/v2\/product_tag?post=1420"}],"curies":[{"name":"wp","href":"https:\/\/api.w.org\/{rel}","templated":true}]}}