{"id":1429,"date":"2024-01-07T13:36:39","date_gmt":"2024-01-07T13:36:39","guid":{"rendered":"https:\/\/beauty-glow.md\/?post_type=product&#038;p=1429"},"modified":"2025-10-28T10:01:38","modified_gmt":"2025-10-28T10:01:38","slug":"shot-k-smooth-start-generator","status":"publish","type":"product","link":"https:\/\/beauty-glow.md\/ro\/shop\/shot-k-smooth-start-generator\/","title":{"rendered":"Spray alcalin pentru p\u0103r Pasul 1 Shot K-Smooth Start Generator 150ml"},"content":{"rendered":"<h2 style=\"text-align: center;\">Spray alcalin pentru p\u0103r Shot K-Smooth Start Generator<\/h2>\n<p>Linie profesional\u0103 de produse cosmetice pentru p\u0103r. Se folose\u0219te \u00een procedurile de \u00eendreptare a p\u0103rului cu keratina \u00een salon.<\/p>\n<p><img decoding=\"async\" class=\"wp-image-1428 alignleft\" src=\"https:\/\/beauty-glow.md\/wp-content\/uploads\/2023\/12\/Beauty-glow.md-Shot-K-Smooth-Serie.jpg\" alt=\"Shot K-Smooth\" width=\"350\" height=\"350\" title=\"\" srcset=\"https:\/\/beauty-glow.md\/wp-content\/uploads\/2023\/12\/Beauty-glow.md-Shot-K-Smooth-Serie.jpg 1080w, https:\/\/beauty-glow.md\/wp-content\/uploads\/2023\/12\/Beauty-glow.md-Shot-K-Smooth-Serie-400x400.jpg 400w, https:\/\/beauty-glow.md\/wp-content\/uploads\/2023\/12\/Beauty-glow.md-Shot-K-Smooth-Serie-800x800.jpg 800w, https:\/\/beauty-glow.md\/wp-content\/uploads\/2023\/12\/Beauty-glow.md-Shot-K-Smooth-Serie-280x280.jpg 280w, https:\/\/beauty-glow.md\/wp-content\/uploads\/2023\/12\/Beauty-glow.md-Shot-K-Smooth-Serie-768x768.jpg 768w, https:\/\/beauty-glow.md\/wp-content\/uploads\/2023\/12\/Beauty-glow.md-Shot-K-Smooth-Serie-300x300.jpg 300w, https:\/\/beauty-glow.md\/wp-content\/uploads\/2023\/12\/Beauty-glow.md-Shot-K-Smooth-Serie-600x600.jpg 600w, https:\/\/beauty-glow.md\/wp-content\/uploads\/2023\/12\/Beauty-glow.md-Shot-K-Smooth-Serie-100x100.jpg 100w\" sizes=\"(max-width: 350px) 100vw, 350px\" \/><\/p>\n<p><a href=\"https:\/\/beauty-glow.md\/tip-produs\/spray\/\">Spray<\/a> alcalin pentru p\u0103r Pasul 1 <a href=\"https:\/\/www.cosmeticcenter.it\/\" target=\"_blank\" rel=\"noopener\">Shot<\/a> K-Smooth \u00eendepline\u0219te o func\u021bie important\u0103 \u00een procesul de \u00eendreptare a p\u0103rului. Ac\u021biunea sa este de a alcaliniza structura p\u0103rului, de a dizolva acumularea \u0219i de\u0219eurile \u0219i de a deschide cuticula datorit\u0103 nivelului s\u0103u specific de pH.<\/p>\n<p>Scopul principal al unui spray alcalin este de a preg\u0103ti p\u0103rul pentru expunerea maxim\u0103 la fluidul de netezire. Acest pas asigur\u0103 receptivitatea maxim\u0103 a p\u0103rului \u0219i promoveaz\u0103 o mai bun\u0103 penetrare a componentelor active ale agentului de netezire. Acest proces \u00een trei etape ajut\u0103 la ob\u021binerea unui efect maxim de \u00eendreptare, l\u0103s\u00e2nd p\u0103rul neted, moale \u0219i str\u0103lucitor.<\/p>\n<p><strong>Volum:<\/strong> 150 ml<\/p>\n<p><strong>Mod de utilizare:<\/strong> Pulveriza\u021bi spray alcalin pe p\u0103rul curat \u0219i uscat cu prosopul. Nu sp\u0103la\u021bi spray-ul, l\u0103sa\u021bi-l pe p\u0103r pentru timpul specificat pentru a se \u00eenmuia. Apoi aplica\u021bi un fluid de netezire a p\u0103rului.<\/p>\n<p><span style=\"font-size: 100%;\"><strong>Aten\u021bie:<\/strong> numai pentru uz extern. \u00cen caz de contact cu ochii, cl\u0103ti\u021bi cu mult\u0103 ap\u0103. A nu se lasa la indemana copiilor.<\/span><\/p>","protected":false},"excerpt":{"rendered":"<p>Shot K-Smooth Start Generator &#8211; preg\u0103te\u0219te p\u0103rul pentru un efect maxim de fluid de netezire.<\/p>\n","protected":false},"featured_media":1432,"template":"","meta":[],"product_brand":[],"product_cat":[31,70,60,255,256,175],"product_tag":[],"class_list":{"0":"post-1429","1":"product","2":"type-product","3":"status-publish","4":"has-post-thumbnail","6":"product_cat-ingrijirea","7":"product_cat-toate-tipurile","8":"product_cat-keratina","9":"product_cat-indreptare-cu-cheratina","10":"product_cat-procedura-de-indreptare","11":"product_cat-produse-pentru-saloane","12":"pa_brand-shot","13":"pa_producator-italia","14":"pa_serie-k-smooth","15":"pa_tip-produs-spray","16":"pa_volum-150-ml","18":"first","19":"instock","20":"shipping-taxable","21":"product-type-simple"},"_links":{"self":[{"href":"https:\/\/beauty-glow.md\/ro\/wp-json\/wp\/v2\/product\/1429","targetHints":{"allow":["GET"]}}],"collection":[{"href":"https:\/\/beauty-glow.md\/ro\/wp-json\/wp\/v2\/product"}],"about":[{"href":"https:\/\/beauty-glow.md\/ro\/wp-json\/wp\/v2\/types\/product"}],"wp:featuredmedia":[{"embeddable":true,"href":"https:\/\/beauty-glow.md\/ro\/wp-json\/wp\/v2\/media\/1432"}],"wp:attachment":[{"href":"https:\/\/beauty-glow.md\/ro\/wp-json\/wp\/v2\/media?parent=1429"}],"wp:term":[{"taxonomy":"product_brand","embeddable":true,"href":"https:\/\/beauty-glow.md\/ro\/wp-json\/wp\/v2\/product_brand?post=1429"},{"taxonomy":"product_cat","embeddable":true,"href":"https:\/\/beauty-glow.md\/ro\/wp-json\/wp\/v2\/product_cat?post=1429"},{"taxonomy":"product_tag","embeddable":true,"href":"https:\/\/beauty-glow.md\/ro\/wp-json\/wp\/v2\/product_tag?post=1429"}],"curies":[{"name":"wp","href":"https:\/\/api.w.org\/{rel}","templated":true}]}}