{"id":1435,"date":"2023-12-07T13:49:28","date_gmt":"2023-12-07T13:49:28","guid":{"rendered":"https:\/\/beauty-glow.md\/?post_type=product&#038;p=1435"},"modified":"2025-10-28T10:02:50","modified_gmt":"2025-10-28T10:02:50","slug":"shot-k-smooth-mask","status":"publish","type":"product","link":"https:\/\/beauty-glow.md\/ro\/shop\/shot-k-smooth-mask\/","title":{"rendered":"Masca pentru netezime p\u0103rului Shot K-Smooth Mask 200ml"},"content":{"rendered":"<h2 style=\"text-align: center;\">Mascca pentru netezime p\u0103rului Shot K-Smooth Mask<\/h2>\n<p>Linie profesional\u0103 de produse cosmetice pentru p\u0103r. Se folose\u0219te \u00een procedurile de \u00eendreptare a p\u0103rului cu keratina \u00een salon.<\/p>\n<p><img decoding=\"async\" class=\"wp-image-1428 alignleft\" src=\"https:\/\/beauty-glow.md\/wp-content\/uploads\/2023\/12\/Beauty-glow.md-Shot-K-Smooth-Serie.jpg\" alt=\"Shot K-Smooth\" width=\"350\" height=\"350\" title=\"\" srcset=\"https:\/\/beauty-glow.md\/wp-content\/uploads\/2023\/12\/Beauty-glow.md-Shot-K-Smooth-Serie.jpg 1080w, https:\/\/beauty-glow.md\/wp-content\/uploads\/2023\/12\/Beauty-glow.md-Shot-K-Smooth-Serie-400x400.jpg 400w, https:\/\/beauty-glow.md\/wp-content\/uploads\/2023\/12\/Beauty-glow.md-Shot-K-Smooth-Serie-800x800.jpg 800w, https:\/\/beauty-glow.md\/wp-content\/uploads\/2023\/12\/Beauty-glow.md-Shot-K-Smooth-Serie-280x280.jpg 280w, https:\/\/beauty-glow.md\/wp-content\/uploads\/2023\/12\/Beauty-glow.md-Shot-K-Smooth-Serie-768x768.jpg 768w, https:\/\/beauty-glow.md\/wp-content\/uploads\/2023\/12\/Beauty-glow.md-Shot-K-Smooth-Serie-300x300.jpg 300w, https:\/\/beauty-glow.md\/wp-content\/uploads\/2023\/12\/Beauty-glow.md-Shot-K-Smooth-Serie-600x600.jpg 600w, https:\/\/beauty-glow.md\/wp-content\/uploads\/2023\/12\/Beauty-glow.md-Shot-K-Smooth-Serie-100x100.jpg 100w\" sizes=\"(max-width: 350px) 100vw, 350px\" \/><\/p>\n<p><a href=\"https:\/\/beauty-glow.md\/tip-produs\/masca-par\/\">Masc\u0103<\/a>\u00a0<a href=\"https:\/\/www.cosmeticcenter.it\/\" target=\"_blank\" rel=\"noopener\">Shot<\/a> K-Smooth este un produs de \u00eengrijire a p\u0103rului conceput pentru a men\u021bine rezultatele de \u00eendreptare a p\u0103rului \u0219i pentru a oferi catifelare \u0219i str\u0103lucire. Masca ajut\u0103 la men\u021binerea rezultatelor de \u00eendreptare a p\u0103rului, \u00eel hidrateaz\u0103, confer\u0103 catifelare \u0219i str\u0103lucire \u0219i, de asemenea, \u00eel \u00eembog\u0103\u021be\u0219te cu componente nutritive pentru un p\u0103r s\u0103n\u0103tos \u0219i frumos.<\/p>\n<ul>\n<li>Keratina ajut\u0103 la refacerea \u0219i \u00eent\u0103rirea structurii p\u0103rului, oferindu-i netezime \u0219i str\u0103lucire.<\/li>\n<li>Acidul hialuronic hidrateaz\u0103 p\u0103rul, f\u0103c\u00e2ndu-l moale \u0219i u\u0219or de gestionat.<\/li>\n<li>Uleiul de Tsubaki \u0219i uleiul din semin\u021be de bumbac hr\u0103nesc p\u0103rul \u0219i \u00eei confer\u0103 un aspect s\u0103n\u0103tos.<\/li>\n<li>Extractul de baobab \u0219i ca\u0219mir ajut\u0103 la men\u021binerea netezirii \u0219i str\u0103lucirii p\u0103rului.<\/li>\n<\/ul>\n<p><strong>Volum:<\/strong> 200 ml<\/p>\n<p><strong>Mod de utilizare:<\/strong> Aplica\u021bi masca pe p\u0103rul curat \u0219i uscat cu prosopul. L\u0103sa\u021bi masca s\u0103 ac\u021bioneze c\u00e2teva minute pentru a-i permite s\u0103 func\u021bioneze eficient. Dup\u0103 aceasta, cl\u0103ti\u021bi bine masca cu ap\u0103. Usca\u021bi-v\u0103 p\u0103rul folosind metoda obi\u0219nuit\u0103.<\/p>\n<p><span style=\"font-size: 100%;\"><strong>Aten\u021bie:<\/strong> numai pentru uz extern. \u00cen caz de contact cu ochii, cl\u0103ti\u021bi cu mult\u0103 ap\u0103. A nu se lasa la indemana copiilor.<\/span><\/p>","protected":false},"excerpt":{"rendered":"<p>Shot K-Smooth Mask &#8211; pentru a men\u021bine rezultatele de \u00eendreptare a p\u0103rului \u0219i pentru a oferi catifelare \u0219i str\u0103lucire.<\/p>\n","protected":false},"featured_media":1436,"template":"","meta":[],"product_brand":[],"product_cat":[31,251,83,70,60,255,175,257,35],"product_tag":[],"class_list":{"0":"post-1435","1":"product","2":"type-product","3":"status-publish","4":"has-post-thumbnail","6":"product_cat-ingrijirea","7":"product_cat-balsamuri-masti-salon","8":"product_cat-acid-hialuronic","9":"product_cat-toate-tipurile","10":"product_cat-keratina","11":"product_cat-indreptare-cu-cheratina","12":"product_cat-produse-pentru-saloane","13":"product_cat-ingrijire-dupa-indreptare","14":"product_cat-sampon","15":"pa_brand-shot","16":"pa_producator-italia","17":"pa_serie-k-smooth","18":"pa_tip-produs-masca-par","19":"pa_volum-200-ml","21":"first","22":"instock","23":"shipping-taxable","24":"product-type-simple"},"_links":{"self":[{"href":"https:\/\/beauty-glow.md\/ro\/wp-json\/wp\/v2\/product\/1435","targetHints":{"allow":["GET"]}}],"collection":[{"href":"https:\/\/beauty-glow.md\/ro\/wp-json\/wp\/v2\/product"}],"about":[{"href":"https:\/\/beauty-glow.md\/ro\/wp-json\/wp\/v2\/types\/product"}],"wp:featuredmedia":[{"embeddable":true,"href":"https:\/\/beauty-glow.md\/ro\/wp-json\/wp\/v2\/media\/1436"}],"wp:attachment":[{"href":"https:\/\/beauty-glow.md\/ro\/wp-json\/wp\/v2\/media?parent=1435"}],"wp:term":[{"taxonomy":"product_brand","embeddable":true,"href":"https:\/\/beauty-glow.md\/ro\/wp-json\/wp\/v2\/product_brand?post=1435"},{"taxonomy":"product_cat","embeddable":true,"href":"https:\/\/beauty-glow.md\/ro\/wp-json\/wp\/v2\/product_cat?post=1435"},{"taxonomy":"product_tag","embeddable":true,"href":"https:\/\/beauty-glow.md\/ro\/wp-json\/wp\/v2\/product_tag?post=1435"}],"curies":[{"name":"wp","href":"https:\/\/api.w.org\/{rel}","templated":true}]}}