{"id":1437,"date":"2023-12-07T14:04:46","date_gmt":"2023-12-07T14:04:46","guid":{"rendered":"https:\/\/beauty-glow.md\/?post_type=product&#038;p=1437"},"modified":"2025-10-28T10:02:58","modified_gmt":"2025-10-28T10:02:58","slug":"shot-k-smooth-ceramic-potion","status":"publish","type":"product","link":"https:\/\/beauty-glow.md\/ro\/shop\/shot-k-smooth-ceramic-potion\/","title":{"rendered":"Spray de p\u0103r disciplinar Shot K-Smooth Ceramic Potion 150ml"},"content":{"rendered":"<h2 style=\"text-align: center;\">Spray de p\u0103r disciplinar Shot K-Smooth Ceramic Potion<\/h2>\n<p>Linie profesional\u0103 de produse cosmetice pentru p\u0103r. Se folose\u0219te \u00een procedurile de \u00eendreptare a p\u0103rului cu keratina \u00een salon.<\/p>\n<p><img decoding=\"async\" class=\"wp-image-1428 alignleft\" src=\"https:\/\/beauty-glow.md\/wp-content\/uploads\/2023\/12\/Beauty-glow.md-Shot-K-Smooth-Serie.jpg\" alt=\"Shot K-Smooth\" width=\"350\" height=\"350\" title=\"\" srcset=\"https:\/\/beauty-glow.md\/wp-content\/uploads\/2023\/12\/Beauty-glow.md-Shot-K-Smooth-Serie.jpg 1080w, https:\/\/beauty-glow.md\/wp-content\/uploads\/2023\/12\/Beauty-glow.md-Shot-K-Smooth-Serie-400x400.jpg 400w, https:\/\/beauty-glow.md\/wp-content\/uploads\/2023\/12\/Beauty-glow.md-Shot-K-Smooth-Serie-800x800.jpg 800w, https:\/\/beauty-glow.md\/wp-content\/uploads\/2023\/12\/Beauty-glow.md-Shot-K-Smooth-Serie-280x280.jpg 280w, https:\/\/beauty-glow.md\/wp-content\/uploads\/2023\/12\/Beauty-glow.md-Shot-K-Smooth-Serie-768x768.jpg 768w, https:\/\/beauty-glow.md\/wp-content\/uploads\/2023\/12\/Beauty-glow.md-Shot-K-Smooth-Serie-300x300.jpg 300w, https:\/\/beauty-glow.md\/wp-content\/uploads\/2023\/12\/Beauty-glow.md-Shot-K-Smooth-Serie-600x600.jpg 600w, https:\/\/beauty-glow.md\/wp-content\/uploads\/2023\/12\/Beauty-glow.md-Shot-K-Smooth-Serie-100x100.jpg 100w\" sizes=\"(max-width: 350px) 100vw, 350px\" \/><\/p>\n<p><a href=\"https:\/\/www.cosmeticcenter.it\/\" target=\"_blank\" rel=\"noopener\">Shot<\/a> K-Smooth <a href=\"https:\/\/beauty-glow.md\/tip-produs\/spray\/\">spray<\/a> este un produs multifunc\u021bional care neteze\u0219te, protejeaz\u0103, descurc\u0103, hr\u0103ne\u0219te \u0219i hidrateaz\u0103 p\u0103rul pe toat\u0103 lungimea. Creeaz\u0103 o barier\u0103 de protec\u021bie, ajut\u00e2nd la prevenirea expunerii la factori negativi precum temperatura sau condi\u021biile externe d\u0103un\u0103toare.<br \/>\nComponentele speciale din elixir ajut\u0103 la netezirea p\u0103rului, oferindu-i o textur\u0103 mai neted\u0103 \u0219i un aspect mai str\u0103lucitor. Face p\u0103rul mai u\u0219or de piept\u0103nat, elimin\u00e2nd \u00eencurc\u0103turile \u0219i simplific\u00e2nd procesul de coafare. Bogat \u00een nutrien\u021bi, acest produs hidrateaz\u0103 \u0219i hr\u0103ne\u0219te p\u0103rul, f\u0103c\u00e2ndu-l mai s\u0103n\u0103tos \u0219i mai frumos.<br \/>\nAjut\u0103 la re\u021binerea umidit\u0103\u021bii \u00een structura p\u0103rului, f\u0103c\u00e2ndu-l mai hidratat \u0219i mai elastic. Elixirul con\u021bine vitamina B3 (niacinamid\u0103) \u0219i vitamina E, care ajut\u0103 la \u00eent\u0103rirea p\u0103rului \u0219i ofer\u0103 \u00eengrijire suplimentar\u0103.<\/p>\n<p><strong>Volum: <\/strong>150 ml<\/p>\n<p><strong>Mod de utilizare:<\/strong> Aplica\u021bi o cantitate mic\u0103 de elixir \u00een palme, apoi distribui\u021bi-l cu v\u00e2rful degetelor pe toat\u0103 lungimea p\u0103rului. Dup\u0103 aceasta, continua\u021bi cu stilul dorit. P\u0103rul t\u0103u va ar\u0103ta mai neted, bine \u00eengrijit \u0219i protejat.<\/p>\n<p><span style=\"font-size: 100%;\"><strong>Aten\u021bie:<\/strong> numai pentru uz extern. \u00cen caz de contact cu ochii, cl\u0103ti\u021bi cu mult\u0103 ap\u0103. A nu se lasa la indemana copiilor.<\/span><\/p>","protected":false},"excerpt":{"rendered":"<p>Shot K-Smooth Ceramic Potion &#8211; protejeaz\u0103, neteze\u0219te, descurc\u0103, hr\u0103ne\u0219te \u0219i hidrateaz\u0103 p\u0103rul pe \u00eentregul fir de p\u0103r.<\/p>\n","protected":false},"featured_media":1438,"template":"","meta":[],"product_brand":[],"product_cat":[31,83,70,60,255,175,65,257,35],"product_tag":[],"class_list":{"0":"post-1437","1":"product","2":"type-product","3":"status-publish","4":"has-post-thumbnail","6":"product_cat-ingrijirea","7":"product_cat-acid-hialuronic","8":"product_cat-toate-tipurile","9":"product_cat-keratina","10":"product_cat-indreptare-cu-cheratina","11":"product_cat-produse-pentru-saloane","12":"product_cat-protectie-termica","13":"product_cat-ingrijire-dupa-indreptare","14":"product_cat-sampon","15":"pa_brand-shot","16":"pa_producator-italia","17":"pa_serie-k-smooth","18":"pa_tip-produs-spray","19":"pa_volum-150-ml","21":"first","22":"instock","23":"shipping-taxable","24":"product-type-simple"},"_links":{"self":[{"href":"https:\/\/beauty-glow.md\/ro\/wp-json\/wp\/v2\/product\/1437","targetHints":{"allow":["GET"]}}],"collection":[{"href":"https:\/\/beauty-glow.md\/ro\/wp-json\/wp\/v2\/product"}],"about":[{"href":"https:\/\/beauty-glow.md\/ro\/wp-json\/wp\/v2\/types\/product"}],"wp:featuredmedia":[{"embeddable":true,"href":"https:\/\/beauty-glow.md\/ro\/wp-json\/wp\/v2\/media\/1438"}],"wp:attachment":[{"href":"https:\/\/beauty-glow.md\/ro\/wp-json\/wp\/v2\/media?parent=1437"}],"wp:term":[{"taxonomy":"product_brand","embeddable":true,"href":"https:\/\/beauty-glow.md\/ro\/wp-json\/wp\/v2\/product_brand?post=1437"},{"taxonomy":"product_cat","embeddable":true,"href":"https:\/\/beauty-glow.md\/ro\/wp-json\/wp\/v2\/product_cat?post=1437"},{"taxonomy":"product_tag","embeddable":true,"href":"https:\/\/beauty-glow.md\/ro\/wp-json\/wp\/v2\/product_tag?post=1437"}],"curies":[{"name":"wp","href":"https:\/\/api.w.org\/{rel}","templated":true}]}}