{"id":1439,"date":"2023-12-07T14:17:09","date_gmt":"2023-12-07T14:17:09","guid":{"rendered":"https:\/\/beauty-glow.md\/?post_type=product&#038;p=1439"},"modified":"2025-10-28T10:07:04","modified_gmt":"2025-10-28T10:07:04","slug":"shot-protein-plex","status":"publish","type":"product","link":"https:\/\/beauty-glow.md\/ro\/shop\/shot-protein-plex\/","title":{"rendered":"Concentrat pentru restaurarea p\u0103rului Shot Protein Plex 250ml"},"content":{"rendered":"<h2 style=\"text-align: center;\">Concentrat pentru restaurarea p\u0103rului Shot Protein Plex<\/h2>\n<p>O serie de produse cosmetice profesionale pentru restaurarea intensiv\u0103 a p\u0103rului.<\/p>\n<p><img decoding=\"async\" class=\"wp-image-1440 alignleft\" src=\"https:\/\/beauty-glow.md\/wp-content\/uploads\/2023\/12\/Beauty-glow.md-Shot-Prodige-Repair-Protein-Plex-.jpg\" alt=\"Shot Protein Plex\" width=\"351\" height=\"350\" title=\"\" srcset=\"https:\/\/beauty-glow.md\/wp-content\/uploads\/2023\/12\/Beauty-glow.md-Shot-Prodige-Repair-Protein-Plex-.jpg 894w, https:\/\/beauty-glow.md\/wp-content\/uploads\/2023\/12\/Beauty-glow.md-Shot-Prodige-Repair-Protein-Plex--401x400.jpg 401w, https:\/\/beauty-glow.md\/wp-content\/uploads\/2023\/12\/Beauty-glow.md-Shot-Prodige-Repair-Protein-Plex--803x800.jpg 803w, https:\/\/beauty-glow.md\/wp-content\/uploads\/2023\/12\/Beauty-glow.md-Shot-Prodige-Repair-Protein-Plex--280x280.jpg 280w, https:\/\/beauty-glow.md\/wp-content\/uploads\/2023\/12\/Beauty-glow.md-Shot-Prodige-Repair-Protein-Plex--768x765.jpg 768w, https:\/\/beauty-glow.md\/wp-content\/uploads\/2023\/12\/Beauty-glow.md-Shot-Prodige-Repair-Protein-Plex--300x299.jpg 300w, https:\/\/beauty-glow.md\/wp-content\/uploads\/2023\/12\/Beauty-glow.md-Shot-Prodige-Repair-Protein-Plex--600x598.jpg 600w, https:\/\/beauty-glow.md\/wp-content\/uploads\/2023\/12\/Beauty-glow.md-Shot-Prodige-Repair-Protein-Plex--100x100.jpg 100w\" sizes=\"(max-width: 351px) 100vw, 351px\" \/>Un produs de p\u0103r inovator, restaurator uimitor <a href=\"https:\/\/www.cosmeticcenter.it\/\" target=\"_blank\" rel=\"noopener\">Shot<\/a>, care, atunci c\u00e2nd este ad\u0103ugat la un amestec de orice produse tehnice pentru p\u0103r (vopsele, super blonde, decolorare, permanent\u0103 \u0219i \u00eendreptare chimic\u0103) protejeaz\u0103 structura p\u0103rului de posibilele daune asociate cu expunerea chimic\u0103.<\/p>\n<p>Datorit\u0103 substan\u021belor active incluse \u00een formul\u0103: <a href=\"https:\/\/www.cosmeticcenter.it\/\" target=\"_blank\" rel=\"noopener\">acid hialuronic<\/a>, arginina, proteine \u200b\u200bvegetale \u0219i 18 aminoacizi, acest produs \u00eembun\u0103t\u0103\u021be\u0219te structura chiar \u0219i a p\u0103rului grav deteriorat \u0219i \u00eel \u00eengroa\u0219\u0103 din interior. P\u0103rul este absolut s\u0103n\u0103tos, moale \u0219i gata pentru orice procedur\u0103.<\/p>\n<p><strong>Volum:<\/strong> 250 ml<\/p>\n<p><span style=\"font-size: 100%;\"><strong>Aten\u021bie:<\/strong> numai pentru uz extern. \u00cen caz de contact cu ochii, cl\u0103ti\u021bi cu mult\u0103 ap\u0103. A nu se lasa la indemana copiilor.<\/span><\/p>","protected":false},"excerpt":{"rendered":"<p>Shot Protein Plex &#8211; protejeaz\u0103 structura p\u0103rului de eventualele daune asociate cu expunerea chimic\u0103.<\/p>\n","protected":false},"featured_media":1441,"template":"","meta":[],"product_brand":[],"product_cat":[31,83,70,55,253,175],"product_tag":[],"class_list":{"0":"post-1439","1":"product","2":"type-product","3":"status-publish","4":"has-post-thumbnail","6":"product_cat-ingrijirea","7":"product_cat-acid-hialuronic","8":"product_cat-toate-tipurile","9":"product_cat-protectia","10":"product_cat-reconstructia-parului","11":"product_cat-produse-pentru-saloane","12":"pa_brand-shot","13":"pa_producator-italia","14":"pa_serie-prodige-repair","15":"pa_volum-250-ml","17":"first","18":"instock","19":"shipping-taxable","20":"product-type-simple"},"_links":{"self":[{"href":"https:\/\/beauty-glow.md\/ro\/wp-json\/wp\/v2\/product\/1439","targetHints":{"allow":["GET"]}}],"collection":[{"href":"https:\/\/beauty-glow.md\/ro\/wp-json\/wp\/v2\/product"}],"about":[{"href":"https:\/\/beauty-glow.md\/ro\/wp-json\/wp\/v2\/types\/product"}],"wp:featuredmedia":[{"embeddable":true,"href":"https:\/\/beauty-glow.md\/ro\/wp-json\/wp\/v2\/media\/1441"}],"wp:attachment":[{"href":"https:\/\/beauty-glow.md\/ro\/wp-json\/wp\/v2\/media?parent=1439"}],"wp:term":[{"taxonomy":"product_brand","embeddable":true,"href":"https:\/\/beauty-glow.md\/ro\/wp-json\/wp\/v2\/product_brand?post=1439"},{"taxonomy":"product_cat","embeddable":true,"href":"https:\/\/beauty-glow.md\/ro\/wp-json\/wp\/v2\/product_cat?post=1439"},{"taxonomy":"product_tag","embeddable":true,"href":"https:\/\/beauty-glow.md\/ro\/wp-json\/wp\/v2\/product_tag?post=1439"}],"curies":[{"name":"wp","href":"https:\/\/api.w.org\/{rel}","templated":true}]}}