{"id":1446,"date":"2023-12-07T14:37:18","date_gmt":"2023-12-07T14:37:18","guid":{"rendered":"https:\/\/beauty-glow.md\/?post_type=product&#038;p=1446"},"modified":"2025-10-28T10:04:54","modified_gmt":"2025-10-28T10:04:54","slug":"shot-keratin-shampoo","status":"publish","type":"product","link":"https:\/\/beauty-glow.md\/ro\/shop\/shot-keratin-shampoo\/","title":{"rendered":"\u0218ampon de restaurare profund\u0103 cu keratina Shot Keratin Shampoo 250ml"},"content":{"rendered":"<h2 style=\"text-align: center;\">\u0218ampon de restaurare profund\u0103 cu keratina Shot Keratin Shampoo<\/h2>\n<p>Seria profesionala de restaurare intensiva pentru par cu cheratina. Keratin\u0103 hr\u0103ne\u0219te \u0219i restructureaz\u0103 \u00een profunzime, \u00eentinere\u0219te fibra capilar\u0103, restabile\u0219te aderen\u021ba intercelular\u0103, sigil\u00e2nd g\u0103urile firului de p\u0103r, \u00eenceputul apari\u021biei v\u00e2rfurilor despicate.<\/p>\n<p><img decoding=\"async\" class=\"wp-image-1443 alignleft\" src=\"https:\/\/beauty-glow.md\/wp-content\/uploads\/2023\/12\/Beauty-glow.md-Shot-Keratin-Serie.jpg\" alt=\"Shot Prodige Repair Keratin\" width=\"350\" height=\"350\" title=\"\" srcset=\"https:\/\/beauty-glow.md\/wp-content\/uploads\/2023\/12\/Beauty-glow.md-Shot-Keratin-Serie.jpg 1773w, https:\/\/beauty-glow.md\/wp-content\/uploads\/2023\/12\/Beauty-glow.md-Shot-Keratin-Serie-400x400.jpg 400w, https:\/\/beauty-glow.md\/wp-content\/uploads\/2023\/12\/Beauty-glow.md-Shot-Keratin-Serie-800x800.jpg 800w, https:\/\/beauty-glow.md\/wp-content\/uploads\/2023\/12\/Beauty-glow.md-Shot-Keratin-Serie-280x280.jpg 280w, https:\/\/beauty-glow.md\/wp-content\/uploads\/2023\/12\/Beauty-glow.md-Shot-Keratin-Serie-768x768.jpg 768w, https:\/\/beauty-glow.md\/wp-content\/uploads\/2023\/12\/Beauty-glow.md-Shot-Keratin-Serie-1536x1536.jpg 1536w, https:\/\/beauty-glow.md\/wp-content\/uploads\/2023\/12\/Beauty-glow.md-Shot-Keratin-Serie-300x300.jpg 300w, https:\/\/beauty-glow.md\/wp-content\/uploads\/2023\/12\/Beauty-glow.md-Shot-Keratin-Serie-600x600.jpg 600w, https:\/\/beauty-glow.md\/wp-content\/uploads\/2023\/12\/Beauty-glow.md-Shot-Keratin-Serie-100x100.jpg 100w\" sizes=\"(max-width: 350px) 100vw, 350px\" \/><\/p>\n<p><a href=\"https:\/\/beauty-glow.md\/tip-produs\/sampon\/\">\u0218amponul<\/a> <a href=\"https:\/\/www.cosmeticcenter.it\/\" target=\"_blank\" rel=\"noopener\">Shot<\/a> Keratin, datorit\u0103 formulei sale extrem de delicate, regenereaz\u0103 \u0219i cur\u0103\u021b\u0103 p\u0103rul \u0219i are, de asemenea, un efect de restaurare profund. \u0218amponul hidrateaz\u0103 p\u0103rul, \u00eel face moale \u0219i str\u0103lucitor f\u0103r\u0103 s\u0103-l \u00eengreuneze.<\/p>\n<p><strong>Volum:<\/strong> 250 ml<\/p>\n<p><strong>Mod de utilizare:\u00a0<\/strong>Aplica\u021bi \u0219ampon pe p\u0103rul umed. Masa\u021bi \u0219amponul \u00eentr-o spum\u0103 groas\u0103. Cl\u0103ti\u021bi bine \u0219amponul cu ap\u0103.<\/p>\n<p><span style=\"font-size: 100%;\"><strong>Aten\u021bie:<\/strong> numai pentru uz extern. \u00cen caz de contact cu ochii, cl\u0103ti\u021bi cu mult\u0103 ap\u0103. A nu se lasa la indemana copiilor.<\/span><\/p>","protected":false},"excerpt":{"rendered":"<p>Shot Keratin Shampoo &#8211; pentru refacerea profund\u0103 a p\u0103rului slab \u0219i deteriorat.<\/p>\n","protected":false},"featured_media":1444,"template":"","meta":[],"product_brand":[],"product_cat":[31,70,69,60,35],"product_tag":[],"class_list":{"0":"post-1446","1":"product","2":"type-product","3":"status-publish","4":"has-post-thumbnail","6":"product_cat-ingrijirea","7":"product_cat-toate-tipurile","8":"product_cat-par-uscat-si-deteriorat","9":"product_cat-keratina","10":"product_cat-sampon","11":"pa_brand-shot","12":"pa_producator-italia","13":"pa_serie-prodige-repair-keratin","14":"pa_tip-produs-sampon","15":"pa_volum-250-ml","17":"first","18":"instock","19":"shipping-taxable","20":"product-type-simple"},"_links":{"self":[{"href":"https:\/\/beauty-glow.md\/ro\/wp-json\/wp\/v2\/product\/1446","targetHints":{"allow":["GET"]}}],"collection":[{"href":"https:\/\/beauty-glow.md\/ro\/wp-json\/wp\/v2\/product"}],"about":[{"href":"https:\/\/beauty-glow.md\/ro\/wp-json\/wp\/v2\/types\/product"}],"wp:featuredmedia":[{"embeddable":true,"href":"https:\/\/beauty-glow.md\/ro\/wp-json\/wp\/v2\/media\/1444"}],"wp:attachment":[{"href":"https:\/\/beauty-glow.md\/ro\/wp-json\/wp\/v2\/media?parent=1446"}],"wp:term":[{"taxonomy":"product_brand","embeddable":true,"href":"https:\/\/beauty-glow.md\/ro\/wp-json\/wp\/v2\/product_brand?post=1446"},{"taxonomy":"product_cat","embeddable":true,"href":"https:\/\/beauty-glow.md\/ro\/wp-json\/wp\/v2\/product_cat?post=1446"},{"taxonomy":"product_tag","embeddable":true,"href":"https:\/\/beauty-glow.md\/ro\/wp-json\/wp\/v2\/product_tag?post=1446"}],"curies":[{"name":"wp","href":"https:\/\/api.w.org\/{rel}","templated":true}]}}