{"id":1587,"date":"2023-11-19T13:40:53","date_gmt":"2023-11-19T13:40:53","guid":{"rendered":"https:\/\/beauty-glow.md\/?post_type=product&#038;p=1587"},"modified":"2025-10-27T20:54:09","modified_gmt":"2025-10-27T20:54:09","slug":"innatus-thickening-filler-shampoo-1l","status":"publish","type":"product","link":"https:\/\/beauty-glow.md\/ro\/shop\/innatus-thickening-filler-shampoo-1l\/","title":{"rendered":"\u0218ampon pentru \u00eengro\u0219are p\u0103rului Innatus Thickening Filler Shampoo 1000ml"},"content":{"rendered":"<h2 style=\"text-align: center;\">\u0218ampon pentru \u00eengro\u0219are p\u0103rului <a href=\"https:\/\/www.facebook.com\/people\/innatus\/100090918232793\/\" target=\"_blank\" rel=\"noopener\">Innatus<\/a> Thickening Filler Shampoo<\/h2>\n<p><img decoding=\"async\" class=\"alignleft wp-image-1589 \" src=\"https:\/\/beauty-glow.md\/wp-content\/uploads\/2023\/12\/Innatus-photo.jpg\" alt=\"Innatus photo\" width=\"414\" height=\"350\" title=\"\" srcset=\"https:\/\/beauty-glow.md\/wp-content\/uploads\/2023\/12\/Innatus-photo.jpg 2048w, https:\/\/beauty-glow.md\/wp-content\/uploads\/2023\/12\/Innatus-photo-474x400.jpg 474w, https:\/\/beauty-glow.md\/wp-content\/uploads\/2023\/12\/Innatus-photo-947x800.jpg 947w, https:\/\/beauty-glow.md\/wp-content\/uploads\/2023\/12\/Innatus-photo-768x649.jpg 768w, https:\/\/beauty-glow.md\/wp-content\/uploads\/2023\/12\/Innatus-photo-1536x1298.jpg 1536w, https:\/\/beauty-glow.md\/wp-content\/uploads\/2023\/12\/Innatus-photo-300x253.jpg 300w, https:\/\/beauty-glow.md\/wp-content\/uploads\/2023\/12\/Innatus-photo-600x507.jpg 600w\" sizes=\"(max-width: 414px) 100vw, 414px\" \/><\/p>\n<p><a href=\"https:\/\/beauty-glow.md\/tip-produs\/sampon\/\">\u0218ampon<\/a> cu pH 4,8 cu ac\u021biune de \u00eengro\u0219are \u0219i volumizare, potrivit \u00een special pentru p\u0103rul fin \u0219i\/sau p\u0103rul lipsit de vitalitate. Formula sa confer\u0103 corp chiar \u0219i celui mai fin p\u0103r, f\u0103c\u00e2ndu-l mai u\u0219or de uscat, hr\u0103nitor, \u00eengro\u0219at \u0219i de volum. Formula certificata pentru a oferi sprijin si mentine stilul mai mult timp. Cu extract de m\u0103ce\u0219, ov\u0103z \u0219i piper tasmanian, con\u021bine quinoa.<\/p>\n<p><strong>Volum:<\/strong> 1000 ml<\/p>\n<p><strong>Mod de utilizare:\u00a0<\/strong>Aplica\u021bi pe pielea \u0219i p\u0103rul umed, masa\u021bi u\u0219or. A\u0219tepta\u021bi 2 minute \u0219i cl\u0103ti\u021bi. De asemenea, ideal pentru utilizare frecvent\u0103.<\/p>\n<p><strong>Aten\u021bie:<\/strong> numai pentru uz extern. \u00cen caz de contact cu ochii, cl\u0103ti\u021bi cu mult\u0103 ap\u0103. A nu se lasa la indemana copiilor.","protected":false},"excerpt":{"rendered":"<p>Innatus Thickening Filler Shampoo &#8211; ofer\u0103 volum, potrivit \u00een special pentru p\u0103rul sub\u021bire \u0219i sl\u0103bit.<\/p>\n","protected":false},"featured_media":1682,"template":"","meta":[],"product_brand":[],"product_cat":[31,70,62,69,35],"product_tag":[],"class_list":{"0":"post-1587","1":"product","2":"type-product","3":"status-publish","4":"has-post-thumbnail","6":"product_cat-ingrijirea","7":"product_cat-toate-tipurile","8":"product_cat-volumul-parului","9":"product_cat-par-uscat-si-deteriorat","10":"product_cat-sampon","11":"pa_brand-innatus","12":"pa_producator-italia","13":"pa_serie-thickening","14":"pa_tip-produs-sampon","15":"pa_volum-1000-ml","17":"first","18":"instock","19":"shipping-taxable","20":"product-type-simple"},"_links":{"self":[{"href":"https:\/\/beauty-glow.md\/ro\/wp-json\/wp\/v2\/product\/1587","targetHints":{"allow":["GET"]}}],"collection":[{"href":"https:\/\/beauty-glow.md\/ro\/wp-json\/wp\/v2\/product"}],"about":[{"href":"https:\/\/beauty-glow.md\/ro\/wp-json\/wp\/v2\/types\/product"}],"wp:featuredmedia":[{"embeddable":true,"href":"https:\/\/beauty-glow.md\/ro\/wp-json\/wp\/v2\/media\/1682"}],"wp:attachment":[{"href":"https:\/\/beauty-glow.md\/ro\/wp-json\/wp\/v2\/media?parent=1587"}],"wp:term":[{"taxonomy":"product_brand","embeddable":true,"href":"https:\/\/beauty-glow.md\/ro\/wp-json\/wp\/v2\/product_brand?post=1587"},{"taxonomy":"product_cat","embeddable":true,"href":"https:\/\/beauty-glow.md\/ro\/wp-json\/wp\/v2\/product_cat?post=1587"},{"taxonomy":"product_tag","embeddable":true,"href":"https:\/\/beauty-glow.md\/ro\/wp-json\/wp\/v2\/product_tag?post=1587"}],"curies":[{"name":"wp","href":"https:\/\/api.w.org\/{rel}","templated":true}]}}