{"id":1594,"date":"2023-11-19T13:55:45","date_gmt":"2023-11-19T13:55:45","guid":{"rendered":"https:\/\/beauty-glow.md\/?post_type=product&#038;p=1594"},"modified":"2025-10-27T20:54:39","modified_gmt":"2025-10-27T20:54:39","slug":"innatus-thickening-filler-mask","status":"publish","type":"product","link":"https:\/\/beauty-glow.md\/ro\/shop\/innatus-thickening-filler-mask\/","title":{"rendered":"Masc\u0103 pentru \u00eengro\u0219are p\u0103rului Innatus Thickening Filler Mask 250ml"},"content":{"rendered":"<h2 style=\"text-align: center;\">Masc\u0103 de \u00eengro\u0219are <a href=\"https:\/\/www.facebook.com\/people\/innatus\/100090918232793\/\" target=\"_blank\" rel=\"noopener\">Innatus<\/a> Thickening Filler Mask<\/h2>\n<p><img decoding=\"async\" class=\"alignleft wp-image-1589 \" src=\"https:\/\/beauty-glow.md\/wp-content\/uploads\/2023\/12\/Innatus-photo.jpg\" alt=\"Innatus photo\" width=\"414\" height=\"350\" title=\"\" srcset=\"https:\/\/beauty-glow.md\/wp-content\/uploads\/2023\/12\/Innatus-photo.jpg 2048w, https:\/\/beauty-glow.md\/wp-content\/uploads\/2023\/12\/Innatus-photo-474x400.jpg 474w, https:\/\/beauty-glow.md\/wp-content\/uploads\/2023\/12\/Innatus-photo-947x800.jpg 947w, https:\/\/beauty-glow.md\/wp-content\/uploads\/2023\/12\/Innatus-photo-768x649.jpg 768w, https:\/\/beauty-glow.md\/wp-content\/uploads\/2023\/12\/Innatus-photo-1536x1298.jpg 1536w, https:\/\/beauty-glow.md\/wp-content\/uploads\/2023\/12\/Innatus-photo-300x253.jpg 300w, https:\/\/beauty-glow.md\/wp-content\/uploads\/2023\/12\/Innatus-photo-600x507.jpg 600w\" sizes=\"(max-width: 414px) 100vw, 414px\" \/><a href=\"https:\/\/beauty-glow.md\/tip-produs\/masca-par\/\">Masc\u0103<\/a> de argil\u0103 cu pH 3,0 cu propriet\u0103\u021bi valoroase de cur\u0103\u021bare \u0219i regenerare, de \u00eengro\u0219are \u0219i de volum, \u00een special pentru p\u0103rul sub\u021bire, lipsit de vitalitate. Formula sa special\u0103 nu \u00eengreuneaz\u0103 \u0219i adaug\u0103 volum chiar \u0219i celui mai sub\u021bire p\u0103r, f\u0103c\u00e2ndu-l mai u\u0219or de coafat \u0219i \u00een acela\u0219i timp hr\u0103nitor. Con\u021bine extract de pitaya, ulei de tamanu, argil\u0103 alb\u0103, taurin\u0103 \u0219i unt de shea.<\/p>\n<p><strong>Volum:<\/strong> 250 ml<\/p>\n<p><strong>Mod de utilizare:\u00a0<\/strong>pentru utilizare normala dupa sampon &#8211; se aplica pe toata lungimea parului, se distribuie, se asteapta 3 minute si se clateste. Pentru un tratament intensiv, aplica\u021bi pe p\u0103r \u0219i acoperi\u021bi, a\u0219tepta\u021bi 10-20 de minute, apoi cl\u0103ti\u021bi.<\/p>\n<p><strong>Aten\u021bie:<\/strong> numai pentru uz extern. \u00cen caz de contact cu ochii, cl\u0103ti\u021bi cu mult\u0103 ap\u0103. A nu se lasa la indemana copiilor.","protected":false},"excerpt":{"rendered":"<p>Innatus Thickening Filler Mask &#8211; ofer\u0103 volum, potrivit \u00een special pentru p\u0103rul sub\u021bire \u0219i sl\u0103bit.<\/p>\n","protected":false},"featured_media":1680,"template":"","meta":[],"product_brand":[],"product_cat":[31,70,62,69,36],"product_tag":[],"class_list":{"0":"post-1594","1":"product","2":"type-product","3":"status-publish","4":"has-post-thumbnail","6":"product_cat-ingrijirea","7":"product_cat-toate-tipurile","8":"product_cat-volumul-parului","9":"product_cat-par-uscat-si-deteriorat","10":"product_cat-masca","11":"pa_brand-innatus","12":"pa_producator-italia","13":"pa_serie-thickening","14":"pa_tip-produs-masca-par","15":"pa_volum-250-ml","17":"first","18":"instock","19":"shipping-taxable","20":"product-type-simple"},"_links":{"self":[{"href":"https:\/\/beauty-glow.md\/ro\/wp-json\/wp\/v2\/product\/1594","targetHints":{"allow":["GET"]}}],"collection":[{"href":"https:\/\/beauty-glow.md\/ro\/wp-json\/wp\/v2\/product"}],"about":[{"href":"https:\/\/beauty-glow.md\/ro\/wp-json\/wp\/v2\/types\/product"}],"wp:featuredmedia":[{"embeddable":true,"href":"https:\/\/beauty-glow.md\/ro\/wp-json\/wp\/v2\/media\/1680"}],"wp:attachment":[{"href":"https:\/\/beauty-glow.md\/ro\/wp-json\/wp\/v2\/media?parent=1594"}],"wp:term":[{"taxonomy":"product_brand","embeddable":true,"href":"https:\/\/beauty-glow.md\/ro\/wp-json\/wp\/v2\/product_brand?post=1594"},{"taxonomy":"product_cat","embeddable":true,"href":"https:\/\/beauty-glow.md\/ro\/wp-json\/wp\/v2\/product_cat?post=1594"},{"taxonomy":"product_tag","embeddable":true,"href":"https:\/\/beauty-glow.md\/ro\/wp-json\/wp\/v2\/product_tag?post=1594"}],"curies":[{"name":"wp","href":"https:\/\/api.w.org\/{rel}","templated":true}]}}