{"id":1596,"date":"2023-11-19T13:58:07","date_gmt":"2023-11-19T13:58:07","guid":{"rendered":"https:\/\/beauty-glow.md\/?post_type=product&#038;p=1596"},"modified":"2025-10-27T20:55:07","modified_gmt":"2025-10-27T20:55:07","slug":"innatus-virtus-rich-shampoo-1l","status":"publish","type":"product","link":"https:\/\/beauty-glow.md\/ro\/shop\/innatus-virtus-rich-shampoo-1l\/","title":{"rendered":"\u0218ampon regenerator Innatus Virtus Rich Shampoo 1000ml"},"content":{"rendered":"<h2 style=\"text-align: center;\">\u0218ampon regenerator <a href=\"https:\/\/www.facebook.com\/people\/innatus\/100090918232793\/\" target=\"_blank\" rel=\"noopener\">Innatus<\/a> Virtus Rich Shampoo<\/h2>\n<p><img decoding=\"async\" class=\"alignleft wp-image-1589 \" src=\"https:\/\/beauty-glow.md\/wp-content\/uploads\/2023\/12\/Innatus-photo.jpg\" alt=\"Innatus photo\" width=\"414\" height=\"350\" title=\"\" srcset=\"https:\/\/beauty-glow.md\/wp-content\/uploads\/2023\/12\/Innatus-photo.jpg 2048w, https:\/\/beauty-glow.md\/wp-content\/uploads\/2023\/12\/Innatus-photo-474x400.jpg 474w, https:\/\/beauty-glow.md\/wp-content\/uploads\/2023\/12\/Innatus-photo-947x800.jpg 947w, https:\/\/beauty-glow.md\/wp-content\/uploads\/2023\/12\/Innatus-photo-768x649.jpg 768w, https:\/\/beauty-glow.md\/wp-content\/uploads\/2023\/12\/Innatus-photo-1536x1298.jpg 1536w, https:\/\/beauty-glow.md\/wp-content\/uploads\/2023\/12\/Innatus-photo-300x253.jpg 300w, https:\/\/beauty-glow.md\/wp-content\/uploads\/2023\/12\/Innatus-photo-600x507.jpg 600w\" sizes=\"(max-width: 414px) 100vw, 414px\" \/><img decoding=\"async\" class=\"alignright wp-image-1598\" src=\"https:\/\/beauty-glow.md\/wp-content\/uploads\/2023\/12\/vegan-icon-400x400.webp\" alt=\"\" width=\"82\" height=\"82\" title=\"\" srcset=\"https:\/\/beauty-glow.md\/wp-content\/uploads\/2023\/12\/vegan-icon-400x400.webp 400w, https:\/\/beauty-glow.md\/wp-content\/uploads\/2023\/12\/vegan-icon-280x280.webp 280w, https:\/\/beauty-glow.md\/wp-content\/uploads\/2023\/12\/vegan-icon-300x300.webp 300w, https:\/\/beauty-glow.md\/wp-content\/uploads\/2023\/12\/vegan-icon-100x100.webp 100w, https:\/\/beauty-glow.md\/wp-content\/uploads\/2023\/12\/vegan-icon.webp 512w\" sizes=\"(max-width: 82px) 100vw, 82px\" \/><a href=\"https:\/\/beauty-glow.md\/tip-produs\/sampon\/\">\u0218ampon<\/a> cu pH 4,5 cu ac\u021biune regeneratoare \u0219i restructuratoare. Datorit\u0103 compozi\u021biei sale excelente, este potrivit pentru toate tipurile de p\u0103r. Restructureaz\u0103, regenereaz\u0103, catifeleaz\u0103 \u0219i adaug\u0103 str\u0103lucire oric\u0103rui tip de p\u0103r, l\u0103s\u00e2ndu-l s\u0103n\u0103tos, moale \u0219i str\u0103lucitor. Cu ulei din germeni de gr\u00e2u, extract de emblica \u0219i aloe vera. 95% const\u0103 din ingrediente naturale.<\/p>\n<p><strong>Volum:<\/strong> 1000 ml<\/p>\n<p><strong>Mod de utilizare:\u00a0<\/strong>Aplica\u021bi pe pielea \u0219i p\u0103rul umed, masa\u021bi u\u0219or. A\u0219tepta\u021bi 2 minute \u0219i cl\u0103ti\u021bi. De asemenea, ideal pentru utilizare frecvent\u0103.<\/p>\n<p><strong>Aten\u021bie:<\/strong> numai pentru uz extern. \u00cen caz de contact cu ochii, cl\u0103ti\u021bi cu mult\u0103 ap\u0103. A nu se lasa la indemana copiilor.","protected":false},"excerpt":{"rendered":"<p>Innatus Virtus Rich Shampoo &#8211; restructureaz\u0103, regenereaz\u0103, catifeleaz\u0103 \u0219i adaug\u0103 str\u0103lucire oric\u0103rui tip de p\u0103r.<\/p>\n","protected":false},"featured_media":1678,"template":"","meta":[],"product_brand":[],"product_cat":[31,70,62,69,35],"product_tag":[],"class_list":{"0":"post-1596","1":"product","2":"type-product","3":"status-publish","4":"has-post-thumbnail","6":"product_cat-ingrijirea","7":"product_cat-toate-tipurile","8":"product_cat-volumul-parului","9":"product_cat-par-uscat-si-deteriorat","10":"product_cat-sampon","11":"pa_brand-innatus","12":"pa_producator-italia","13":"pa_serie-virtus-rich","14":"pa_tip-produs-sampon","15":"pa_volum-1000-ml","17":"first","18":"instock","19":"shipping-taxable","20":"product-type-simple"},"_links":{"self":[{"href":"https:\/\/beauty-glow.md\/ro\/wp-json\/wp\/v2\/product\/1596","targetHints":{"allow":["GET"]}}],"collection":[{"href":"https:\/\/beauty-glow.md\/ro\/wp-json\/wp\/v2\/product"}],"about":[{"href":"https:\/\/beauty-glow.md\/ro\/wp-json\/wp\/v2\/types\/product"}],"wp:featuredmedia":[{"embeddable":true,"href":"https:\/\/beauty-glow.md\/ro\/wp-json\/wp\/v2\/media\/1678"}],"wp:attachment":[{"href":"https:\/\/beauty-glow.md\/ro\/wp-json\/wp\/v2\/media?parent=1596"}],"wp:term":[{"taxonomy":"product_brand","embeddable":true,"href":"https:\/\/beauty-glow.md\/ro\/wp-json\/wp\/v2\/product_brand?post=1596"},{"taxonomy":"product_cat","embeddable":true,"href":"https:\/\/beauty-glow.md\/ro\/wp-json\/wp\/v2\/product_cat?post=1596"},{"taxonomy":"product_tag","embeddable":true,"href":"https:\/\/beauty-glow.md\/ro\/wp-json\/wp\/v2\/product_tag?post=1596"}],"curies":[{"name":"wp","href":"https:\/\/api.w.org\/{rel}","templated":true}]}}