{"id":1621,"date":"2024-01-04T13:47:23","date_gmt":"2024-01-04T13:47:23","guid":{"rendered":"https:\/\/beauty-glow.md\/?post_type=product&#038;p=1621"},"modified":"2025-10-28T09:33:57","modified_gmt":"2025-10-28T09:33:57","slug":"shot-ambition-tech-bleaching-powder-film-deco","status":"publish","type":"product","link":"https:\/\/beauty-glow.md\/ro\/shop\/shot-ambition-tech-bleaching-powder-film-deco\/","title":{"rendered":"Pudr\u0103 de decolorare p\u0103rului pentru balayage Shot Ambition Tech Bleaching Powder Film Deco 500gr"},"content":{"rendered":"<h2 style=\"text-align: center;\">Pudr\u0103 de decolorare p\u0103rului pentru balayage Shot Ambition Tech Bleaching Powder Film Deco<\/h2>\n<p>&nbsp;<\/p>\n<p><a href=\"https:\/\/beauty-glow.md\/ro\/tip-produs\/pudra-de-decolorare\/\"><img decoding=\"async\" class=\"wp-image-1622 alignleft\" src=\"https:\/\/beauty-glow.md\/wp-content\/uploads\/2023\/12\/Beauty-glow.md-Shot-Bleaching-Powder-Film-Deco.jpg\" alt=\"Shot Ambition Tech Bleaching Powder\" width=\"350\" height=\"350\" title=\"\" srcset=\"https:\/\/beauty-glow.md\/wp-content\/uploads\/2023\/12\/Beauty-glow.md-Shot-Bleaching-Powder-Film-Deco.jpg 1772w, https:\/\/beauty-glow.md\/wp-content\/uploads\/2023\/12\/Beauty-glow.md-Shot-Bleaching-Powder-Film-Deco-400x400.jpg 400w, https:\/\/beauty-glow.md\/wp-content\/uploads\/2023\/12\/Beauty-glow.md-Shot-Bleaching-Powder-Film-Deco-800x800.jpg 800w, https:\/\/beauty-glow.md\/wp-content\/uploads\/2023\/12\/Beauty-glow.md-Shot-Bleaching-Powder-Film-Deco-280x280.jpg 280w, https:\/\/beauty-glow.md\/wp-content\/uploads\/2023\/12\/Beauty-glow.md-Shot-Bleaching-Powder-Film-Deco-768x768.jpg 768w, https:\/\/beauty-glow.md\/wp-content\/uploads\/2023\/12\/Beauty-glow.md-Shot-Bleaching-Powder-Film-Deco-1536x1536.jpg 1536w, https:\/\/beauty-glow.md\/wp-content\/uploads\/2023\/12\/Beauty-glow.md-Shot-Bleaching-Powder-Film-Deco-300x300.jpg 300w, https:\/\/beauty-glow.md\/wp-content\/uploads\/2023\/12\/Beauty-glow.md-Shot-Bleaching-Powder-Film-Deco-600x600.jpg 600w, https:\/\/beauty-glow.md\/wp-content\/uploads\/2023\/12\/Beauty-glow.md-Shot-Bleaching-Powder-Film-Deco-100x100.jpg 100w\" sizes=\"(max-width: 350px) 100vw, 350px\" \/><\/a><a href=\"https:\/\/beauty-glow.md\/ro\/tip-produs\/pudra-de-decolorare\/\">Pudr\u0103 de decolorare<\/a> <a href=\"https:\/\/www.cosmeticcenter.it\/\" target=\"_blank\" rel=\"noopener\">Shot<\/a>. Noua formul\u0103 unic\u0103 a pudrei de iluminare pentru balayage, datorit\u0103 efectului de film, permite amestecului aplicat s\u0103 r\u0103m\u00e2n\u0103 direct pe \u0219uvi\u021ba de p\u0103r \u00een sine, f\u0103r\u0103 a curge sau a se imprima la contactul cu alte \u0219uvi\u021be. Consisten\u021ba convenabil\u0103 a amestecului face posibil\u0103 decolorarea cu u\u0219urin\u021b\u0103 a p\u0103rului f\u0103r\u0103 a folosi folie, h\u00e2rtie termic\u0103 special\u0103, tampoane de celofan \u0219i alte dispozitive.<\/p>\n<p><strong>Volum:<\/strong> 500 gr<\/p>\n<p><strong>Mod de utilizare:<\/strong> se amestec\u0103 \u00eentr-un recipient nemetalic \u00eentr-un raport de 1:2 cu o emulsie de crem\u0103 oxidant\u0103 Shot. Timpul de expunere este de la 10 la 50 de minute. Control vizual.<\/p>\n<p>Aten\u0163ie! C\u00e2nd produsul intr\u0103 \u00een contact cu scalpul, utiliza\u021bi o crem\u0103 oxidant\u0103 &#8211; emulsie de cel mult 6%. C\u00e2nd lucra\u021bi \u00een tehnici \u00eenchise, nu utiliza\u021bi o emulsie oxidant\u0103 mai mare de 6%.<\/p>\n<p><span style=\"font-size: 100%;\"><strong>Aten\u021bie:<\/strong> numai pentru uz extern. \u00cen caz de contact cu ochii, cl\u0103ti\u021bi cu mult\u0103 ap\u0103. A nu se lasa la indemana copiilor.<\/span><\/p>","protected":false},"excerpt":{"rendered":"<p>Shot Ambition Tech Bleaching Powder Film Deco nu curge \u0219i nu se imprim\u0103 atunci c\u00e2nd intr\u0103 \u00een contact cu alte fire.<\/p>\n","protected":false},"featured_media":1623,"template":"","meta":[],"product_brand":[],"product_cat":[70,124,175],"product_tag":[],"class_list":{"0":"post-1621","1":"product","2":"type-product","3":"status-publish","4":"has-post-thumbnail","6":"product_cat-toate-tipurile","7":"product_cat-decolorarea-parului","8":"product_cat-produse-pentru-saloane","9":"pa_brand-shot","10":"pa_producator-italia","11":"pa_serie-ambition-tech","12":"pa_tip-produs-pudra-de-decolorare","13":"pa_volum-500-gr","15":"first","16":"instock","17":"shipping-taxable","18":"product-type-simple"},"_links":{"self":[{"href":"https:\/\/beauty-glow.md\/ro\/wp-json\/wp\/v2\/product\/1621","targetHints":{"allow":["GET"]}}],"collection":[{"href":"https:\/\/beauty-glow.md\/ro\/wp-json\/wp\/v2\/product"}],"about":[{"href":"https:\/\/beauty-glow.md\/ro\/wp-json\/wp\/v2\/types\/product"}],"wp:featuredmedia":[{"embeddable":true,"href":"https:\/\/beauty-glow.md\/ro\/wp-json\/wp\/v2\/media\/1623"}],"wp:attachment":[{"href":"https:\/\/beauty-glow.md\/ro\/wp-json\/wp\/v2\/media?parent=1621"}],"wp:term":[{"taxonomy":"product_brand","embeddable":true,"href":"https:\/\/beauty-glow.md\/ro\/wp-json\/wp\/v2\/product_brand?post=1621"},{"taxonomy":"product_cat","embeddable":true,"href":"https:\/\/beauty-glow.md\/ro\/wp-json\/wp\/v2\/product_cat?post=1621"},{"taxonomy":"product_tag","embeddable":true,"href":"https:\/\/beauty-glow.md\/ro\/wp-json\/wp\/v2\/product_tag?post=1621"}],"curies":[{"name":"wp","href":"https:\/\/api.w.org\/{rel}","templated":true}]}}