{"id":1625,"date":"2023-12-05T11:53:02","date_gmt":"2023-12-05T11:53:02","guid":{"rendered":"https:\/\/beauty-glow.md\/?post_type=product&#038;p=1625"},"modified":"2025-10-28T09:29:40","modified_gmt":"2025-10-28T09:29:40","slug":"fastlight-liquid-decolorant","status":"publish","type":"product","link":"https:\/\/beauty-glow.md\/ro\/shop\/fastlight-liquid-decolorant\/","title":{"rendered":"Decolorant lichid Shot Ambition Fast&#038;Light Liquid Decolorant 250ml"},"content":{"rendered":"<h2 style=\"text-align: center;\">Decolorant lichid Shot Ambition Tech Fast&amp;Light Liquid Decolorant<\/h2>\n<p><img decoding=\"async\" class=\"wp-image-1627 alignleft\" src=\"https:\/\/beauty-glow.md\/wp-content\/uploads\/2023\/12\/Beauty-glow.md-Shot-FastLight.jpg\" alt=\"Shot Ambition Tech Fast&amp;Light Liquid Decolorant\" width=\"473\" height=\"350\" title=\"\" srcset=\"https:\/\/beauty-glow.md\/wp-content\/uploads\/2023\/12\/Beauty-glow.md-Shot-FastLight.jpg 2048w, https:\/\/beauty-glow.md\/wp-content\/uploads\/2023\/12\/Beauty-glow.md-Shot-FastLight-540x400.jpg 540w, https:\/\/beauty-glow.md\/wp-content\/uploads\/2023\/12\/Beauty-glow.md-Shot-FastLight-1081x800.jpg 1081w, https:\/\/beauty-glow.md\/wp-content\/uploads\/2023\/12\/Beauty-glow.md-Shot-FastLight-768x569.jpg 768w, https:\/\/beauty-glow.md\/wp-content\/uploads\/2023\/12\/Beauty-glow.md-Shot-FastLight-1536x1137.jpg 1536w, https:\/\/beauty-glow.md\/wp-content\/uploads\/2023\/12\/Beauty-glow.md-Shot-FastLight-300x222.jpg 300w, https:\/\/beauty-glow.md\/wp-content\/uploads\/2023\/12\/Beauty-glow.md-Shot-FastLight-600x444.jpg 600w\" sizes=\"(max-width: 473px) 100vw, 473px\" \/><a href=\"https:\/\/beauty-glow.md\/vopsire-si-styling\/decolorarea-parului\/\">Decolorant<\/a> <a href=\"https:\/\/www.cosmeticcenter.it\/\" target=\"_blank\" rel=\"noopener\">Shot<\/a> de nou\u0103 genera\u021bie. Nu se spal\u0103. Se lumineaz\u0103 cu 3 tonuri folosind un ondulator sau placa de \u00eendreptat p\u0103rul. \u00cen 2 minute vei ob\u021bine \u0219uvi\u021be decolorate care pot fi l\u0103sate ca atare sau vopsite.<\/p>\n<p><strong>Volum:<\/strong> 250 ml<\/p>\n<p><span style=\"font-size: 100%;\"><strong>Aten\u021bie:<\/strong> numai pentru uz extern. \u00cen caz de contact cu ochii, cl\u0103ti\u021bi cu mult\u0103 ap\u0103. A nu se<\/span><\/p>","protected":false},"excerpt":{"rendered":"<p>Shot Ambition Tech Fast&amp;Light Liquid Decolorant &#8211; se lumineaz\u0103 cu 3 tonuri folosind un ondulator sau placa de \u00eendreptat p\u0103rul.<\/p>\n","protected":false},"featured_media":1626,"template":"","meta":[],"product_brand":[],"product_cat":[175,70,124],"product_tag":[],"class_list":{"0":"post-1625","1":"product","2":"type-product","3":"status-publish","4":"has-post-thumbnail","6":"product_cat-produse-pentru-saloane","7":"product_cat-toate-tipurile","8":"product_cat-decolorarea-parului","9":"pa_brand-shot","10":"pa_producator-italia","11":"pa_serie-ambition-tech","12":"pa_volum-150-ml","14":"first","15":"instock","16":"shipping-taxable","17":"product-type-simple"},"_links":{"self":[{"href":"https:\/\/beauty-glow.md\/ro\/wp-json\/wp\/v2\/product\/1625","targetHints":{"allow":["GET"]}}],"collection":[{"href":"https:\/\/beauty-glow.md\/ro\/wp-json\/wp\/v2\/product"}],"about":[{"href":"https:\/\/beauty-glow.md\/ro\/wp-json\/wp\/v2\/types\/product"}],"wp:featuredmedia":[{"embeddable":true,"href":"https:\/\/beauty-glow.md\/ro\/wp-json\/wp\/v2\/media\/1626"}],"wp:attachment":[{"href":"https:\/\/beauty-glow.md\/ro\/wp-json\/wp\/v2\/media?parent=1625"}],"wp:term":[{"taxonomy":"product_brand","embeddable":true,"href":"https:\/\/beauty-glow.md\/ro\/wp-json\/wp\/v2\/product_brand?post=1625"},{"taxonomy":"product_cat","embeddable":true,"href":"https:\/\/beauty-glow.md\/ro\/wp-json\/wp\/v2\/product_cat?post=1625"},{"taxonomy":"product_tag","embeddable":true,"href":"https:\/\/beauty-glow.md\/ro\/wp-json\/wp\/v2\/product_tag?post=1625"}],"curies":[{"name":"wp","href":"https:\/\/api.w.org\/{rel}","templated":true}]}}