{"id":1690,"date":"2023-11-26T08:27:16","date_gmt":"2023-11-26T08:27:16","guid":{"rendered":"https:\/\/beauty-glow.md\/?post_type=product&#038;p=1690"},"modified":"2025-10-27T20:52:13","modified_gmt":"2025-10-27T20:52:13","slug":"innatus-safe-mask-booster","status":"publish","type":"product","link":"https:\/\/beauty-glow.md\/ro\/shop\/innatus-safe-mask-booster\/","title":{"rendered":"Masc\u0103 concentrat\u0103 pentru p\u0103r vopsit Innatus Safe Mask Booster 250ml"},"content":{"rendered":"<h2 style=\"text-align: center;\">Masc\u0103 pentru p\u0103r vopsit <a href=\"https:\/\/www.facebook.com\/people\/innatus\/100090918232793\/\" target=\"_blank\" rel=\"noopener\">Innatus<\/a>\u00a0Safe Mask Booster<\/h2>\n<p><img decoding=\"async\" class=\"alignleft wp-image-1589 \" src=\"https:\/\/beauty-glow.md\/wp-content\/uploads\/2023\/12\/Innatus-photo.jpg\" alt=\"Innatus photo\" width=\"414\" height=\"350\" title=\"\" srcset=\"https:\/\/beauty-glow.md\/wp-content\/uploads\/2023\/12\/Innatus-photo.jpg 2048w, https:\/\/beauty-glow.md\/wp-content\/uploads\/2023\/12\/Innatus-photo-474x400.jpg 474w, https:\/\/beauty-glow.md\/wp-content\/uploads\/2023\/12\/Innatus-photo-947x800.jpg 947w, https:\/\/beauty-glow.md\/wp-content\/uploads\/2023\/12\/Innatus-photo-768x649.jpg 768w, https:\/\/beauty-glow.md\/wp-content\/uploads\/2023\/12\/Innatus-photo-1536x1298.jpg 1536w, https:\/\/beauty-glow.md\/wp-content\/uploads\/2023\/12\/Innatus-photo-300x253.jpg 300w, https:\/\/beauty-glow.md\/wp-content\/uploads\/2023\/12\/Innatus-photo-600x507.jpg 600w\" sizes=\"(max-width: 414px) 100vw, 414px\" \/><img decoding=\"async\" class=\"alignright wp-image-1598\" src=\"https:\/\/beauty-glow.md\/wp-content\/uploads\/2023\/12\/vegan-icon-400x400.webp\" alt=\"\" width=\"82\" height=\"82\" title=\"\" srcset=\"https:\/\/beauty-glow.md\/wp-content\/uploads\/2023\/12\/vegan-icon-400x400.webp 400w, https:\/\/beauty-glow.md\/wp-content\/uploads\/2023\/12\/vegan-icon-280x280.webp 280w, https:\/\/beauty-glow.md\/wp-content\/uploads\/2023\/12\/vegan-icon-300x300.webp 300w, https:\/\/beauty-glow.md\/wp-content\/uploads\/2023\/12\/vegan-icon-100x100.webp 100w, https:\/\/beauty-glow.md\/wp-content\/uploads\/2023\/12\/vegan-icon.webp 512w\" sizes=\"(max-width: 82px) 100vw, 82px\" \/><a href=\"https:\/\/beauty-glow.md\/tip-produs\/masca-par\/\">Masc\u0103<\/a> pentru p\u0103r vopsit cu pH 3,8. O infusie concentrat\u0103 de ingrediente active naturale selectate necesare pentru nutri\u021bia maxim\u0103 a p\u0103rului vopsit \u0219i decolorat, ad\u0103ug\u00e2nd str\u0103lucire, str\u0103lucire \u0219i protec\u021bie a culorii, sporind durabilitatea acestuia. Ingredientele active valoroase \u00een combina\u021bie cu m\u0103\u0219tile INnatUS au un efect specific important, sporind efectul acestora. Con\u021bine inulin\u0103 \u0219i agen\u021bi de chelare &#8211; protectori ai culorii \u0219i inhibitori de ioni metalici.<\/p>\n<p><strong>Volum:<\/strong> 250 ml<\/p>\n<p><strong>Mod de utilizare: <\/strong>Ac\u021biune profund\u0103 &#8211; aplica\u021bi infuzia pe toat\u0103 lungimea p\u0103rului. A\u0219tepta\u021bi 10 minute f\u0103r\u0103 cl\u0103tire. Aplica\u021bi orice alt\u0103 masc\u0103 INnatUS selectat\u0103 \u0219i sp\u0103la\u021bi dup\u0103 \u00eenc\u0103 5 minute.<br \/>\nPentru a spori efectul, amesteca\u021bi 3 g de infuzie cu 12 g de masc\u0103 INnatUS selectat\u0103, aplica\u021bi pe toat\u0103 lungimea p\u0103rului. A\u0219tepta\u021bi 3-5 minute, cl\u0103ti\u021bi.<\/p>\n<p><strong>Aten\u021bie:<\/strong> numai pentru uz extern. \u00cen caz de contact cu ochii, cl\u0103ti\u021bi cu mult\u0103 ap\u0103. A nu se lasa la indemana copiilor.","protected":false},"excerpt":{"rendered":"<p>Innatus Safe Mask Booster &#8211; infuzie concentrat\u0103 din ingrediente active naturale selectate<\/p>\n","protected":false},"featured_media":1691,"template":"","meta":[],"product_brand":[],"product_cat":[31,70,86,66,36],"product_tag":[],"class_list":{"0":"post-1690","1":"product","2":"type-product","3":"status-publish","4":"has-post-thumbnail","6":"product_cat-ingrijirea","7":"product_cat-toate-tipurile","8":"product_cat-parul-vopsit","9":"product_cat-protectia-culorii","10":"product_cat-masca","11":"pa_brand-innatus","12":"pa_producator-italia","13":"pa_serie-vegetal-booster","14":"pa_tip-produs-masca-par","15":"pa_volum-250-ml","17":"first","18":"instock","19":"shipping-taxable","20":"product-type-simple"},"_links":{"self":[{"href":"https:\/\/beauty-glow.md\/ro\/wp-json\/wp\/v2\/product\/1690","targetHints":{"allow":["GET"]}}],"collection":[{"href":"https:\/\/beauty-glow.md\/ro\/wp-json\/wp\/v2\/product"}],"about":[{"href":"https:\/\/beauty-glow.md\/ro\/wp-json\/wp\/v2\/types\/product"}],"wp:featuredmedia":[{"embeddable":true,"href":"https:\/\/beauty-glow.md\/ro\/wp-json\/wp\/v2\/media\/1691"}],"wp:attachment":[{"href":"https:\/\/beauty-glow.md\/ro\/wp-json\/wp\/v2\/media?parent=1690"}],"wp:term":[{"taxonomy":"product_brand","embeddable":true,"href":"https:\/\/beauty-glow.md\/ro\/wp-json\/wp\/v2\/product_brand?post=1690"},{"taxonomy":"product_cat","embeddable":true,"href":"https:\/\/beauty-glow.md\/ro\/wp-json\/wp\/v2\/product_cat?post=1690"},{"taxonomy":"product_tag","embeddable":true,"href":"https:\/\/beauty-glow.md\/ro\/wp-json\/wp\/v2\/product_tag?post=1690"}],"curies":[{"name":"wp","href":"https:\/\/api.w.org\/{rel}","templated":true}]}}