{"id":1707,"date":"2023-11-26T10:32:14","date_gmt":"2023-11-26T10:32:14","guid":{"rendered":"https:\/\/beauty-glow.md\/?post_type=product&#038;p=1707"},"modified":"2025-10-27T20:46:05","modified_gmt":"2025-10-27T20:46:05","slug":"innatus-integrity-wach-3in1","status":"publish","type":"product","link":"https:\/\/beauty-glow.md\/ro\/shop\/innatus-integrity-wach-3in1\/","title":{"rendered":"Scrub, \u0219ampon \u0219i balsam 3\u00een1 Innatus Integrity Wach 3in1 150ml"},"content":{"rendered":"<h2 style=\"text-align: center;\">Scrub, \u0219ampon \u0219i balsam 3\u00een1 <a href=\"https:\/\/www.facebook.com\/people\/innatus\/100090918232793\/\" target=\"_blank\" rel=\"noopener\">Innatus<\/a> Integrity Wach 3in1<\/h2>\n<p><img decoding=\"async\" class=\"alignleft wp-image-1683\" src=\"https:\/\/beauty-glow.md\/wp-content\/uploads\/2023\/12\/Beauty-glow.md-Innatus-Detoxifying-Serie.png\" alt=\"Beauty-glow.md Innatus Detoxifying Serie\" width=\"350\" height=\"350\" title=\"\" srcset=\"https:\/\/beauty-glow.md\/wp-content\/uploads\/2023\/12\/Beauty-glow.md-Innatus-Detoxifying-Serie.png 1920w, https:\/\/beauty-glow.md\/wp-content\/uploads\/2023\/12\/Beauty-glow.md-Innatus-Detoxifying-Serie-400x400.png 400w, https:\/\/beauty-glow.md\/wp-content\/uploads\/2023\/12\/Beauty-glow.md-Innatus-Detoxifying-Serie-800x800.png 800w, https:\/\/beauty-glow.md\/wp-content\/uploads\/2023\/12\/Beauty-glow.md-Innatus-Detoxifying-Serie-280x280.png 280w, https:\/\/beauty-glow.md\/wp-content\/uploads\/2023\/12\/Beauty-glow.md-Innatus-Detoxifying-Serie-768x768.png 768w, https:\/\/beauty-glow.md\/wp-content\/uploads\/2023\/12\/Beauty-glow.md-Innatus-Detoxifying-Serie-1536x1536.png 1536w, https:\/\/beauty-glow.md\/wp-content\/uploads\/2023\/12\/Beauty-glow.md-Innatus-Detoxifying-Serie-300x300.png 300w, https:\/\/beauty-glow.md\/wp-content\/uploads\/2023\/12\/Beauty-glow.md-Innatus-Detoxifying-Serie-600x600.png 600w, https:\/\/beauty-glow.md\/wp-content\/uploads\/2023\/12\/Beauty-glow.md-Innatus-Detoxifying-Serie-100x100.png 100w\" sizes=\"(max-width: 350px) 100vw, 350px\" \/>Scrub cu microparticule, <a href=\"https:\/\/beauty-glow.md\/ro\/tip-produs\/sampon\/\">\u0219ampon<\/a> \u0219i balsam \u00eentr-un singur produs. Ideal pentru exfolierea, cur\u0103\u021barea, dezinfectarea, netezirea \u0219i catifelarea pielii \u0219i p\u0103rului. Elibereaz\u0103 nutrien\u021bi valoro\u0219i regeneran\u021bi, f\u0103c\u00e2ndu-l ideal pentru sp\u0103larea frecvent\u0103 chiar \u0219i a p\u0103rului des \u0219i complex. Cu ulei esen\u021bial de neem \u0219i extract de caise.<\/p>\n<p><strong>Volum:<\/strong> 150 ml<\/p>\n<p><strong>Mod de utilizare:<\/strong> Aplica\u021bi pe pielea \u0219i p\u0103rul umed, masa\u021bi \u0219i cl\u0103ti\u021bi. \u00cencepe\u021bi s\u0103 usca\u021bi.<\/p>\n<p><strong>Aten\u021bie:<\/strong> numai pentru uz extern. \u00cen caz de contact cu ochii, cl\u0103ti\u021bi cu mult\u0103 ap\u0103. A nu se lasa la indemana copiilor.","protected":false},"excerpt":{"rendered":"<p>Innatus Integrity Wach 3in1 &#8211; scrub cu microparticule, \u0219ampon \u0219i balsam \u00eentr-un singur produs.<\/p>\n","protected":false},"featured_media":1708,"template":"","meta":[],"product_brand":[],"product_cat":[70,228,31,35],"product_tag":[],"class_list":{"0":"post-1707","1":"product","2":"type-product","3":"status-publish","4":"has-post-thumbnail","6":"product_cat-toate-tipurile","7":"product_cat-balsam","8":"product_cat-ingrijirea","9":"product_cat-sampon","10":"pa_brand-innatus","11":"pa_producator-italia","12":"pa_serie-detoxifying","13":"pa_tip-produs-balsam-pentru-par","14":"pa_tip-produs-scrub","15":"pa_tip-produs-sampon","16":"pa_volum-150-ml","18":"first","19":"instock","20":"shipping-taxable","21":"product-type-simple"},"_links":{"self":[{"href":"https:\/\/beauty-glow.md\/ro\/wp-json\/wp\/v2\/product\/1707","targetHints":{"allow":["GET"]}}],"collection":[{"href":"https:\/\/beauty-glow.md\/ro\/wp-json\/wp\/v2\/product"}],"about":[{"href":"https:\/\/beauty-glow.md\/ro\/wp-json\/wp\/v2\/types\/product"}],"wp:featuredmedia":[{"embeddable":true,"href":"https:\/\/beauty-glow.md\/ro\/wp-json\/wp\/v2\/media\/1708"}],"wp:attachment":[{"href":"https:\/\/beauty-glow.md\/ro\/wp-json\/wp\/v2\/media?parent=1707"}],"wp:term":[{"taxonomy":"product_brand","embeddable":true,"href":"https:\/\/beauty-glow.md\/ro\/wp-json\/wp\/v2\/product_brand?post=1707"},{"taxonomy":"product_cat","embeddable":true,"href":"https:\/\/beauty-glow.md\/ro\/wp-json\/wp\/v2\/product_cat?post=1707"},{"taxonomy":"product_tag","embeddable":true,"href":"https:\/\/beauty-glow.md\/ro\/wp-json\/wp\/v2\/product_tag?post=1707"}],"curies":[{"name":"wp","href":"https:\/\/api.w.org\/{rel}","templated":true}]}}