{"id":1721,"date":"2023-11-26T12:22:06","date_gmt":"2023-11-26T12:22:06","guid":{"rendered":"https:\/\/beauty-glow.md\/?post_type=product&#038;p=1721"},"modified":"2025-10-27T20:46:54","modified_gmt":"2025-10-27T20:46:54","slug":"innatus-energizing-renew-shampoo","status":"publish","type":"product","link":"https:\/\/beauty-glow.md\/ro\/shop\/innatus-energizing-renew-shampoo\/","title":{"rendered":"\u0218ampon pentru tonifierea p\u0103rului Innatus Energizing Renew Shampoo 250ml"},"content":{"rendered":"<h2 style=\"text-align: center;\">\u0218ampon pentru tonifierea p\u0103rului <a href=\"https:\/\/www.facebook.com\/people\/innatus\/100090918232793\/\" target=\"_blank\" rel=\"noopener\">Innatus<\/a> Energizing Renew Shampoo<\/h2>\n<p><img decoding=\"async\" class=\"alignleft wp-image-1589 \" src=\"https:\/\/beauty-glow.md\/wp-content\/uploads\/2023\/12\/Innatus-photo.jpg\" alt=\"Innatus photo\" width=\"414\" height=\"350\" title=\"\" srcset=\"https:\/\/beauty-glow.md\/wp-content\/uploads\/2023\/12\/Innatus-photo.jpg 2048w, https:\/\/beauty-glow.md\/wp-content\/uploads\/2023\/12\/Innatus-photo-474x400.jpg 474w, https:\/\/beauty-glow.md\/wp-content\/uploads\/2023\/12\/Innatus-photo-947x800.jpg 947w, https:\/\/beauty-glow.md\/wp-content\/uploads\/2023\/12\/Innatus-photo-768x649.jpg 768w, https:\/\/beauty-glow.md\/wp-content\/uploads\/2023\/12\/Innatus-photo-1536x1298.jpg 1536w, https:\/\/beauty-glow.md\/wp-content\/uploads\/2023\/12\/Innatus-photo-300x253.jpg 300w, https:\/\/beauty-glow.md\/wp-content\/uploads\/2023\/12\/Innatus-photo-600x507.jpg 600w\" sizes=\"(max-width: 414px) 100vw, 414px\" \/><\/p>\n<p><img decoding=\"async\" class=\"alignright wp-image-1598\" src=\"https:\/\/beauty-glow.md\/wp-content\/uploads\/2023\/12\/vegan-icon-400x400.webp\" alt=\"\" width=\"82\" height=\"82\" title=\"\" srcset=\"https:\/\/beauty-glow.md\/wp-content\/uploads\/2023\/12\/vegan-icon-400x400.webp 400w, https:\/\/beauty-glow.md\/wp-content\/uploads\/2023\/12\/vegan-icon-280x280.webp 280w, https:\/\/beauty-glow.md\/wp-content\/uploads\/2023\/12\/vegan-icon-300x300.webp 300w, https:\/\/beauty-glow.md\/wp-content\/uploads\/2023\/12\/vegan-icon-100x100.webp 100w, https:\/\/beauty-glow.md\/wp-content\/uploads\/2023\/12\/vegan-icon.webp 512w\" sizes=\"(max-width: 82px) 100vw, 82px\" \/><a href=\"https:\/\/beauty-glow.md\/tip-produs\/sampon\/\">\u0218ampon<\/a> cu PH 4.5 bazat pe ingrediente naturale extrem de eficiente pentru dezinfec\u021bia, stimularea \u0219i tonifierea pielii \u0219i p\u0103rului. Ingredientele sale active valoroase asigur\u0103 o cur\u0103\u021bare optim\u0103 f\u0103r\u0103 a irita sau sensibiliza chiar \u0219i cea mai sensibil\u0103 piele. Promoveaz\u0103 starea natural\u0103 a pielii, men\u021bin\u00e2nd \u00een acela\u0219i timp p\u0103rul puternic \u0219i s\u0103n\u0103tos.<\/p>\n<p><strong>Volum:<\/strong> 250 ml<\/p>\n<p><strong>Mod de utilizare:\u00a0<\/strong>Aplica\u021bi pe pielea \u0219i p\u0103rul umed, masa\u021bi u\u0219or. A\u0219tepta\u021bi 2 minute \u0219i cl\u0103ti\u021bi. De asemenea, ideal pentru utilizare frecvent\u0103.<\/p>\n<p><strong>Aten\u021bie:<\/strong> numai pentru uz extern. \u00cen caz de contact cu ochii, cl\u0103ti\u021bi cu mult\u0103 ap\u0103. A nu se lasa la indemana copiilor.","protected":false},"excerpt":{"rendered":"<p>Innatus Energizing Renew Shampoo &#8211; pentru dezinfec\u021bia, stimularea \u0219i tonifierea pielii \u0219i p\u0103rului.<\/p>\n","protected":false},"featured_media":1722,"template":"","meta":[],"product_brand":[],"product_cat":[31,54,70,43,35],"product_tag":[],"class_list":{"0":"post-1721","1":"product","2":"type-product","3":"status-publish","4":"has-post-thumbnail","6":"product_cat-ingrijirea","7":"product_cat-restaurarea","8":"product_cat-toate-tipurile","9":"product_cat-impotriva-caderii","10":"product_cat-sampon","11":"pa_brand-innatus","12":"pa_producator-italia","13":"pa_serie-energizing","14":"pa_tip-produs-sampon","15":"pa_volum-250-ml","17":"first","18":"instock","19":"shipping-taxable","20":"product-type-simple"},"_links":{"self":[{"href":"https:\/\/beauty-glow.md\/ro\/wp-json\/wp\/v2\/product\/1721","targetHints":{"allow":["GET"]}}],"collection":[{"href":"https:\/\/beauty-glow.md\/ro\/wp-json\/wp\/v2\/product"}],"about":[{"href":"https:\/\/beauty-glow.md\/ro\/wp-json\/wp\/v2\/types\/product"}],"wp:featuredmedia":[{"embeddable":true,"href":"https:\/\/beauty-glow.md\/ro\/wp-json\/wp\/v2\/media\/1722"}],"wp:attachment":[{"href":"https:\/\/beauty-glow.md\/ro\/wp-json\/wp\/v2\/media?parent=1721"}],"wp:term":[{"taxonomy":"product_brand","embeddable":true,"href":"https:\/\/beauty-glow.md\/ro\/wp-json\/wp\/v2\/product_brand?post=1721"},{"taxonomy":"product_cat","embeddable":true,"href":"https:\/\/beauty-glow.md\/ro\/wp-json\/wp\/v2\/product_cat?post=1721"},{"taxonomy":"product_tag","embeddable":true,"href":"https:\/\/beauty-glow.md\/ro\/wp-json\/wp\/v2\/product_tag?post=1721"}],"curies":[{"name":"wp","href":"https:\/\/api.w.org\/{rel}","templated":true}]}}