{"id":1726,"date":"2023-11-26T12:38:54","date_gmt":"2023-11-26T12:38:54","guid":{"rendered":"https:\/\/beauty-glow.md\/?post_type=product&#038;p=1726"},"modified":"2025-10-27T20:47:33","modified_gmt":"2025-10-27T20:47:33","slug":"innatus-energizing-renew-lotion-fiole","status":"publish","type":"product","link":"https:\/\/beauty-glow.md\/ro\/shop\/innatus-energizing-renew-lotion-fiole\/","title":{"rendered":"Lo\u021biune pentru stimularea cre\u0219terii p\u0103rului Innatus Energizing Renew Lotion Fiole 6x10ml"},"content":{"rendered":"<h2 style=\"text-align: center;\">Lo\u021biune pentru stimularea cre\u0219terii p\u0103rului <a href=\"https:\/\/www.facebook.com\/people\/innatus\/100090918232793\/\" target=\"_blank\" rel=\"noopener\">Innatus<\/a> Energizing Renew Lotion Fiole<\/h2>\n<p><img decoding=\"async\" class=\"wp-image-1727 alignleft\" src=\"https:\/\/beauty-glow.md\/wp-content\/uploads\/2023\/12\/Beauty-glow.md-Innatus-Energizing-Lotion-Fiole.jpg\" alt=\"Innatus Lotion Fiole\" width=\"350\" height=\"350\" title=\"\" srcset=\"https:\/\/beauty-glow.md\/wp-content\/uploads\/2023\/12\/Beauty-glow.md-Innatus-Energizing-Lotion-Fiole.jpg 1440w, https:\/\/beauty-glow.md\/wp-content\/uploads\/2023\/12\/Beauty-glow.md-Innatus-Energizing-Lotion-Fiole-400x400.jpg 400w, https:\/\/beauty-glow.md\/wp-content\/uploads\/2023\/12\/Beauty-glow.md-Innatus-Energizing-Lotion-Fiole-800x800.jpg 800w, https:\/\/beauty-glow.md\/wp-content\/uploads\/2023\/12\/Beauty-glow.md-Innatus-Energizing-Lotion-Fiole-280x280.jpg 280w, https:\/\/beauty-glow.md\/wp-content\/uploads\/2023\/12\/Beauty-glow.md-Innatus-Energizing-Lotion-Fiole-768x768.jpg 768w, https:\/\/beauty-glow.md\/wp-content\/uploads\/2023\/12\/Beauty-glow.md-Innatus-Energizing-Lotion-Fiole-300x300.jpg 300w, https:\/\/beauty-glow.md\/wp-content\/uploads\/2023\/12\/Beauty-glow.md-Innatus-Energizing-Lotion-Fiole-600x600.jpg 600w, https:\/\/beauty-glow.md\/wp-content\/uploads\/2023\/12\/Beauty-glow.md-Innatus-Energizing-Lotion-Fiole-100x100.jpg 100w\" sizes=\"(max-width: 350px) 100vw, 350px\" \/><\/p>\n<p><img decoding=\"async\" class=\"alignright wp-image-1598\" src=\"https:\/\/beauty-glow.md\/wp-content\/uploads\/2023\/12\/vegan-icon-400x400.webp\" alt=\"\" width=\"82\" height=\"82\" title=\"\" srcset=\"https:\/\/beauty-glow.md\/wp-content\/uploads\/2023\/12\/vegan-icon-400x400.webp 400w, https:\/\/beauty-glow.md\/wp-content\/uploads\/2023\/12\/vegan-icon-280x280.webp 280w, https:\/\/beauty-glow.md\/wp-content\/uploads\/2023\/12\/vegan-icon-300x300.webp 300w, https:\/\/beauty-glow.md\/wp-content\/uploads\/2023\/12\/vegan-icon-100x100.webp 100w, https:\/\/beauty-glow.md\/wp-content\/uploads\/2023\/12\/vegan-icon.webp 512w\" sizes=\"(max-width: 82px) 100vw, 82px\" \/>O <a href=\"https:\/\/beauty-glow.md\/tip-produs\/lotiune\/\">lo\u021biune<\/a> special\u0103 cu uleiuri esen\u021biale \u0219i f\u0103r\u0103 alcool, ideal\u0103 pentru stimularea ciclului normal de regenerare a p\u0103rului, promov\u00e2nd o regenerare mai s\u0103n\u0103toas\u0103 \u0219i mai rapid\u0103. Ajut\u0103 la hr\u0103nirea foliculului de p\u0103r, tonifierea \u0219i \u00eent\u0103rirea p\u0103rului existent. Utilizarea uleiurilor esen\u021biale \u0219i a lo\u021biunilor nutritive accelereaz\u0103 faza anagen\u0103 a p\u0103rului, oferind o \u00eembun\u0103t\u0103\u021bire general\u0103. Energizeaz\u0103 pielea \u0219i stimuleaz\u0103 foliculul de p\u0103r, oferind pielii o senza\u021bie natural\u0103 \u0219i pl\u0103cut\u0103 de prospe\u021bime datorit\u0103 ac\u021biunii uleiurilor esen\u021biale.<\/p>\n<p><strong>Volum:<\/strong> 6buc x 10ml<\/p>\n<p><strong>Mod de utilizare: <\/strong>Aplica\u021bi pe piele. Efectua\u021bi un masaj circular timp de cel pu\u021bin 2 minute. F\u0103r\u0103 cl\u0103tire, \u00eencepe\u021bi coafarea.<\/p>\n<p><strong>Aten\u021bie:<\/strong> numai pentru uz extern. \u00cen caz de contact cu ochii, cl\u0103ti\u021bi cu mult\u0103 ap\u0103. A nu se lasa la indemana copiilor.","protected":false},"excerpt":{"rendered":"<p>Innatus Energizing Renew Lotion Fiole &#8211; pentru stimularea ciclului normal de regenerare a p\u0103rului, promov\u00e2nd o regenerare mai s\u0103n\u0103toas\u0103 \u0219i mai rapid\u0103.<\/p>\n","protected":false},"featured_media":1728,"template":"","meta":[],"product_brand":[],"product_cat":[31,54,70,230,43],"product_tag":[],"class_list":{"0":"post-1726","1":"product","2":"type-product","3":"status-publish","4":"has-post-thumbnail","6":"product_cat-ingrijirea","7":"product_cat-restaurarea","8":"product_cat-toate-tipurile","9":"product_cat-lotiune","10":"product_cat-impotriva-caderii","11":"pa_brand-innatus","12":"pa_producator-italia","13":"pa_serie-energizing","14":"pa_tip-produs-lotiune","15":"pa_volum-6x10ml","17":"first","18":"instock","19":"shipping-taxable","20":"product-type-simple"},"_links":{"self":[{"href":"https:\/\/beauty-glow.md\/ro\/wp-json\/wp\/v2\/product\/1726","targetHints":{"allow":["GET"]}}],"collection":[{"href":"https:\/\/beauty-glow.md\/ro\/wp-json\/wp\/v2\/product"}],"about":[{"href":"https:\/\/beauty-glow.md\/ro\/wp-json\/wp\/v2\/types\/product"}],"wp:featuredmedia":[{"embeddable":true,"href":"https:\/\/beauty-glow.md\/ro\/wp-json\/wp\/v2\/media\/1728"}],"wp:attachment":[{"href":"https:\/\/beauty-glow.md\/ro\/wp-json\/wp\/v2\/media?parent=1726"}],"wp:term":[{"taxonomy":"product_brand","embeddable":true,"href":"https:\/\/beauty-glow.md\/ro\/wp-json\/wp\/v2\/product_brand?post=1726"},{"taxonomy":"product_cat","embeddable":true,"href":"https:\/\/beauty-glow.md\/ro\/wp-json\/wp\/v2\/product_cat?post=1726"},{"taxonomy":"product_tag","embeddable":true,"href":"https:\/\/beauty-glow.md\/ro\/wp-json\/wp\/v2\/product_tag?post=1726"}],"curies":[{"name":"wp","href":"https:\/\/api.w.org\/{rel}","templated":true}]}}