{"id":1729,"date":"2023-11-26T12:42:35","date_gmt":"2023-11-26T12:42:35","guid":{"rendered":"https:\/\/beauty-glow.md\/?post_type=product&#038;p=1729"},"modified":"2025-10-27T20:49:43","modified_gmt":"2025-10-27T20:49:43","slug":"innatus-energizing-renew-essential-oil","status":"publish","type":"product","link":"https:\/\/beauty-glow.md\/ro\/shop\/innatus-energizing-renew-essential-oil\/","title":{"rendered":"Ulei pentru stimularea cre\u0219terii p\u0103rului Innatus Energizing Renew Essential Oil 50ml"},"content":{"rendered":"<h2 style=\"text-align: center;\">Ulei pentru stimularea cre\u0219terii p\u0103rului <a href=\"https:\/\/www.facebook.com\/people\/innatus\/100090918232793\/\" target=\"_blank\" rel=\"noopener\">Innatus<\/a> Energizing Renew Essential Oil<\/h2>\n<p><img decoding=\"async\" class=\"wp-image-1730 alignleft\" src=\"https:\/\/beauty-glow.md\/wp-content\/uploads\/2023\/12\/Beauty-glow.md-Innatus-Energizing-Oil.jpg\" alt=\"Innatus Energizing Renew Essential Oil\" width=\"280\" height=\"350\" title=\"\" srcset=\"https:\/\/beauty-glow.md\/wp-content\/uploads\/2023\/12\/Beauty-glow.md-Innatus-Energizing-Oil.jpg 1440w, https:\/\/beauty-glow.md\/wp-content\/uploads\/2023\/12\/Beauty-glow.md-Innatus-Energizing-Oil-320x400.jpg 320w, https:\/\/beauty-glow.md\/wp-content\/uploads\/2023\/12\/Beauty-glow.md-Innatus-Energizing-Oil-640x800.jpg 640w, https:\/\/beauty-glow.md\/wp-content\/uploads\/2023\/12\/Beauty-glow.md-Innatus-Energizing-Oil-768x960.jpg 768w, https:\/\/beauty-glow.md\/wp-content\/uploads\/2023\/12\/Beauty-glow.md-Innatus-Energizing-Oil-1229x1536.jpg 1229w, https:\/\/beauty-glow.md\/wp-content\/uploads\/2023\/12\/Beauty-glow.md-Innatus-Energizing-Oil-300x375.jpg 300w, https:\/\/beauty-glow.md\/wp-content\/uploads\/2023\/12\/Beauty-glow.md-Innatus-Energizing-Oil-600x750.jpg 600w\" sizes=\"(max-width: 280px) 100vw, 280px\" \/><\/p>\n<p><img decoding=\"async\" class=\"alignright wp-image-1598\" src=\"https:\/\/beauty-glow.md\/wp-content\/uploads\/2023\/12\/vegan-icon-400x400.webp\" alt=\"\" width=\"82\" height=\"82\" title=\"\" srcset=\"https:\/\/beauty-glow.md\/wp-content\/uploads\/2023\/12\/vegan-icon-400x400.webp 400w, https:\/\/beauty-glow.md\/wp-content\/uploads\/2023\/12\/vegan-icon-280x280.webp 280w, https:\/\/beauty-glow.md\/wp-content\/uploads\/2023\/12\/vegan-icon-300x300.webp 300w, https:\/\/beauty-glow.md\/wp-content\/uploads\/2023\/12\/vegan-icon-100x100.webp 100w, https:\/\/beauty-glow.md\/wp-content\/uploads\/2023\/12\/vegan-icon.webp 512w\" sizes=\"(max-width: 82px) 100vw, 82px\" \/>Sinergia <a href=\"https:\/\/beauty-glow.md\/tip-produs\/ulei-de-par\/\">uleiurilor<\/a> esen\u021biale speciale ca tratament de \u0219oc pentru a stimula cre\u0219terea natural\u0103 a p\u0103rului. Lotiunea concentrat\u0103 de uleiuri esen\u021biale care actioneaz\u0103 direct asupra papilelor germinale, oferind o fixare maxim\u0103 \u0219i eficacitate pentru cre\u0219terea p\u0103rului s\u0103n\u0103tos \u0219i voluminos. Tratament de sp\u0103lare.<\/p>\n<p><strong>Volum:<\/strong> 50 ml<\/p>\n<p><strong>Mod de utilizare: <\/strong>Aplica\u021bi pe piele. Pune\u021bi c\u0103ciuli\u021b\u0103 \u0219i a\u0219tepta\u021bi 10 minute. \u00cencepe\u021bi s\u0103 utiliza\u021bi un \u0219ampon \u0219i o masc\u0103 speciale.<\/p>\n<p><strong>Aten\u021bie:<\/strong> numai pentru uz extern. \u00cen caz de contact cu ochii, cl\u0103ti\u021bi cu mult\u0103 ap\u0103. A nu se lasa la indemana copiilor.","protected":false},"excerpt":{"rendered":"<p>Innatus Energizing Renew Essential Oil &#8211; pentru stimularea ciclului normal de regenerare a p\u0103rului, promov\u00e2nd o regenerare mai s\u0103n\u0103toas\u0103 \u0219i mai rapid\u0103.<\/p>\n","protected":false},"featured_media":1731,"template":"","meta":[],"product_brand":[],"product_cat":[31,54,70,37,43],"product_tag":[],"class_list":{"0":"post-1729","1":"product","2":"type-product","3":"status-publish","4":"has-post-thumbnail","6":"product_cat-ingrijirea","7":"product_cat-restaurarea","8":"product_cat-toate-tipurile","9":"product_cat-ulei","10":"product_cat-impotriva-caderii","11":"pa_brand-innatus","12":"pa_producator-italia","13":"pa_serie-energizing","14":"pa_tip-produs-ulei-de-par","15":"pa_volum-50-ml","17":"first","18":"instock","19":"shipping-taxable","20":"product-type-simple"},"_links":{"self":[{"href":"https:\/\/beauty-glow.md\/ro\/wp-json\/wp\/v2\/product\/1729","targetHints":{"allow":["GET"]}}],"collection":[{"href":"https:\/\/beauty-glow.md\/ro\/wp-json\/wp\/v2\/product"}],"about":[{"href":"https:\/\/beauty-glow.md\/ro\/wp-json\/wp\/v2\/types\/product"}],"wp:featuredmedia":[{"embeddable":true,"href":"https:\/\/beauty-glow.md\/ro\/wp-json\/wp\/v2\/media\/1731"}],"wp:attachment":[{"href":"https:\/\/beauty-glow.md\/ro\/wp-json\/wp\/v2\/media?parent=1729"}],"wp:term":[{"taxonomy":"product_brand","embeddable":true,"href":"https:\/\/beauty-glow.md\/ro\/wp-json\/wp\/v2\/product_brand?post=1729"},{"taxonomy":"product_cat","embeddable":true,"href":"https:\/\/beauty-glow.md\/ro\/wp-json\/wp\/v2\/product_cat?post=1729"},{"taxonomy":"product_tag","embeddable":true,"href":"https:\/\/beauty-glow.md\/ro\/wp-json\/wp\/v2\/product_tag?post=1729"}],"curies":[{"name":"wp","href":"https:\/\/api.w.org\/{rel}","templated":true}]}}